{"id":16710,"date":"2022-09-27T10:39:57","date_gmt":"2022-09-27T15:39:57","guid":{"rendered":"https:\/\/rafaelmantillaserrano.com\/?page_id=16710"},"modified":"2022-09-28T18:16:14","modified_gmt":"2022-09-28T23:16:14","slug":"autorizador-de-cotizaciones","status":"publish","type":"page","link":"https:\/\/rafaelmantillaserrano.com\/es\/autorizador-de-cotizaciones\/","title":{"rendered":"Autorizador de Cotizaciones"},"content":{"rendered":"\t\t<div data-elementor-type=\"wp-page\" data-elementor-id=\"16710\" class=\"elementor elementor-16710\">\n\t\t\t\t\t\t\t\t\t<section class=\"elementor-section elementor-top-section elementor-element elementor-element-8981824 elementor-section-boxed elementor-section-height-default elementor-section-height-default mkdf-parallax-row-no mkdf-content-aligment-left mkdf-elementor-row-grid-no mkdf-disabled-bg-image-bellow-no\" data-id=\"8981824\" data-element_type=\"section\">\n\t\t\t\t\t\t<div class=\"elementor-container elementor-column-gap-default\">\n\t\t\t\t\t<div class=\"elementor-column elementor-col-50 elementor-top-column elementor-element elementor-element-7cad83e\" data-id=\"7cad83e\" data-element_type=\"column\">\n\t\t\t<div class=\"elementor-widget-wrap elementor-element-populated\">\n\t\t\t\t\t\t\t\t<div class=\"elementor-element elementor-element-685d00f elementor-widget elementor-widget-shortcode\" data-id=\"685d00f\" data-element_type=\"widget\" data-widget_type=\"shortcode.default\">\n\t\t\t\t<div class=\"elementor-widget-container\">\n\t\t\t\t\t<div class=\"elementor-shortcode\"><noscript class=\"ninja-forms-noscript-message\">\n\tNotice: JavaScript is required for this content.<\/noscript>\n<div id=\"nf-form-3-cont\" class=\"nf-form-cont\" aria-live=\"polite\" aria-labelledby=\"nf-form-title-3\" aria-describedby=\"nf-form-errors-3\" role=\"form\">\n\n    <div class=\"nf-loading-spinner\"><\/div>\n\n<\/div>\n        <!-- That data is being printed as a workaround to page builders reordering the order of the scripts loaded-->\n        <script>var formDisplay=1;var nfForms=nfForms||[];var form=[];form.id='3';form.settings={\"objectType\":\"Form Setting\",\"editActive\":true,\"title\":\"Autorizador de cotizaciones - Convenios\",\"created_at\":\"2022-09-27 21:12:00\",\"default_label_pos\":\"above\",\"show_title\":\"0\",\"clear_complete\":\"1\",\"hide_complete\":0,\"logged_in\":\"\",\"drawerDisabled\":false,\"fieldsMarkedRequired\":\"Fields marked with an <span class=\\\"ninja-forms-req-symbol\\\">*<\\\/span> are required\",\"validateRequiredField\":\"This is a required field.\",\"honeypotHoneypotError\":\"Honeypot Error\",\"formErrorsCorrectErrors\":\"Please correct errors before submitting this form.\",\"fieldNumberIncrementBy\":\"Please increment by \",\"fieldNumberNumMaxError\":\"Number Max Error\",\"fieldNumberNumMinError\":\"Number Min Error\",\"confirmFieldErrorMsg\":\"These fields must match!\",\"changeDateErrorMsg\":\"Please enter a valid date!\",\"changeEmailErrorMsg\":\"Please enter a valid email address!\",\"calculations\":[],\"formContentData\":[\"nombre_de_empresa_1664038227237\",\"nit_de_la_empresa_1664038334619\",\"hr_1664406904380\",\"nombre_de_beneficiario_de_autorizacion_1664331252623\",\"identificacion_de_beneficiario_1664331332725\",\"numero_de_celular_del_beneficiario_1664463374963\",\"numero_de_cotizacion_a_autorizar_1664331404296\",\"numero_de_transaccion_exitosa_pago_express_1664335623651\",\"enviar_autorizacion_1664332438487\"],\"not_logged_in_msg\":\"\",\"sub_limit_msg\":\"Has alcanzado el l\\u00edmite de env\\u00edos en el formulario.\",\"unique_field_error\":\"Ya se ha enviado un formulario con este valor.\",\"currency\":\"\",\"key\":\"\",\"add_submit\":\"1\",\"wrapper_class\":\"\",\"element_class\":\"\",\"allow_public_link\":0,\"public_link\":\"https:\\\/\\\/rafaelmantillaserrano.com\\\/ninja-forms\\\/3fnh4\",\"embed_form\":\"\",\"public_link_key\":\"3fnh4\",\"ninjaForms\":\"Ninja Forms\",\"fieldTextareaRTEInsertLink\":\"Insert Link\",\"fieldTextareaRTEInsertMedia\":\"Insert Media\",\"fieldTextareaRTESelectAFile\":\"Select a file\",\"formHoneypot\":\"If you are a human seeing this field, please leave it empty.\",\"fileUploadOldCodeFileUploadInProgress\":\"File Upload in Progress.\",\"fileUploadOldCodeFileUpload\":\"FILE UPLOAD\",\"currencySymbol\":false,\"thousands_sep\":\".\",\"decimal_point\":\",\",\"siteLocale\":\"es_CO\",\"dateFormat\":\"m\\\/d\\\/Y\",\"startOfWeek\":\"1\",\"of\":\"of\",\"previousMonth\":\"Previous Month\",\"nextMonth\":\"Next Month\",\"months\":[\"January\",\"February\",\"March\",\"April\",\"May\",\"June\",\"July\",\"August\",\"September\",\"October\",\"November\",\"December\"],\"monthsShort\":[\"Jan\",\"Feb\",\"Mar\",\"Apr\",\"May\",\"Jun\",\"Jul\",\"Aug\",\"Sep\",\"Oct\",\"Nov\",\"Dec\"],\"weekdays\":[\"Sunday\",\"Monday\",\"Tuesday\",\"Wednesday\",\"Thursday\",\"Friday\",\"Saturday\"],\"weekdaysShort\":[\"Sun\",\"Mon\",\"Tue\",\"Wed\",\"Thu\",\"Fri\",\"Sat\"],\"weekdaysMin\":[\"Su\",\"Mo\",\"Tu\",\"We\",\"Th\",\"Fr\",\"Sa\"],\"recaptchaConsentMissing\":\"reCaptcha validation couldn&#039;t load.\",\"recaptchaMissingCookie\":\"reCaptcha v3 validation couldn&#039;t load the cookie needed to submit the form.\",\"recaptchaConsentEvent\":\"Accept reCaptcha cookies before sending the form.\",\"currency_symbol\":\"\",\"beforeForm\":\"\",\"beforeFields\":\"\",\"afterFields\":\"\",\"afterForm\":\"\"};form.fields=[{\"objectType\":\"Field\",\"objectDomain\":\"fields\",\"editActive\":false,\"order\":1,\"idAttribute\":\"id\",\"value\":\"\",\"drawerDisabled\":\"\",\"personally_identifiable\":1,\"custom_name_attribute\":\"lname\",\"help_text\":\"\",\"element_class\":\"\",\"admin_label\":\"\",\"container_class\":\"\",\"default\":\"\",\"placeholder\":\"\",\"required\":1,\"label_pos\":\"above\",\"key\":\"nombre_de_empresa_1664038227237\",\"type\":\"lastname\",\"label\":\"Nombre de empresa\",\"field_label\":\"Nombre de empresa\",\"field_key\":\"nombre_de_empresa_1664038227237\",\"id\":13,\"beforeField\":\"\",\"afterField\":\"\",\"parentType\":\"lastname\",\"element_templates\":[\"lastname\",\"input\"],\"old_classname\":\"\",\"wrap_template\":\"wrap\"},{\"objectType\":\"Field\",\"objectDomain\":\"fields\",\"editActive\":false,\"order\":2,\"idAttribute\":\"id\",\"value\":\"\",\"num_max\":\"\",\"num_step\":1,\"num_min\":\"\",\"help_text\":\"\",\"admin_label\":\"\",\"manual_key\":\"\",\"element_class\":\"\",\"container_class\":\"\",\"placeholder\":\"\",\"default\":\"\",\"required\":1,\"label_pos\":\"above\",\"key\":\"nit_de_la_empresa_1664038334619\",\"type\":\"number\",\"label\":\"NIT de la Empresa\",\"field_label\":\"NIT de la Empresa\",\"field_key\":\"nit_de_la_empresa_1664038334619\",\"id\":14,\"beforeField\":\"\",\"afterField\":\"\",\"parentType\":\"number\",\"element_templates\":[\"number\",\"input\"],\"old_classname\":\"\",\"wrap_template\":\"wrap\"},{\"objectType\":\"Field\",\"objectDomain\":\"fields\",\"editActive\":false,\"order\":3,\"idAttribute\":\"id\",\"label\":\"Divisor\",\"type\":\"hr\",\"container_class\":\"\",\"element_class\":\"\",\"key\":\"hr_1664406904380\",\"id\":25,\"beforeField\":\"\",\"afterField\":\"\",\"value\":\"\",\"label_pos\":\"above\",\"parentType\":\"hr\",\"element_templates\":[\"hr\",\"input\"],\"old_classname\":\"\",\"wrap_template\":\"wrap\"},{\"objectType\":\"Field\",\"objectDomain\":\"fields\",\"editActive\":false,\"order\":4,\"idAttribute\":\"id\",\"drawerDisabled\":\"\",\"value\":\"\",\"personally_identifiable\":1,\"custom_name_attribute\":\"fname\",\"help_text\":\"\",\"admin_label\":\"\",\"element_class\":\"\",\"container_class\":\"\",\"placeholder\":\"\",\"default\":\"\",\"required\":1,\"label_pos\":\"above\",\"key\":\"nombre_de_beneficiario_de_autorizacion_1664331252623\",\"type\":\"firstname\",\"label\":\"Nombre de beneficiario de autorizaci\\u00f3n\",\"field_label\":\"Nombre persona de contacto\",\"field_key\":\"nombre_persona_de_contacto_1664038222045\",\"id\":15,\"beforeField\":\"\",\"afterField\":\"\",\"parentType\":\"firstname\",\"element_templates\":[\"firstname\",\"input\"],\"old_classname\":\"\",\"wrap_template\":\"wrap\"},{\"objectType\":\"Field\",\"objectDomain\":\"fields\",\"editActive\":false,\"order\":5,\"idAttribute\":\"id\",\"label\":\"Identificaci\\u00f3n de beneficiario\",\"type\":\"number\",\"key\":\"identificacion_de_beneficiario_1664331332725\",\"label_pos\":\"above\",\"required\":1,\"default\":\"\",\"placeholder\":\"\",\"container_class\":\"\",\"element_class\":\"\",\"manual_key\":false,\"admin_label\":\"\",\"help_text\":\"\",\"num_min\":\"\",\"num_max\":\"\",\"num_step\":1,\"value\":\"\",\"drawerDisabled\":false,\"id\":21,\"beforeField\":\"\",\"afterField\":\"\",\"parentType\":\"number\",\"element_templates\":[\"number\",\"input\"],\"old_classname\":\"\",\"wrap_template\":\"wrap\"},{\"objectType\":\"Field\",\"objectDomain\":\"fields\",\"editActive\":false,\"order\":6,\"idAttribute\":\"id\",\"label\":\"N\\u00famero de celular del beneficiario\",\"type\":\"number\",\"key\":\"numero_de_celular_del_beneficiario_1664463374963\",\"label_pos\":\"above\",\"required\":1,\"default\":\"\",\"placeholder\":\"\",\"container_class\":\"\",\"element_class\":\"\",\"manual_key\":false,\"admin_label\":\"\",\"help_text\":\"\",\"num_min\":\"\",\"num_max\":9999999999,\"num_step\":1,\"value\":\"\",\"drawerDisabled\":false,\"id\":30,\"beforeField\":\"\",\"afterField\":\"\",\"parentType\":\"number\",\"element_templates\":[\"number\",\"input\"],\"old_classname\":\"\",\"wrap_template\":\"wrap\"},{\"objectType\":\"Field\",\"objectDomain\":\"fields\",\"editActive\":false,\"order\":8,\"idAttribute\":\"id\",\"drawerDisabled\":false,\"value\":\"\",\"personally_identifiable\":1,\"custom_name_attribute\":\"phone\",\"custom_mask\":\"\",\"mask\":\"\",\"help_text\":\"\",\"admin_label\":\"\",\"manual_key\":\"\",\"input_limit_msg\":\"Caracteres restantes\",\"input_limit_type\":\"characters\",\"input_limit\":\"\",\"placeholder\":\"\",\"default\":\"\",\"required\":1,\"label_pos\":\"above\",\"key\":\"numero_de_cotizacion_a_autorizar_1664331404296\",\"type\":\"phone\",\"label\":\"N\\u00famero de cotizaci\\u00f3n a autorizar\",\"element_class\":\"\",\"container_class\":\"\",\"field_label\":\"Celular\",\"field_key\":\"celular_1664038354892\",\"desc_text\":\"<p>Para obtener uno, primero el colaborador de tu empresa deber\\u00e1 asistir a la valoraci\\u00f3n sin costo con nosotros.<\\\/p>\",\"id\":22,\"beforeField\":\"\",\"afterField\":\"\",\"parentType\":\"textbox\",\"element_templates\":[\"tel\",\"textbox\",\"input\"],\"old_classname\":\"\",\"wrap_template\":\"wrap\"},{\"objectType\":\"Field\",\"objectDomain\":\"fields\",\"editActive\":false,\"order\":9,\"idAttribute\":\"id\",\"label\":\"N\\u00famero de transacci\\u00f3n exitosa (pago express)\",\"type\":\"textbox\",\"key\":\"numero_de_transaccion_exitosa_pago_express_1664335623651\",\"label_pos\":\"above\",\"required\":1,\"default\":\"\",\"placeholder\":\"\",\"container_class\":\"\",\"element_class\":\"\",\"input_limit\":\"\",\"input_limit_type\":\"characters\",\"input_limit_msg\":\"Caracteres restantes\",\"manual_key\":false,\"admin_label\":\"\",\"help_text\":\"\",\"desc_text\":\"<p>Haz el pago de la cotizaci\\u00f3n que deseas autorizar y registra aqu\\u00ed el n\\u00famero de transacci\\u00f3n que llegar\\u00e1 a tu correo.<\\\/p>\",\"mask\":\"\",\"custom_mask\":\"\",\"custom_name_attribute\":\"\",\"personally_identifiable\":\"\",\"value\":\"\",\"drawerDisabled\":false,\"id\":24,\"beforeField\":\"\",\"afterField\":\"\",\"parentType\":\"textbox\",\"element_templates\":[\"textbox\",\"input\"],\"old_classname\":\"\",\"wrap_template\":\"wrap\"},{\"objectType\":\"Field\",\"objectDomain\":\"fields\",\"editActive\":false,\"order\":10,\"idAttribute\":\"id\",\"drawerDisabled\":\"\",\"key\":\"enviar_autorizacion_1664332438487\",\"element_class\":\"\",\"container_class\":\"\",\"processing_label\":\"Enviando...\",\"label\":\"Enviar autorizaci\\u00f3n\",\"type\":\"submit\",\"field_label\":\"Finalizar inscripci\\u00f3n\",\"field_key\":\"finalizar_inscripcion_1664039988512\",\"id\":20,\"beforeField\":\"\",\"afterField\":\"\",\"value\":\"\",\"label_pos\":\"above\",\"parentType\":\"textbox\",\"element_templates\":[\"submit\",\"button\",\"input\"],\"old_classname\":\"\",\"wrap_template\":\"wrap-no-label\"}];nfForms.push(form);<\/script>\n        <\/div>\n\t\t\t\t<\/div>\n\t\t\t\t<\/div>\n\t\t\t\t\t<\/div>\n\t\t<\/div>\n\t\t\t\t<div class=\"elementor-column elementor-col-50 elementor-top-column elementor-element elementor-element-0ca0324\" data-id=\"0ca0324\" data-element_type=\"column\">\n\t\t\t<div class=\"elementor-widget-wrap elementor-element-populated\">\n\t\t\t\t\t\t\t\t<div class=\"elementor-element elementor-element-705b81d elementor-widget elementor-widget-heading\" data-id=\"705b81d\" data-element_type=\"widget\" data-widget_type=\"heading.default\">\n\t\t\t\t<div class=\"elementor-widget-container\">\n\t\t\t<style>\/*! elementor - v3.16.0 - 17-10-2023 *\/\n.elementor-heading-title{padding:0;margin:0;line-height:1}.elementor-widget-heading .elementor-heading-title[class*=elementor-size-]>a{color:inherit;font-size:inherit;line-height:inherit}.elementor-widget-heading .elementor-heading-title.elementor-size-small{font-size:15px}.elementor-widget-heading .elementor-heading-title.elementor-size-medium{font-size:19px}.elementor-widget-heading .elementor-heading-title.elementor-size-large{font-size:29px}.elementor-widget-heading .elementor-heading-title.elementor-size-xl{font-size:39px}.elementor-widget-heading .elementor-heading-title.elementor-size-xxl{font-size:59px}<\/style><h3 class=\"elementor-heading-title elementor-size-default\">\u00bfC\u00f3mo obtener el n\u00famero de transacci\u00f3n exitosa?<\/h3>\t\t<\/div>\n\t\t\t\t<\/div>\n\t\t\t\t<div class=\"elementor-element elementor-element-e3235dc elementor-widget elementor-widget-text-editor\" data-id=\"e3235dc\" data-element_type=\"widget\" data-widget_type=\"text-editor.default\">\n\t\t\t\t<div class=\"elementor-widget-container\">\n\t\t\t<style>\/*! elementor - v3.16.0 - 17-10-2023 *\/\n.elementor-widget-text-editor.elementor-drop-cap-view-stacked .elementor-drop-cap{background-color:#69727d;color:#fff}.elementor-widget-text-editor.elementor-drop-cap-view-framed .elementor-drop-cap{color:#69727d;border:3px solid;background-color:transparent}.elementor-widget-text-editor:not(.elementor-drop-cap-view-default) .elementor-drop-cap{margin-top:8px}.elementor-widget-text-editor:not(.elementor-drop-cap-view-default) .elementor-drop-cap-letter{width:1em;height:1em}.elementor-widget-text-editor .elementor-drop-cap{float:left;text-align:center;line-height:1;font-size:50px}.elementor-widget-text-editor .elementor-drop-cap-letter{display:inline-block}<\/style>\t\t\t\t<p>Ingresa a la opci\u00f3n de Pagos Express y realiza el pago de la cotizaci\u00f3n que deseas autorizar. Si la transacci\u00f3n es aprobada recibir\u00e1s un email como este, s\u00f3lo debes copiar y pegar todo el n\u00famero de transacci\u00f3n se\u00f1alado en la siguiente imagen.<\/p>\t\t\t\t\t\t<\/div>\n\t\t\t\t<\/div>\n\t\t\t\t<div class=\"elementor-element elementor-element-f2325ad elementor-widget elementor-widget-image\" data-id=\"f2325ad\" data-element_type=\"widget\" data-widget_type=\"image.default\">\n\t\t\t\t<div class=\"elementor-widget-container\">\n\t\t\t<style>\/*! elementor - v3.16.0 - 17-10-2023 *\/\n.elementor-widget-image{text-align:center}.elementor-widget-image a{display:inline-block}.elementor-widget-image a img[src$=\".svg\"]{width:48px}.elementor-widget-image img{vertical-align:middle;display:inline-block}<\/style>\t\t\t\t\t\t\t\t\t\t\t\t<img loading=\"lazy\" decoding=\"async\" width=\"712\" height=\"378\" src=\"https:\/\/rafaelmantillaserrano.com\/wp-content\/uploads\/2022\/09\/demo-transaccion.png\" class=\"attachment-large size-large wp-image-16769\" alt=\"\" srcset=\"https:\/\/rafaelmantillaserrano.com\/wp-content\/uploads\/2022\/09\/demo-transaccion.png 712w, https:\/\/rafaelmantillaserrano.com\/wp-content\/uploads\/2022\/09\/demo-transaccion-300x159.png 300w, https:\/\/rafaelmantillaserrano.com\/wp-content\/uploads\/2022\/09\/demo-transaccion-600x319.png 600w\" sizes=\"auto, (max-width: 712px) 100vw, 712px\" \/>\t\t\t\t\t\t\t\t\t\t\t\t\t\t\t<\/div>\n\t\t\t\t<\/div>\n\t\t\t\t<div class=\"elementor-element elementor-element-6e223c6 elementor-align-right elementor-widget elementor-widget-button\" data-id=\"6e223c6\" data-element_type=\"widget\" data-widget_type=\"button.default\">\n\t\t\t\t<div class=\"elementor-widget-container\">\n\t\t\t\t\t<div class=\"elementor-button-wrapper\">\n\t\t\t<a class=\"elementor-button elementor-button-link elementor-size-sm\" href=\"https:\/\/rafaelmantillaserrano.com\/pagos-express\/\">\n\t\t\t\t\t\t<span class=\"elementor-button-content-wrapper\">\n\t\t\t\t\t\t<span class=\"elementor-button-text\">Ingresar a Pagos Express<\/span>\n\t\t<\/span>\n\t\t\t\t\t<\/a>\n\t\t<\/div>\n\t\t\t\t<\/div>\n\t\t\t\t<\/div>\n\t\t\t\t\t<\/div>\n\t\t<\/div>\n\t\t\t\t\t\t\t<\/div>\n\t\t<\/section>\n\t\t\t\t\t\t\t<\/div>\n\t\t","protected":false},"excerpt":{"rendered":"<p>\u00bfC\u00f3mo obtener el n\u00famero de transacci\u00f3n exitosa? Ingresa a la opci\u00f3n de Pagos Express y realiza el pago de la cotizaci\u00f3n que deseas autorizar. Si la transacci\u00f3n es aprobada recibir\u00e1s un email como este, s\u00f3lo debes copiar y pegar todo el n\u00famero de transacci\u00f3n se\u00f1alado en la siguiente imagen. Ingresar a Pagos Express<\/p>\n","protected":false},"author":2,"featured_media":0,"parent":0,"menu_order":0,"comment_status":"closed","ping_status":"closed","template":"","meta":{"_joinchat":[],"footnotes":""},"class_list":["post-16710","page","type-page","status-publish","hentry"],"_links":{"self":[{"href":"https:\/\/rafaelmantillaserrano.com\/es\/wp-json\/wp\/v2\/pages\/16710","targetHints":{"allow":["GET"]}}],"collection":[{"href":"https:\/\/rafaelmantillaserrano.com\/es\/wp-json\/wp\/v2\/pages"}],"about":[{"href":"https:\/\/rafaelmantillaserrano.com\/es\/wp-json\/wp\/v2\/types\/page"}],"author":[{"embeddable":true,"href":"https:\/\/rafaelmantillaserrano.com\/es\/wp-json\/wp\/v2\/users\/2"}],"replies":[{"embeddable":true,"href":"https:\/\/rafaelmantillaserrano.com\/es\/wp-json\/wp\/v2\/comments?post=16710"}],"version-history":[{"count":0,"href":"https:\/\/rafaelmantillaserrano.com\/es\/wp-json\/wp\/v2\/pages\/16710\/revisions"}],"wp:attachment":[{"href":"https:\/\/rafaelmantillaserrano.com\/es\/wp-json\/wp\/v2\/media?parent=16710"}],"curies":[{"name":"wp","href":"https:\/\/api.w.org\/{rel}","templated":true}]}}