{"id":16074,"date":"2021-11-18T21:02:58","date_gmt":"2021-11-19T02:02:58","guid":{"rendered":"https:\/\/rafaelmantillaserrano.com\/?page_id=16074"},"modified":"2022-09-27T12:12:22","modified_gmt":"2022-09-27T17:12:22","slug":"periodoncia","status":"publish","type":"page","link":"https:\/\/rafaelmantillaserrano.com\/es\/periodoncia\/","title":{"rendered":"Periodoncia"},"content":{"rendered":"\t\t<div data-elementor-type=\"wp-page\" data-elementor-id=\"16074\" class=\"elementor elementor-16074\">\n\t\t\t\t\t\t\t\t\t<section class=\"elementor-section elementor-top-section elementor-element elementor-element-4316b06b elementor-section-full_width elementor-section-height-default elementor-section-height-default mkdf-parallax-row-no mkdf-content-aligment-left mkdf-elementor-row-grid-no mkdf-disabled-bg-image-bellow-no\" data-id=\"4316b06b\" data-element_type=\"section\">\n\t\t\t\t\t\t<div class=\"elementor-container elementor-column-gap-default\">\n\t\t\t\t\t<div class=\"elementor-column elementor-col-100 elementor-top-column elementor-element elementor-element-498fd01c\" data-id=\"498fd01c\" data-element_type=\"column\">\n\t\t\t<div class=\"elementor-widget-wrap elementor-element-populated\">\n\t\t\t\t\t\t\t\t<div class=\"elementor-element elementor-element-267b48f4 elementor-widget elementor-widget-image\" data-id=\"267b48f4\" data-element_type=\"widget\" data-widget_type=\"image.default\">\n\t\t\t\t<div class=\"elementor-widget-container\">\n\t\t\t<style>\/*! elementor - v3.16.0 - 17-10-2023 *\/\n.elementor-widget-image{text-align:center}.elementor-widget-image a{display:inline-block}.elementor-widget-image a img[src$=\".svg\"]{width:48px}.elementor-widget-image img{vertical-align:middle;display:inline-block}<\/style>\t\t\t\t\t\t\t\t\t\t\t\t<img loading=\"lazy\" decoding=\"async\" width=\"1000\" height=\"1000\" src=\"https:\/\/rafaelmantillaserrano.com\/wp-content\/uploads\/2022\/01\/periodoncia.jpeg\" class=\"attachment-full size-full wp-image-16398\" alt=\"\" srcset=\"https:\/\/rafaelmantillaserrano.com\/wp-content\/uploads\/2022\/01\/periodoncia.jpeg 1000w, https:\/\/rafaelmantillaserrano.com\/wp-content\/uploads\/2022\/01\/periodoncia-300x300.jpeg 300w, https:\/\/rafaelmantillaserrano.com\/wp-content\/uploads\/2022\/01\/periodoncia-150x150.jpeg 150w, https:\/\/rafaelmantillaserrano.com\/wp-content\/uploads\/2022\/01\/periodoncia-768x768.jpeg 768w, https:\/\/rafaelmantillaserrano.com\/wp-content\/uploads\/2022\/01\/periodoncia-550x550.jpeg 550w, https:\/\/rafaelmantillaserrano.com\/wp-content\/uploads\/2022\/01\/periodoncia-600x600.jpeg 600w, https:\/\/rafaelmantillaserrano.com\/wp-content\/uploads\/2022\/01\/periodoncia-100x100.jpeg 100w\" sizes=\"auto, (max-width: 1000px) 100vw, 1000px\" \/>\t\t\t\t\t\t\t\t\t\t\t\t\t\t\t<\/div>\n\t\t\t\t<\/div>\n\t\t\t\t<div class=\"elementor-element elementor-element-5d618663 elementor-widget elementor-widget-text-editor\" data-id=\"5d618663\" data-element_type=\"widget\" data-widget_type=\"text-editor.default\">\n\t\t\t\t<div class=\"elementor-widget-container\">\n\t\t\t<style>\/*! elementor - v3.16.0 - 17-10-2023 *\/\n.elementor-widget-text-editor.elementor-drop-cap-view-stacked .elementor-drop-cap{background-color:#69727d;color:#fff}.elementor-widget-text-editor.elementor-drop-cap-view-framed .elementor-drop-cap{color:#69727d;border:3px solid;background-color:transparent}.elementor-widget-text-editor:not(.elementor-drop-cap-view-default) .elementor-drop-cap{margin-top:8px}.elementor-widget-text-editor:not(.elementor-drop-cap-view-default) .elementor-drop-cap-letter{width:1em;height:1em}.elementor-widget-text-editor .elementor-drop-cap{float:left;text-align:center;line-height:1;font-size:50px}.elementor-widget-text-editor .elementor-drop-cap-letter{display:inline-block}<\/style>\t\t\t\t<p>La salud de las enc\u00edas est\u00e1 directamente ligada al soporte de los dientes y este a la cantidad de hueso alrededor de la ra\u00edz. Es por esta debemos cuidar y proteger la salud periodontal de nuestros pacientes.<\/p><p>La periodoncia es la especialidad de la Odontolog\u00eda que se ocupa del diagn\u00f3stico, tratamiento y prevenci\u00f3n de la Enfermedad Periodontal que se caracteriza por la cual destrucci\u00f3n los tejidos y el hueso de soporte de los dientes.<\/p><p>Antes de iniciar cualquier tratamiento el primer paso es un completo examen periodontal, diagn\u00f3stico y tratamiento que garantizara el \u00e9xito a cualquier tratamiento que se quiera realiza.<\/p>\t\t\t\t\t\t<\/div>\n\t\t\t\t<\/div>\n\t\t\t\t\t<\/div>\n\t\t<\/div>\n\t\t\t\t\t\t\t<\/div>\n\t\t<\/section>\n\t\t\t\t<section class=\"elementor-section elementor-top-section elementor-element elementor-element-8d4e65d elementor-section-full_width mkdf-elementor-row-grid-section elementor-section-height-default elementor-section-height-default mkdf-parallax-row-no mkdf-content-aligment-left mkdf-disabled-bg-image-bellow-no\" data-id=\"8d4e65d\" data-element_type=\"section\">\n\t\t\t\t\t\t<div class=\"elementor-container elementor-column-gap-default\">\n\t\t\t\t\t<div class=\"elementor-column elementor-col-100 elementor-top-column elementor-element elementor-element-f6eaec9\" data-id=\"f6eaec9\" data-element_type=\"column\">\n\t\t\t<div class=\"elementor-widget-wrap elementor-element-populated\">\n\t\t\t\t\t\t\t\t<div class=\"elementor-element elementor-element-0b21dee elementor-widget elementor-widget-text-editor\" data-id=\"0b21dee\" data-element_type=\"widget\" data-widget_type=\"text-editor.default\">\n\t\t\t\t<div class=\"elementor-widget-container\">\n\t\t\t\t\t\t\t<h3>S\u00f3lo podemos ofrecerte Odontolog\u00eda de\u00a0la M\u00e1s Alta Calidad, <strong>\u00a1programa f\u00e1cil tu cita aqu\u00ed!<\/strong><\/h3>\t\t\t\t\t\t<\/div>\n\t\t\t\t<\/div>\n\t\t\t\t<div class=\"elementor-element elementor-element-191d7fc elementor-widget__width-initial elementor-widget-mobile__width-inherit elementor-widget elementor-widget-text-editor\" data-id=\"191d7fc\" data-element_type=\"widget\" data-widget_type=\"text-editor.default\">\n\t\t\t\t<div class=\"elementor-widget-container\">\n\t\t\t\t\t\t\t<p>Gracias a toda nuestra amplia experiencia hoy s\u00f3lo podemos ofrecerte la <b>M\u00e1s Alta Calidad en servicios Odontol\u00f3gicos en Bucaramanga<\/b>, y siempre es muy f\u00e1cil programar una cita con nosotros, s\u00f3lo da clic en el siguiente bot\u00f3n.<\/p>\t\t\t\t\t\t<\/div>\n\t\t\t\t<\/div>\n\t\t\t\t<div class=\"elementor-element elementor-element-6b6dd2f elementor-widget elementor-widget-spacer\" data-id=\"6b6dd2f\" data-element_type=\"widget\" data-widget_type=\"spacer.default\">\n\t\t\t\t<div class=\"elementor-widget-container\">\n\t\t\t<style>\/*! elementor - v3.16.0 - 17-10-2023 *\/\n.elementor-column .elementor-spacer-inner{height:var(--spacer-size)}.e-con{--container-widget-width:100%}.e-con-inner>.elementor-widget-spacer,.e-con>.elementor-widget-spacer{width:var(--container-widget-width,var(--spacer-size));--align-self:var(--container-widget-align-self,initial);--flex-shrink:0}.e-con-inner>.elementor-widget-spacer>.elementor-widget-container,.e-con>.elementor-widget-spacer>.elementor-widget-container{height:100%;width:100%}.e-con-inner>.elementor-widget-spacer>.elementor-widget-container>.elementor-spacer,.e-con>.elementor-widget-spacer>.elementor-widget-container>.elementor-spacer{height:100%}.e-con-inner>.elementor-widget-spacer>.elementor-widget-container>.elementor-spacer>.elementor-spacer-inner,.e-con>.elementor-widget-spacer>.elementor-widget-container>.elementor-spacer>.elementor-spacer-inner{height:var(--container-widget-height,var(--spacer-size))}.e-con-inner>.elementor-widget-spacer.elementor-widget-empty,.e-con>.elementor-widget-spacer.elementor-widget-empty{position:relative;min-height:22px;min-width:22px}.e-con-inner>.elementor-widget-spacer.elementor-widget-empty .elementor-widget-empty-icon,.e-con>.elementor-widget-spacer.elementor-widget-empty .elementor-widget-empty-icon{position:absolute;top:0;bottom:0;left:0;right:0;margin:auto;padding:0;width:22px;height:22px}<\/style>\t\t<div class=\"elementor-spacer\">\n\t\t\t<div class=\"elementor-spacer-inner\"><\/div>\n\t\t<\/div>\n\t\t\t\t<\/div>\n\t\t\t\t<\/div>\n\t\t\t\t<div class=\"elementor-element elementor-element-aea021b elementor-widget elementor-widget-mkdf_button\" data-id=\"aea021b\" data-element_type=\"widget\" data-widget_type=\"mkdf_button.default\">\n\t\t\t\t<div class=\"elementor-widget-container\">\n\t\t\t<a itemprop=\"url\" href=\"https:\/\/rafaelmantillaserrano.com\/citas\/\" target=\"_self\"  class=\"mkdf-btn mkdf-btn-medium mkdf-btn-solid mkdf-btn-solid-dark mkdf-btn-icon\"  >\n    <span class=\"mkdf-btn-text\">Programar cita<\/span>\n    <span class=\"mkdf-btn-icon-holder\">\n        <span class=\"mkdf-btn-icon-normal\" ><i class=\"mkdf-icon-ion-icon ion-chevron-right \" ><\/i><\/span>\n        <span class=\"mkdf-btn-icon-flip\" ><i class=\"mkdf-icon-ion-icon ion-chevron-right \" ><\/i><\/span>\n    <\/span>\n<\/a>\t\t<\/div>\n\t\t\t\t<\/div>\n\t\t\t\t\t<\/div>\n\t\t<\/div>\n\t\t\t\t\t\t\t<\/div>\n\t\t<\/section>\n\t\t\t\t\t\t\t<\/div>\n\t\t","protected":false},"excerpt":{"rendered":"<p>La salud de las enc\u00edas est\u00e1 directamente ligada al soporte de los dientes y este a la cantidad de hueso alrededor de la ra\u00edz. Es por esta debemos cuidar y proteger la salud periodontal de nuestros pacientes. La periodoncia es la especialidad de la Odontolog\u00eda que se ocupa del diagn\u00f3stico, tratamiento y prevenci\u00f3n de la Enfermedad Periodontal que se caracteriza por la cual destrucci\u00f3n los tejidos y el hueso de soporte de los dientes. Antes de iniciar cualquier tratamiento el primer paso es un completo examen periodontal, diagn\u00f3stico y tratamiento que garantizara el \u00e9xito a cualquier tratamiento que se quiera realiza. S\u00f3lo podemos ofrecerte Odontolog\u00eda de&nbsp;la M\u00e1s Alta Calidad, \u00a1programa f\u00e1cil tu cita aqu\u00ed! Gracias a toda nuestra amplia experiencia hoy s\u00f3lo podemos ofrecerte la M\u00e1s Alta Calidad en servicios Odontol\u00f3gicos en Bucaramanga, y siempre es muy f\u00e1cil programar una cita con nosotros, s\u00f3lo da clic en el siguiente bot\u00f3n. Programar cita<\/p>\n","protected":false},"author":2,"featured_media":0,"parent":0,"menu_order":0,"comment_status":"closed","ping_status":"closed","template":"","meta":{"_joinchat":[],"footnotes":""},"class_list":["post-16074","page","type-page","status-publish","hentry"],"_links":{"self":[{"href":"https:\/\/rafaelmantillaserrano.com\/es\/wp-json\/wp\/v2\/pages\/16074","targetHints":{"allow":["GET"]}}],"collection":[{"href":"https:\/\/rafaelmantillaserrano.com\/es\/wp-json\/wp\/v2\/pages"}],"about":[{"href":"https:\/\/rafaelmantillaserrano.com\/es\/wp-json\/wp\/v2\/types\/page"}],"author":[{"embeddable":true,"href":"https:\/\/rafaelmantillaserrano.com\/es\/wp-json\/wp\/v2\/users\/2"}],"replies":[{"embeddable":true,"href":"https:\/\/rafaelmantillaserrano.com\/es\/wp-json\/wp\/v2\/comments?post=16074"}],"version-history":[{"count":0,"href":"https:\/\/rafaelmantillaserrano.com\/es\/wp-json\/wp\/v2\/pages\/16074\/revisions"}],"wp:attachment":[{"href":"https:\/\/rafaelmantillaserrano.com\/es\/wp-json\/wp\/v2\/media?parent=16074"}],"curies":[{"name":"wp","href":"https:\/\/api.w.org\/{rel}","templated":true}]}}