{"id":16067,"date":"2021-11-18T21:01:55","date_gmt":"2021-11-19T02:01:55","guid":{"rendered":"https:\/\/rafaelmantillaserrano.com\/?page_id=16067"},"modified":"2022-09-27T12:04:11","modified_gmt":"2022-09-27T17:04:11","slug":"coronas-ceramicas","status":"publish","type":"page","link":"https:\/\/rafaelmantillaserrano.com\/es\/coronas-ceramicas\/","title":{"rendered":"Coronas Cer\u00e1micas"},"content":{"rendered":"\t\t<div data-elementor-type=\"wp-page\" data-elementor-id=\"16067\" class=\"elementor elementor-16067\">\n\t\t\t\t\t\t\t\t\t<section class=\"elementor-section elementor-top-section elementor-element elementor-element-6ad84950 elementor-section-full_width elementor-section-height-default elementor-section-height-default mkdf-parallax-row-no mkdf-content-aligment-left mkdf-elementor-row-grid-no mkdf-disabled-bg-image-bellow-no\" data-id=\"6ad84950\" data-element_type=\"section\">\n\t\t\t\t\t\t<div class=\"elementor-container elementor-column-gap-default\">\n\t\t\t\t\t<div class=\"elementor-column elementor-col-100 elementor-top-column elementor-element elementor-element-168fac12\" data-id=\"168fac12\" data-element_type=\"column\">\n\t\t\t<div class=\"elementor-widget-wrap elementor-element-populated\">\n\t\t\t\t\t\t\t\t<div class=\"elementor-element elementor-element-2e8e23fb elementor-widget elementor-widget-image\" data-id=\"2e8e23fb\" data-element_type=\"widget\" data-widget_type=\"image.default\">\n\t\t\t\t<div class=\"elementor-widget-container\">\n\t\t\t<style>\/*! elementor - v3.16.0 - 17-10-2023 *\/\n.elementor-widget-image{text-align:center}.elementor-widget-image a{display:inline-block}.elementor-widget-image a img[src$=\".svg\"]{width:48px}.elementor-widget-image img{vertical-align:middle;display:inline-block}<\/style>\t\t\t\t\t\t\t\t\t\t\t\t<img loading=\"lazy\" decoding=\"async\" width=\"1000\" height=\"1000\" src=\"https:\/\/rafaelmantillaserrano.com\/wp-content\/uploads\/2022\/01\/coronas_ceramicas.jpeg\" class=\"attachment-full size-full wp-image-16396\" alt=\"\" srcset=\"https:\/\/rafaelmantillaserrano.com\/wp-content\/uploads\/2022\/01\/coronas_ceramicas.jpeg 1000w, https:\/\/rafaelmantillaserrano.com\/wp-content\/uploads\/2022\/01\/coronas_ceramicas-300x300.jpeg 300w, https:\/\/rafaelmantillaserrano.com\/wp-content\/uploads\/2022\/01\/coronas_ceramicas-150x150.jpeg 150w, https:\/\/rafaelmantillaserrano.com\/wp-content\/uploads\/2022\/01\/coronas_ceramicas-768x768.jpeg 768w, https:\/\/rafaelmantillaserrano.com\/wp-content\/uploads\/2022\/01\/coronas_ceramicas-550x550.jpeg 550w, https:\/\/rafaelmantillaserrano.com\/wp-content\/uploads\/2022\/01\/coronas_ceramicas-600x600.jpeg 600w, https:\/\/rafaelmantillaserrano.com\/wp-content\/uploads\/2022\/01\/coronas_ceramicas-100x100.jpeg 100w\" sizes=\"auto, (max-width: 1000px) 100vw, 1000px\" \/>\t\t\t\t\t\t\t\t\t\t\t\t\t\t\t<\/div>\n\t\t\t\t<\/div>\n\t\t\t\t<div class=\"elementor-element elementor-element-2928e680 elementor-widget elementor-widget-text-editor\" data-id=\"2928e680\" data-element_type=\"widget\" data-widget_type=\"text-editor.default\">\n\t\t\t\t<div class=\"elementor-widget-container\">\n\t\t\t<style>\/*! elementor - v3.16.0 - 17-10-2023 *\/\n.elementor-widget-text-editor.elementor-drop-cap-view-stacked .elementor-drop-cap{background-color:#69727d;color:#fff}.elementor-widget-text-editor.elementor-drop-cap-view-framed .elementor-drop-cap{color:#69727d;border:3px solid;background-color:transparent}.elementor-widget-text-editor:not(.elementor-drop-cap-view-default) .elementor-drop-cap{margin-top:8px}.elementor-widget-text-editor:not(.elementor-drop-cap-view-default) .elementor-drop-cap-letter{width:1em;height:1em}.elementor-widget-text-editor .elementor-drop-cap{float:left;text-align:center;line-height:1;font-size:50px}.elementor-widget-text-editor .elementor-drop-cap-letter{display:inline-block}<\/style>\t\t\t\t<p><strong>La corona dental es la parte visible del diente<\/strong>, un implante o un puente dental, se puede colocar por varios motivos; para proteger al diente despu\u00e9s de un tratamiento de endodoncia, si el diente est\u00e1 da\u00f1ado (roto, con caries, desgastado\u2026), manchado o por otros motivos est\u00e9ticos. Actualmente se realizan coronas cuyo dise\u00f1o y elaboraci\u00f3n requiere de un software especializado lo que hace que estas restauraciones sean mucho mas precisas , exactas y mucho mas rapidas.<\/p><h2><strong>CORONAS DE PORCELANA 100%<\/strong><\/h2><p>Las <strong>coronas de porcelana pura<\/strong> tambi\u00e9n llamadas totales de cer\u00e1mica prensadas son muy utilizadas actualmente por el odontolog especialista en est\u00e9tica dental ya a que ofrece muchas ventajas est\u00e9ticas, como por ejemplo: estabilidad de color, baja conductividad t\u00e9rmica, alta resistencia y m\u00e1xima biocompatibilidad.<\/p><h2><strong><em>VENTAJAS DE LA CORONA DE PORCELANA:<\/em><\/strong><\/h2><p><strong>\u2013 Muy est\u00e9tica, traslucida y ligera.<\/strong> La transparencia de la cer\u00e1mica imita el diente natural y permite alcanzar un resultado muy est\u00e9tico.<\/p><p><strong>\u2013 Biocompatible con los tejidos de la boca.<\/strong> Las coronas dentales sin metal no provocan alergias.<\/p><p><strong>\u2013 No causan la coloraci\u00f3n gris\u00e1cea de las enc\u00edas <\/strong>en el tiempo en comparaci\u00f3n con las de metal-cer\u00e1mica.<\/p><h2><strong>CORONAS DENTALES DE ZIRCONIO<\/strong><\/h2><p>Uno de los m\u00e1s importantes avances en el campo de la Odontolog\u00eda consiste en la utilizaci\u00f3n del zirconio para realizar tanto coronas sobre dientes como tambi\u00e9n sobre implantes y estructuras completas en las rehabilitaciones fijas sobre implantes.<\/p><p><strong>Las coronas dentales realizadas con zirconio <\/strong>nos permiten sustituir muy ventajosamente las aleaciones de metal y porcelana que hasta hace poco tiempo eran el \u00fanico sistema utilizado para este tipo de rehabilitaciones.<\/p><p>La raz\u00f3n de su innovadora utilizaci\u00f3n es porque el zirconio permite ofrecer al paciente una mayor <strong>biocompatibilidad <\/strong>de la pr\u00f3tesis, que ser\u00e1 mejor tolerada por la enc\u00eda, as\u00ed como tambi\u00e9n para evitar el riesgo de alergias a metales en personas predispuestas.<\/p><p>El factor m\u00e1s importante para recomendar la pr\u00f3tesis cer\u00e1mica en <strong>zirconio<\/strong> en lugar de porcelana 100% es sin duda la <strong>est\u00e9tica<\/strong>. Al tratarse de un material blanco y transl\u00facido permite realizar pr\u00f3tesis de aspecto a\u00fan m\u00e1s natural y luminoso.<\/p><h2><strong><em>VENTAJAS DE LAS CORONAS DE ZIRCONIO<\/em><\/strong><\/h2><ul><li>Se trata de un material de color blanco que confiere un resultado <strong>m\u00e1s natural<\/strong> permitiendo un mejor paso de la luz a trav\u00e9s del diente.<\/li><li>Tienen un resultado estupendo, adem\u00e1s son m\u00e1s <strong>ligeras<\/strong> y <strong>resistentes<\/strong> que las de metal-porcelana y porcelana 100%.<\/li><li>Tienen una superficie lisa que favorece la <strong>est\u00e9tica<\/strong> limitando la adhesi\u00f3n de bacterias.<\/li><\/ul><p>A la hora de comer alimentos calientes o fr\u00edos, las coronas de zirconio permiten que no tengamos sensaciones desagradables por<\/p>\t\t\t\t\t\t<\/div>\n\t\t\t\t<\/div>\n\t\t\t\t\t<\/div>\n\t\t<\/div>\n\t\t\t\t\t\t\t<\/div>\n\t\t<\/section>\n\t\t\t\t<section class=\"elementor-section elementor-top-section elementor-element elementor-element-c44e6a3 elementor-section-full_width mkdf-elementor-row-grid-section elementor-section-height-default elementor-section-height-default mkdf-parallax-row-no mkdf-content-aligment-left mkdf-disabled-bg-image-bellow-no\" data-id=\"c44e6a3\" data-element_type=\"section\">\n\t\t\t\t\t\t<div class=\"elementor-container elementor-column-gap-default\">\n\t\t\t\t\t<div class=\"elementor-column elementor-col-100 elementor-top-column elementor-element elementor-element-48b089d\" data-id=\"48b089d\" data-element_type=\"column\">\n\t\t\t<div class=\"elementor-widget-wrap elementor-element-populated\">\n\t\t\t\t\t\t\t\t<div class=\"elementor-element elementor-element-2de2b14 elementor-widget elementor-widget-text-editor\" data-id=\"2de2b14\" data-element_type=\"widget\" data-widget_type=\"text-editor.default\">\n\t\t\t\t<div class=\"elementor-widget-container\">\n\t\t\t\t\t\t\t<h3>S\u00f3lo podemos ofrecerte Odontolog\u00eda de\u00a0la M\u00e1s Alta Calidad, <strong>\u00a1programa f\u00e1cil tu cita aqu\u00ed!<\/strong><\/h3>\t\t\t\t\t\t<\/div>\n\t\t\t\t<\/div>\n\t\t\t\t<div class=\"elementor-element elementor-element-a32eed8 elementor-widget__width-initial elementor-widget-mobile__width-inherit elementor-widget elementor-widget-text-editor\" data-id=\"a32eed8\" data-element_type=\"widget\" data-widget_type=\"text-editor.default\">\n\t\t\t\t<div class=\"elementor-widget-container\">\n\t\t\t\t\t\t\t<p>Gracias a toda nuestra amplia experiencia hoy s\u00f3lo podemos ofrecerte la <b>M\u00e1s Alta Calidad en servicios Odontol\u00f3gicos en Bucaramanga<\/b>, y siempre es muy f\u00e1cil programar una cita con nosotros, s\u00f3lo da clic en el siguiente bot\u00f3n.<\/p>\t\t\t\t\t\t<\/div>\n\t\t\t\t<\/div>\n\t\t\t\t<div class=\"elementor-element elementor-element-2aeb154 elementor-widget elementor-widget-spacer\" data-id=\"2aeb154\" data-element_type=\"widget\" data-widget_type=\"spacer.default\">\n\t\t\t\t<div class=\"elementor-widget-container\">\n\t\t\t<style>\/*! elementor - v3.16.0 - 17-10-2023 *\/\n.elementor-column .elementor-spacer-inner{height:var(--spacer-size)}.e-con{--container-widget-width:100%}.e-con-inner>.elementor-widget-spacer,.e-con>.elementor-widget-spacer{width:var(--container-widget-width,var(--spacer-size));--align-self:var(--container-widget-align-self,initial);--flex-shrink:0}.e-con-inner>.elementor-widget-spacer>.elementor-widget-container,.e-con>.elementor-widget-spacer>.elementor-widget-container{height:100%;width:100%}.e-con-inner>.elementor-widget-spacer>.elementor-widget-container>.elementor-spacer,.e-con>.elementor-widget-spacer>.elementor-widget-container>.elementor-spacer{height:100%}.e-con-inner>.elementor-widget-spacer>.elementor-widget-container>.elementor-spacer>.elementor-spacer-inner,.e-con>.elementor-widget-spacer>.elementor-widget-container>.elementor-spacer>.elementor-spacer-inner{height:var(--container-widget-height,var(--spacer-size))}.e-con-inner>.elementor-widget-spacer.elementor-widget-empty,.e-con>.elementor-widget-spacer.elementor-widget-empty{position:relative;min-height:22px;min-width:22px}.e-con-inner>.elementor-widget-spacer.elementor-widget-empty .elementor-widget-empty-icon,.e-con>.elementor-widget-spacer.elementor-widget-empty .elementor-widget-empty-icon{position:absolute;top:0;bottom:0;left:0;right:0;margin:auto;padding:0;width:22px;height:22px}<\/style>\t\t<div class=\"elementor-spacer\">\n\t\t\t<div class=\"elementor-spacer-inner\"><\/div>\n\t\t<\/div>\n\t\t\t\t<\/div>\n\t\t\t\t<\/div>\n\t\t\t\t<div class=\"elementor-element elementor-element-ed95fcc elementor-widget elementor-widget-mkdf_button\" data-id=\"ed95fcc\" data-element_type=\"widget\" data-widget_type=\"mkdf_button.default\">\n\t\t\t\t<div class=\"elementor-widget-container\">\n\t\t\t<a itemprop=\"url\" href=\"https:\/\/rafaelmantillaserrano.com\/citas\/\" target=\"_self\"  class=\"mkdf-btn mkdf-btn-medium mkdf-btn-solid mkdf-btn-solid-dark mkdf-btn-icon\"  >\n    <span class=\"mkdf-btn-text\">Programar cita<\/span>\n    <span class=\"mkdf-btn-icon-holder\">\n        <span class=\"mkdf-btn-icon-normal\" ><i class=\"mkdf-icon-ion-icon ion-chevron-right \" ><\/i><\/span>\n        <span class=\"mkdf-btn-icon-flip\" ><i class=\"mkdf-icon-ion-icon ion-chevron-right \" ><\/i><\/span>\n    <\/span>\n<\/a>\t\t<\/div>\n\t\t\t\t<\/div>\n\t\t\t\t\t<\/div>\n\t\t<\/div>\n\t\t\t\t\t\t\t<\/div>\n\t\t<\/section>\n\t\t\t\t\t\t\t<\/div>\n\t\t","protected":false},"excerpt":{"rendered":"<p>La corona dental es la parte visible del diente, un implante o un puente dental, se puede colocar por varios motivos; para proteger al diente despu\u00e9s de un tratamiento de endodoncia, si el diente est\u00e1 da\u00f1ado (roto, con caries, desgastado\u2026), manchado o por otros motivos est\u00e9ticos. Actualmente se realizan coronas cuyo dise\u00f1o y elaboraci\u00f3n requiere de un software especializado lo que hace que estas restauraciones sean mucho mas precisas , exactas y mucho mas rapidas. CORONAS DE PORCELANA 100% Las coronas de porcelana pura tambi\u00e9n llamadas totales de cer\u00e1mica prensadas son muy utilizadas actualmente por el odontolog especialista en est\u00e9tica dental ya a que ofrece muchas ventajas est\u00e9ticas, como por ejemplo: estabilidad de color, baja conductividad t\u00e9rmica, alta resistencia y m\u00e1xima biocompatibilidad. VENTAJAS DE LA CORONA DE PORCELANA: \u2013 Muy est\u00e9tica, traslucida y ligera. La transparencia de la cer\u00e1mica imita el diente natural y permite alcanzar un resultado muy est\u00e9tico. \u2013 Biocompatible con los tejidos de la boca. Las coronas dentales sin metal no provocan alergias. \u2013 No causan la coloraci\u00f3n gris\u00e1cea de las enc\u00edas en el tiempo en comparaci\u00f3n con las de metal-cer\u00e1mica. CORONAS DENTALES DE ZIRCONIO Uno de los m\u00e1s importantes avances en el campo de la Odontolog\u00eda consiste en la utilizaci\u00f3n del zirconio para realizar tanto coronas sobre dientes como tambi\u00e9n sobre implantes y estructuras completas en las rehabilitaciones fijas sobre implantes. Las coronas dentales realizadas con zirconio nos permiten sustituir muy ventajosamente las aleaciones de metal y porcelana que hasta hace poco tiempo eran el \u00fanico sistema utilizado para este tipo de rehabilitaciones. La raz\u00f3n de su innovadora utilizaci\u00f3n es porque el zirconio permite ofrecer al paciente una mayor biocompatibilidad de la pr\u00f3tesis, que ser\u00e1 mejor tolerada por la enc\u00eda, as\u00ed como tambi\u00e9n para evitar el riesgo de alergias a metales en personas predispuestas. El factor m\u00e1s importante para recomendar la pr\u00f3tesis cer\u00e1mica en zirconio en lugar de porcelana 100% es sin duda la est\u00e9tica. Al tratarse de un material blanco y transl\u00facido permite realizar pr\u00f3tesis de aspecto a\u00fan m\u00e1s natural y luminoso. VENTAJAS DE LAS CORONAS DE ZIRCONIO Se trata de un material de color blanco que confiere un resultado m\u00e1s natural permitiendo un mejor paso de la luz a trav\u00e9s del diente. Tienen un resultado estupendo, adem\u00e1s son m\u00e1s ligeras y resistentes que las de metal-porcelana y porcelana 100%. Tienen una superficie lisa que favorece la est\u00e9tica limitando la adhesi\u00f3n de bacterias. A la [&hellip;]<\/p>\n","protected":false},"author":2,"featured_media":0,"parent":0,"menu_order":0,"comment_status":"closed","ping_status":"closed","template":"","meta":{"_joinchat":[],"footnotes":""},"class_list":["post-16067","page","type-page","status-publish","hentry"],"_links":{"self":[{"href":"https:\/\/rafaelmantillaserrano.com\/es\/wp-json\/wp\/v2\/pages\/16067","targetHints":{"allow":["GET"]}}],"collection":[{"href":"https:\/\/rafaelmantillaserrano.com\/es\/wp-json\/wp\/v2\/pages"}],"about":[{"href":"https:\/\/rafaelmantillaserrano.com\/es\/wp-json\/wp\/v2\/types\/page"}],"author":[{"embeddable":true,"href":"https:\/\/rafaelmantillaserrano.com\/es\/wp-json\/wp\/v2\/users\/2"}],"replies":[{"embeddable":true,"href":"https:\/\/rafaelmantillaserrano.com\/es\/wp-json\/wp\/v2\/comments?post=16067"}],"version-history":[{"count":0,"href":"https:\/\/rafaelmantillaserrano.com\/es\/wp-json\/wp\/v2\/pages\/16067\/revisions"}],"wp:attachment":[{"href":"https:\/\/rafaelmantillaserrano.com\/es\/wp-json\/wp\/v2\/media?parent=16067"}],"curies":[{"name":"wp","href":"https:\/\/api.w.org\/{rel}","templated":true}]}}