{"id":16066,"date":"2021-11-18T21:01:26","date_gmt":"2021-11-19T02:01:26","guid":{"rendered":"https:\/\/rafaelmantillaserrano.com\/?page_id=16066"},"modified":"2022-09-27T12:04:18","modified_gmt":"2022-09-27T17:04:18","slug":"diseno-de-sonrisa","status":"publish","type":"page","link":"https:\/\/rafaelmantillaserrano.com\/es\/diseno-de-sonrisa\/","title":{"rendered":"Dise\u00f1o de sonrisa"},"content":{"rendered":"\t\t<div data-elementor-type=\"wp-page\" data-elementor-id=\"16066\" class=\"elementor elementor-16066\">\n\t\t\t\t\t\t\t\t\t<section class=\"elementor-section elementor-top-section elementor-element elementor-element-6153a771 elementor-section-full_width elementor-section-height-default elementor-section-height-default mkdf-parallax-row-no mkdf-content-aligment-left mkdf-elementor-row-grid-no mkdf-disabled-bg-image-bellow-no\" data-id=\"6153a771\" data-element_type=\"section\">\n\t\t\t\t\t\t<div class=\"elementor-container elementor-column-gap-default\">\n\t\t\t\t\t<div class=\"elementor-column elementor-col-100 elementor-top-column elementor-element elementor-element-2e67453b\" data-id=\"2e67453b\" data-element_type=\"column\">\n\t\t\t<div class=\"elementor-widget-wrap elementor-element-populated\">\n\t\t\t\t\t\t\t\t<div class=\"elementor-element elementor-element-9777f6e elementor-widget elementor-widget-image\" data-id=\"9777f6e\" data-element_type=\"widget\" data-widget_type=\"image.default\">\n\t\t\t\t<div class=\"elementor-widget-container\">\n\t\t\t<style>\/*! elementor - v3.16.0 - 17-10-2023 *\/\n.elementor-widget-image{text-align:center}.elementor-widget-image a{display:inline-block}.elementor-widget-image a img[src$=\".svg\"]{width:48px}.elementor-widget-image img{vertical-align:middle;display:inline-block}<\/style>\t\t\t\t\t\t\t\t\t\t\t\t<img loading=\"lazy\" decoding=\"async\" width=\"1000\" height=\"1000\" src=\"https:\/\/rafaelmantillaserrano.com\/wp-content\/uploads\/2022\/01\/disno_de_sonrisa.jpeg\" class=\"attachment-full size-full wp-image-16402\" alt=\"\" srcset=\"https:\/\/rafaelmantillaserrano.com\/wp-content\/uploads\/2022\/01\/disno_de_sonrisa.jpeg 1000w, https:\/\/rafaelmantillaserrano.com\/wp-content\/uploads\/2022\/01\/disno_de_sonrisa-300x300.jpeg 300w, https:\/\/rafaelmantillaserrano.com\/wp-content\/uploads\/2022\/01\/disno_de_sonrisa-150x150.jpeg 150w, https:\/\/rafaelmantillaserrano.com\/wp-content\/uploads\/2022\/01\/disno_de_sonrisa-768x768.jpeg 768w, https:\/\/rafaelmantillaserrano.com\/wp-content\/uploads\/2022\/01\/disno_de_sonrisa-550x550.jpeg 550w, https:\/\/rafaelmantillaserrano.com\/wp-content\/uploads\/2022\/01\/disno_de_sonrisa-600x600.jpeg 600w, https:\/\/rafaelmantillaserrano.com\/wp-content\/uploads\/2022\/01\/disno_de_sonrisa-100x100.jpeg 100w\" sizes=\"auto, (max-width: 1000px) 100vw, 1000px\" \/>\t\t\t\t\t\t\t\t\t\t\t\t\t\t\t<\/div>\n\t\t\t\t<\/div>\n\t\t\t\t<div class=\"elementor-element elementor-element-37b49cf4 elementor-widget elementor-widget-text-editor\" data-id=\"37b49cf4\" data-element_type=\"widget\" data-widget_type=\"text-editor.default\">\n\t\t\t\t<div class=\"elementor-widget-container\">\n\t\t\t<style>\/*! elementor - v3.16.0 - 17-10-2023 *\/\n.elementor-widget-text-editor.elementor-drop-cap-view-stacked .elementor-drop-cap{background-color:#69727d;color:#fff}.elementor-widget-text-editor.elementor-drop-cap-view-framed .elementor-drop-cap{color:#69727d;border:3px solid;background-color:transparent}.elementor-widget-text-editor:not(.elementor-drop-cap-view-default) .elementor-drop-cap{margin-top:8px}.elementor-widget-text-editor:not(.elementor-drop-cap-view-default) .elementor-drop-cap-letter{width:1em;height:1em}.elementor-widget-text-editor .elementor-drop-cap{float:left;text-align:center;line-height:1;font-size:50px}.elementor-widget-text-editor .elementor-drop-cap-letter{display:inline-block}<\/style>\t\t\t\t<p>El Dise\u00f1o de sonrisa como como tal no es un tratamiento sino un concepto que combina en la mayor\u00eda de los casos diferentes\u00a0 procedimientos odontol\u00f3gicos,\u00a0 encaminados a mejorar la estetica dento facial de los pacientes.<\/p><p>Para realizar un dise\u00f1o de sonrisa, es necesario efectuar diagn\u00f3sticos precisos y completos que definan las condiciones iniciales exactas de cada paciente, donde se tienen en cuenta las facciones naturales del rostro, posici\u00f3n, forma, tama\u00f1o y color de los dientes.<\/p><p>Para esto intervienen varios especialistas que estudian el caso en forma integral y personalizada, con el fin de establecer cu\u00e1l es el estado del paciente y as\u00ed determinar las mejores opciones de tratamiento.<\/p><p>Dentro de los procedimientos para un dise\u00f1o de sonrisa podemos encontrar: Ortodoncia ( Mejora la\u00a0 posici\u00f3n dental), Aclaramiento Dental, Periodoncia (Contorneado de Enc\u00edas) ,Operatoria ( Resinas) y\/o Rehabilitaci\u00f3n oral\u00a0 ( Carillas o Coronas, implantes)<\/p>\t\t\t\t\t\t<\/div>\n\t\t\t\t<\/div>\n\t\t\t\t\t<\/div>\n\t\t<\/div>\n\t\t\t\t\t\t\t<\/div>\n\t\t<\/section>\n\t\t\t\t<section class=\"elementor-section elementor-top-section elementor-element elementor-element-59b87da elementor-section-full_width mkdf-elementor-row-grid-section elementor-section-height-default elementor-section-height-default mkdf-parallax-row-no mkdf-content-aligment-left mkdf-disabled-bg-image-bellow-no\" data-id=\"59b87da\" data-element_type=\"section\">\n\t\t\t\t\t\t<div class=\"elementor-container elementor-column-gap-default\">\n\t\t\t\t\t<div class=\"elementor-column elementor-col-100 elementor-top-column elementor-element elementor-element-6b3b4a6\" data-id=\"6b3b4a6\" data-element_type=\"column\">\n\t\t\t<div class=\"elementor-widget-wrap elementor-element-populated\">\n\t\t\t\t\t\t\t\t<div class=\"elementor-element elementor-element-b079670 elementor-widget elementor-widget-text-editor\" data-id=\"b079670\" data-element_type=\"widget\" data-widget_type=\"text-editor.default\">\n\t\t\t\t<div class=\"elementor-widget-container\">\n\t\t\t\t\t\t\t<h3>S\u00f3lo podemos ofrecerte Odontolog\u00eda de\u00a0la M\u00e1s Alta Calidad, <strong>\u00a1programa f\u00e1cil tu cita aqu\u00ed!<\/strong><\/h3>\t\t\t\t\t\t<\/div>\n\t\t\t\t<\/div>\n\t\t\t\t<div class=\"elementor-element elementor-element-f238205 elementor-widget__width-initial elementor-widget-mobile__width-inherit elementor-widget elementor-widget-text-editor\" data-id=\"f238205\" data-element_type=\"widget\" data-widget_type=\"text-editor.default\">\n\t\t\t\t<div class=\"elementor-widget-container\">\n\t\t\t\t\t\t\t<p>Gracias a toda nuestra amplia experiencia hoy s\u00f3lo podemos ofrecerte la <b>M\u00e1s Alta Calidad en servicios Odontol\u00f3gicos en Bucaramanga<\/b>, y siempre es muy f\u00e1cil programar una cita con nosotros, s\u00f3lo da clic en el siguiente bot\u00f3n.<\/p>\t\t\t\t\t\t<\/div>\n\t\t\t\t<\/div>\n\t\t\t\t<div class=\"elementor-element elementor-element-924119a elementor-widget elementor-widget-spacer\" data-id=\"924119a\" data-element_type=\"widget\" data-widget_type=\"spacer.default\">\n\t\t\t\t<div class=\"elementor-widget-container\">\n\t\t\t<style>\/*! elementor - v3.16.0 - 17-10-2023 *\/\n.elementor-column .elementor-spacer-inner{height:var(--spacer-size)}.e-con{--container-widget-width:100%}.e-con-inner>.elementor-widget-spacer,.e-con>.elementor-widget-spacer{width:var(--container-widget-width,var(--spacer-size));--align-self:var(--container-widget-align-self,initial);--flex-shrink:0}.e-con-inner>.elementor-widget-spacer>.elementor-widget-container,.e-con>.elementor-widget-spacer>.elementor-widget-container{height:100%;width:100%}.e-con-inner>.elementor-widget-spacer>.elementor-widget-container>.elementor-spacer,.e-con>.elementor-widget-spacer>.elementor-widget-container>.elementor-spacer{height:100%}.e-con-inner>.elementor-widget-spacer>.elementor-widget-container>.elementor-spacer>.elementor-spacer-inner,.e-con>.elementor-widget-spacer>.elementor-widget-container>.elementor-spacer>.elementor-spacer-inner{height:var(--container-widget-height,var(--spacer-size))}.e-con-inner>.elementor-widget-spacer.elementor-widget-empty,.e-con>.elementor-widget-spacer.elementor-widget-empty{position:relative;min-height:22px;min-width:22px}.e-con-inner>.elementor-widget-spacer.elementor-widget-empty .elementor-widget-empty-icon,.e-con>.elementor-widget-spacer.elementor-widget-empty .elementor-widget-empty-icon{position:absolute;top:0;bottom:0;left:0;right:0;margin:auto;padding:0;width:22px;height:22px}<\/style>\t\t<div class=\"elementor-spacer\">\n\t\t\t<div class=\"elementor-spacer-inner\"><\/div>\n\t\t<\/div>\n\t\t\t\t<\/div>\n\t\t\t\t<\/div>\n\t\t\t\t<div class=\"elementor-element elementor-element-fff64f3 elementor-widget elementor-widget-mkdf_button\" data-id=\"fff64f3\" data-element_type=\"widget\" data-widget_type=\"mkdf_button.default\">\n\t\t\t\t<div class=\"elementor-widget-container\">\n\t\t\t<a itemprop=\"url\" href=\"https:\/\/rafaelmantillaserrano.com\/citas\/\" target=\"_self\"  class=\"mkdf-btn mkdf-btn-medium mkdf-btn-solid mkdf-btn-solid-dark mkdf-btn-icon\"  >\n    <span class=\"mkdf-btn-text\">Programar cita<\/span>\n    <span class=\"mkdf-btn-icon-holder\">\n        <span class=\"mkdf-btn-icon-normal\" ><i class=\"mkdf-icon-ion-icon ion-chevron-right \" ><\/i><\/span>\n        <span class=\"mkdf-btn-icon-flip\" ><i class=\"mkdf-icon-ion-icon ion-chevron-right \" ><\/i><\/span>\n    <\/span>\n<\/a>\t\t<\/div>\n\t\t\t\t<\/div>\n\t\t\t\t\t<\/div>\n\t\t<\/div>\n\t\t\t\t\t\t\t<\/div>\n\t\t<\/section>\n\t\t\t\t\t\t\t<\/div>\n\t\t","protected":false},"excerpt":{"rendered":"<p>El Dise\u00f1o de sonrisa como como tal no es un tratamiento sino un concepto que combina en la mayor\u00eda de los casos diferentes&nbsp; procedimientos odontol\u00f3gicos,&nbsp; encaminados a mejorar la estetica dento facial de los pacientes. Para realizar un dise\u00f1o de sonrisa, es necesario efectuar diagn\u00f3sticos precisos y completos que definan las condiciones iniciales exactas de cada paciente, donde se tienen en cuenta las facciones naturales del rostro, posici\u00f3n, forma, tama\u00f1o y color de los dientes. Para esto intervienen varios especialistas que estudian el caso en forma integral y personalizada, con el fin de establecer cu\u00e1l es el estado del paciente y as\u00ed determinar las mejores opciones de tratamiento. Dentro de los procedimientos para un dise\u00f1o de sonrisa podemos encontrar: Ortodoncia ( Mejora la&nbsp; posici\u00f3n dental), Aclaramiento Dental, Periodoncia (Contorneado de Enc\u00edas) ,Operatoria ( Resinas) y\/o Rehabilitaci\u00f3n oral&nbsp; ( Carillas o Coronas, implantes) S\u00f3lo podemos ofrecerte Odontolog\u00eda de&nbsp;la M\u00e1s Alta Calidad, \u00a1programa f\u00e1cil tu cita aqu\u00ed! Gracias a toda nuestra amplia experiencia hoy s\u00f3lo podemos ofrecerte la M\u00e1s Alta Calidad en servicios Odontol\u00f3gicos en Bucaramanga, y siempre es muy f\u00e1cil programar una cita con nosotros, s\u00f3lo da clic en el siguiente bot\u00f3n. Programar cita<\/p>\n","protected":false},"author":2,"featured_media":0,"parent":0,"menu_order":0,"comment_status":"closed","ping_status":"closed","template":"","meta":{"_joinchat":[],"footnotes":""},"class_list":["post-16066","page","type-page","status-publish","hentry"],"_links":{"self":[{"href":"https:\/\/rafaelmantillaserrano.com\/es\/wp-json\/wp\/v2\/pages\/16066","targetHints":{"allow":["GET"]}}],"collection":[{"href":"https:\/\/rafaelmantillaserrano.com\/es\/wp-json\/wp\/v2\/pages"}],"about":[{"href":"https:\/\/rafaelmantillaserrano.com\/es\/wp-json\/wp\/v2\/types\/page"}],"author":[{"embeddable":true,"href":"https:\/\/rafaelmantillaserrano.com\/es\/wp-json\/wp\/v2\/users\/2"}],"replies":[{"embeddable":true,"href":"https:\/\/rafaelmantillaserrano.com\/es\/wp-json\/wp\/v2\/comments?post=16066"}],"version-history":[{"count":0,"href":"https:\/\/rafaelmantillaserrano.com\/es\/wp-json\/wp\/v2\/pages\/16066\/revisions"}],"wp:attachment":[{"href":"https:\/\/rafaelmantillaserrano.com\/es\/wp-json\/wp\/v2\/media?parent=16066"}],"curies":[{"name":"wp","href":"https:\/\/api.w.org\/{rel}","templated":true}]}}