{"id":16065,"date":"2021-11-18T21:00:57","date_gmt":"2021-11-19T02:00:57","guid":{"rendered":"https:\/\/rafaelmantillaserrano.com\/?page_id=16065"},"modified":"2022-09-27T12:13:02","modified_gmt":"2022-09-27T17:13:02","slug":"tecnica-all-on-four","status":"publish","type":"page","link":"https:\/\/rafaelmantillaserrano.com\/es\/tecnica-all-on-four\/","title":{"rendered":"T\u00e9cnica All on four"},"content":{"rendered":"\t\t<div data-elementor-type=\"wp-page\" data-elementor-id=\"16065\" class=\"elementor elementor-16065\">\n\t\t\t\t\t\t\t\t\t<section class=\"elementor-section elementor-top-section elementor-element elementor-element-399c71eb elementor-section-full_width elementor-section-height-default elementor-section-height-default mkdf-parallax-row-no mkdf-content-aligment-left mkdf-elementor-row-grid-no mkdf-disabled-bg-image-bellow-no\" data-id=\"399c71eb\" data-element_type=\"section\">\n\t\t\t\t\t\t<div class=\"elementor-container elementor-column-gap-default\">\n\t\t\t\t\t<div class=\"elementor-column elementor-col-100 elementor-top-column elementor-element elementor-element-48451661\" data-id=\"48451661\" data-element_type=\"column\">\n\t\t\t<div class=\"elementor-widget-wrap elementor-element-populated\">\n\t\t\t\t\t\t\t\t<div class=\"elementor-element elementor-element-601c4098 elementor-widget elementor-widget-image\" data-id=\"601c4098\" data-element_type=\"widget\" data-widget_type=\"image.default\">\n\t\t\t\t<div class=\"elementor-widget-container\">\n\t\t\t<style>\/*! elementor - v3.16.0 - 17-10-2023 *\/\n.elementor-widget-image{text-align:center}.elementor-widget-image a{display:inline-block}.elementor-widget-image a img[src$=\".svg\"]{width:48px}.elementor-widget-image img{vertical-align:middle;display:inline-block}<\/style>\t\t\t\t\t\t\t\t\t\t\t\t<img loading=\"lazy\" decoding=\"async\" width=\"1000\" height=\"1000\" src=\"https:\/\/rafaelmantillaserrano.com\/wp-content\/uploads\/2022\/01\/tecnica_all_on_four.jpeg\" class=\"attachment-full size-full wp-image-16397\" alt=\"\" srcset=\"https:\/\/rafaelmantillaserrano.com\/wp-content\/uploads\/2022\/01\/tecnica_all_on_four.jpeg 1000w, https:\/\/rafaelmantillaserrano.com\/wp-content\/uploads\/2022\/01\/tecnica_all_on_four-300x300.jpeg 300w, https:\/\/rafaelmantillaserrano.com\/wp-content\/uploads\/2022\/01\/tecnica_all_on_four-150x150.jpeg 150w, https:\/\/rafaelmantillaserrano.com\/wp-content\/uploads\/2022\/01\/tecnica_all_on_four-768x768.jpeg 768w, https:\/\/rafaelmantillaserrano.com\/wp-content\/uploads\/2022\/01\/tecnica_all_on_four-550x550.jpeg 550w, https:\/\/rafaelmantillaserrano.com\/wp-content\/uploads\/2022\/01\/tecnica_all_on_four-600x600.jpeg 600w, https:\/\/rafaelmantillaserrano.com\/wp-content\/uploads\/2022\/01\/tecnica_all_on_four-100x100.jpeg 100w\" sizes=\"auto, (max-width: 1000px) 100vw, 1000px\" \/>\t\t\t\t\t\t\t\t\t\t\t\t\t\t\t<\/div>\n\t\t\t\t<\/div>\n\t\t\t\t<div class=\"elementor-element elementor-element-65fe98f2 elementor-widget elementor-widget-text-editor\" data-id=\"65fe98f2\" data-element_type=\"widget\" data-widget_type=\"text-editor.default\">\n\t\t\t\t<div class=\"elementor-widget-container\">\n\t\t\t<style>\/*! elementor - v3.16.0 - 17-10-2023 *\/\n.elementor-widget-text-editor.elementor-drop-cap-view-stacked .elementor-drop-cap{background-color:#69727d;color:#fff}.elementor-widget-text-editor.elementor-drop-cap-view-framed .elementor-drop-cap{color:#69727d;border:3px solid;background-color:transparent}.elementor-widget-text-editor:not(.elementor-drop-cap-view-default) .elementor-drop-cap{margin-top:8px}.elementor-widget-text-editor:not(.elementor-drop-cap-view-default) .elementor-drop-cap-letter{width:1em;height:1em}.elementor-widget-text-editor .elementor-drop-cap{float:left;text-align:center;line-height:1;font-size:50px}.elementor-widget-text-editor .elementor-drop-cap-letter{display:inline-block}<\/style>\t\t\t\t<h2>\u00bfEn qu\u00e9 consiste la t\u00e9cnica All on 4 o All on 5?<\/h2><p>\u00a0<\/p><p>El concepto\u00a0<strong>All-on-4\/5<\/strong>\u00a0es una soluci\u00f3n que proporciona a los pacientes una pr\u00f3tesis fija de la arcada completa (superior, inferior o ambas) en el mismo d\u00eda de la cirug\u00eda. Es una\u00a0<strong>t\u00e9cnica mas econ\u00f3mica<\/strong>\u00a0debido a que requiere un\u00a0<strong>menor n\u00famero de implantes en comparaci\u00f3n con el m\u00e9todo tradicional<\/strong>. Esta t\u00e9cnica utiliza\u00a0<strong>cuatro o cinco implantes para una rehabilitaci\u00f3n fija total<\/strong>, dos implantes rectos en la parte anterior y dos inclinados entre 30- 45\u00ba en la parte posterior.<\/p><p>Para esta t\u00e9cnica\u00a0utilizamos implantes dentales que han sido especialmente dise\u00f1ados para obtener los resultados deseados de forma predecible.<\/p><h3>Es un procedimiento sin injertos:<\/h3><p><strong>Se evita el injerto de hueso inclinando los implantes posteriores<\/strong>\u00a0utilizando el hueso disponible lo que reduce as\u00ed la necesidad de injertos \u00f3seos y permite el anclaje en hueso de mejor calidad (zonas anteriores maxilares), posibilitando la utilizaci\u00f3n de implantes m\u00e1s largos. En \u00e9sta t\u00e9cnica se utiliza un m\u00e9todo de anclaje seguro y estable sin necesidad de preparar el hueso, \u00fanicamente tendr\u00e1 que ser injertado en algunos casos aislado.<\/p><p><strong>Esta\u00a0 t\u00e9cnica tiene una funci\u00f3n inmediata<\/strong>, es decir, en el mismo momento de la cirug\u00eda de los implantes se puede colocar una pr\u00f3tesis provisional, que cumplir\u00e1 perfectamente tanto la funci\u00f3n est\u00e9tica como la funcional mientras se produce la \u00a0<a href=\"https:\/\/axiomaestudidental.com\/osteointegracion-implantes-dentales\/\"><strong>Osteointegraci\u00f3n<\/strong><\/a>. Momento en el que tendr\u00e1 lugar la colocaci\u00f3n de la pr\u00f3tesis definitiva.<\/p><p><strong>Todo ello es un proceso simple e indoloro ,previsible y protocolizado que no supondr\u00e1 ninguna molestia para el paciente. Es un tratamiento que requiere de especialistas cualificados en colaboraci\u00f3n con el equipo de t\u00e9cnicos en pr\u00f3tesis, para que sea eficaz.<\/strong><\/p><p><strong>Para garantizar el \u00e9xito del tratamiento<\/strong>\u00a0y por tanto las necesidades de nuestros pacientes, realizaremos un\u00a0<strong>estudio personalizado<\/strong>\u00a0con las correspondientes pruebas radiol\u00f3gicas necesarias, fotos y modelos para iniciar el plan de tratamiento. Una vez estudiado el caso y decidiendo que este sistema es la mejor soluci\u00f3n para nuestro paciente, planificamos el trabajo con el laboratorio y fijamos el d\u00eda que tendr\u00e1 lugar la cirug\u00eda.<\/p><p>Ya en la cl\u00ednica, se inicia el procedimiento quir\u00fargico. Si lo requiere el paciente, podemos realizar el procedimiento con\u00a0<strong>sedaci\u00f3n dental consciente<\/strong>, el anestesi\u00f3logo suministra la sedaci\u00f3n de manera que el paciente alcanza un estado de relajaci\u00f3n profunda. Para \u00e9sta pr\u00e1ctica contamos con<strong>\u00a0m\u00e9dicos especialistas en anestesiolog\u00eda<\/strong>\u00a0y as\u00ed conseguir el estado de relajaci\u00f3n del paciente.<\/p><p><strong>En el caso de los pacientes con dientes irrecuperables<\/strong>, lo primero ser\u00e1 realizar la extracci\u00f3n de dichas piezas. En funci\u00f3n de cada paciente es posible que sea necesaria una descontaminaci\u00f3n de la zona, as\u00ed garantizamos el mejor estado posible de la boca antes de proceder a la colocaci\u00f3n de los implantes.<\/p><p>Asimismo realizamos revisiones peri\u00f3dicas hasta que a los 4-5 meses procedamos a elaborar la pr\u00f3tesis definitiva. En el \u00faltimo paso se coloca la arcada de dientes con la que el paciente ya podr\u00e1 marcharse a casa.<\/p><h2>\u00a0<\/h2><h2>\u00bfQui\u00e9n puede optar por la t\u00e9cnica All on 4 o All on 5?<\/h2><p>\u00a0<\/p><p>Con este tipo de tratamiento se consigue una\u00a0<strong>restauraci\u00f3n eficaz, r\u00e1pida y fiable<\/strong>\u00a0para los pacientes y que tiene como objetivo reponer todos los dientes del maxilar superior o maxilar inferior con el menor n\u00famero de implantes colocados. Uno de los puntos del uso de \u00e9sta t\u00e9cnica es que se puede aplicar en un alto porcentaje de casos, es una t\u00e9cnica que se revel\u00f3 como una\u00a0<strong>alternativa de elevado \u00e9xito y previsible para la rehabilitaci\u00f3n de maxilares atr\u00f3ficos<\/strong>.<\/p><p><strong>Este sistema es recomendada para personas con pr\u00f3tesis removibles o cuyos dientes naturales no se pueden salvar.<\/strong><\/p><p>Es una soluci\u00f3n ideal para personas mayores que ya no pueden disfrutar de su sonrisa. Es una t\u00e9cnica para pacientes que cumplan los requisitos para\u00a0<a href=\"https:\/\/axiomaestudidental.com\/implante-dental-carga-inmediata\/\"><strong>implantes con carga inmediata<\/strong><\/a>.<\/p><p>\u00a0<\/p><p>Es una t\u00e9cnica que cuenta con una serie de ventajas; siempre que sea la\u00a0<strong>opci\u00f3n m\u00e1s indicada<\/strong>\u00a0y que se adapte a la\u00a0<strong>situaci\u00f3n particular<\/strong>\u00a0de cada paciente despu\u00e9s de barajar otras posibles opciones de tratamiento previsibles y predecibles,\u00a0<strong>es muy importante valorar y ponderar diferentes aspectos<\/strong>\u00a0como la edad , el ritmo de vida, conocer las expectativas del paciente.<\/p><p><strong>Los resultados son predecibles ya que es una t\u00e9cnica cient\u00edficamente m\u00e1s que probada, con muchos a\u00f1os de evoluci\u00f3n, desde el a\u00f1o 1998 en el que el Dr. Paulo Malo la desarroll\u00f3 como t\u00e9cnica quir\u00fargica innovadora.<\/strong><\/p><p><strong>\u00a0<\/strong><\/p><p><strong>\u00a0<\/strong><\/p><p><strong>\u00a0<\/strong><\/p><h2>Ventajas de los implantes All on 4<\/h2><ul><li>Permite rehabilitaciones de arcadas completas con funci\u00f3n inmediata<\/li><li>Reduce del tiempo del tratamiento a s\u00f3lo un d\u00eda. Se coloca la carga inmediata de la pr\u00f3tesis dental y los implantes en la misma cirug\u00eda<\/li><li>En muchos casos evita la realizaci\u00f3n de elevaci\u00f3n de seno.<\/li><li>Se realiza en poco tiempo<\/li><li>Se evita el injerto \u00f3seo<\/li><li>Recuperaci\u00f3n m\u00e1s temprana al colocar menor n\u00famero de implantes.<\/li><li>Es m\u00e1s econ\u00f3mico, el precio es m\u00e1s asequible que en otro tipo de tratamientos con implantes dentales.<\/li><li>Recuperaci\u00f3n muy r\u00e1pida de varias funciones como la masticatoria, el habla y la autoestima.<\/li><\/ul><p>\u00a0<\/p><p><strong>El paciente conseguir\u00e1 una dentadura totalmente nueva el mismo d\u00eda, con los efectos psicol\u00f3gicos que esto conlleva.<\/strong><\/p><p>\u00a0<\/p><h1>\u00a0<\/h1><p><strong>Tiempo de Entrega: <\/strong><\/p><p><strong>\u00a0<\/strong><\/p><ul><li><strong>Entre 4- 12 meses seg\u00fan el caso del paciente <\/strong><\/li><\/ul>\t\t\t\t\t\t<\/div>\n\t\t\t\t<\/div>\n\t\t\t\t\t<\/div>\n\t\t<\/div>\n\t\t\t\t\t\t\t<\/div>\n\t\t<\/section>\n\t\t\t\t<section class=\"elementor-section elementor-top-section elementor-element elementor-element-3c712b6a elementor-section-full_width mkdf-elementor-row-grid-section elementor-section-height-default elementor-section-height-default mkdf-parallax-row-no mkdf-content-aligment-left mkdf-disabled-bg-image-bellow-no\" data-id=\"3c712b6a\" data-element_type=\"section\">\n\t\t\t\t\t\t<div class=\"elementor-container elementor-column-gap-default\">\n\t\t\t\t\t<div class=\"elementor-column elementor-col-100 elementor-top-column elementor-element elementor-element-6b8eed66\" data-id=\"6b8eed66\" data-element_type=\"column\">\n\t\t\t<div class=\"elementor-widget-wrap elementor-element-populated\">\n\t\t\t\t\t\t\t\t<div class=\"elementor-element elementor-element-eb62c71 elementor-widget elementor-widget-text-editor\" data-id=\"eb62c71\" data-element_type=\"widget\" data-widget_type=\"text-editor.default\">\n\t\t\t\t<div class=\"elementor-widget-container\">\n\t\t\t\t\t\t\t<h3>S\u00f3lo podemos ofrecerte Odontolog\u00eda de\u00a0la M\u00e1s Alta Calidad, <strong>\u00a1programa f\u00e1cil tu cita aqu\u00ed!<\/strong><\/h3>\t\t\t\t\t\t<\/div>\n\t\t\t\t<\/div>\n\t\t\t\t<div class=\"elementor-element elementor-element-1d549658 elementor-widget__width-initial elementor-widget-mobile__width-inherit elementor-widget elementor-widget-text-editor\" data-id=\"1d549658\" data-element_type=\"widget\" data-widget_type=\"text-editor.default\">\n\t\t\t\t<div class=\"elementor-widget-container\">\n\t\t\t\t\t\t\t<p>Gracias a toda nuestra amplia experiencia hoy s\u00f3lo podemos ofrecerte la <b>M\u00e1s Alta Calidad en servicios Odontol\u00f3gicos en Bucaramanga<\/b>, y siempre es muy f\u00e1cil programar una cita con nosotros, s\u00f3lo da clic en el siguiente bot\u00f3n.<\/p>\t\t\t\t\t\t<\/div>\n\t\t\t\t<\/div>\n\t\t\t\t<div class=\"elementor-element elementor-element-30dd5df5 elementor-widget elementor-widget-spacer\" data-id=\"30dd5df5\" data-element_type=\"widget\" data-widget_type=\"spacer.default\">\n\t\t\t\t<div class=\"elementor-widget-container\">\n\t\t\t<style>\/*! elementor - v3.16.0 - 17-10-2023 *\/\n.elementor-column .elementor-spacer-inner{height:var(--spacer-size)}.e-con{--container-widget-width:100%}.e-con-inner>.elementor-widget-spacer,.e-con>.elementor-widget-spacer{width:var(--container-widget-width,var(--spacer-size));--align-self:var(--container-widget-align-self,initial);--flex-shrink:0}.e-con-inner>.elementor-widget-spacer>.elementor-widget-container,.e-con>.elementor-widget-spacer>.elementor-widget-container{height:100%;width:100%}.e-con-inner>.elementor-widget-spacer>.elementor-widget-container>.elementor-spacer,.e-con>.elementor-widget-spacer>.elementor-widget-container>.elementor-spacer{height:100%}.e-con-inner>.elementor-widget-spacer>.elementor-widget-container>.elementor-spacer>.elementor-spacer-inner,.e-con>.elementor-widget-spacer>.elementor-widget-container>.elementor-spacer>.elementor-spacer-inner{height:var(--container-widget-height,var(--spacer-size))}.e-con-inner>.elementor-widget-spacer.elementor-widget-empty,.e-con>.elementor-widget-spacer.elementor-widget-empty{position:relative;min-height:22px;min-width:22px}.e-con-inner>.elementor-widget-spacer.elementor-widget-empty .elementor-widget-empty-icon,.e-con>.elementor-widget-spacer.elementor-widget-empty .elementor-widget-empty-icon{position:absolute;top:0;bottom:0;left:0;right:0;margin:auto;padding:0;width:22px;height:22px}<\/style>\t\t<div class=\"elementor-spacer\">\n\t\t\t<div class=\"elementor-spacer-inner\"><\/div>\n\t\t<\/div>\n\t\t\t\t<\/div>\n\t\t\t\t<\/div>\n\t\t\t\t<div class=\"elementor-element elementor-element-44f0d4d7 elementor-widget elementor-widget-mkdf_button\" data-id=\"44f0d4d7\" data-element_type=\"widget\" data-widget_type=\"mkdf_button.default\">\n\t\t\t\t<div class=\"elementor-widget-container\">\n\t\t\t<a itemprop=\"url\" href=\"https:\/\/rafaelmantillaserrano.com\/citas\/\" target=\"_self\"  class=\"mkdf-btn mkdf-btn-medium mkdf-btn-solid mkdf-btn-solid-dark mkdf-btn-icon\"  >\n    <span class=\"mkdf-btn-text\">Programar cita<\/span>\n    <span class=\"mkdf-btn-icon-holder\">\n        <span class=\"mkdf-btn-icon-normal\" ><i class=\"mkdf-icon-ion-icon ion-chevron-right \" ><\/i><\/span>\n        <span class=\"mkdf-btn-icon-flip\" ><i class=\"mkdf-icon-ion-icon ion-chevron-right \" ><\/i><\/span>\n    <\/span>\n<\/a>\t\t<\/div>\n\t\t\t\t<\/div>\n\t\t\t\t\t<\/div>\n\t\t<\/div>\n\t\t\t\t\t\t\t<\/div>\n\t\t<\/section>\n\t\t\t\t\t\t\t<\/div>\n\t\t","protected":false},"excerpt":{"rendered":"<p>\u00bfEn qu\u00e9 consiste la t\u00e9cnica All on 4 o All on 5? El concepto&nbsp;All-on-4\/5&nbsp;es una soluci\u00f3n que proporciona a los pacientes una pr\u00f3tesis fija de la arcada completa (superior, inferior o ambas) en el mismo d\u00eda de la cirug\u00eda. Es una&nbsp;t\u00e9cnica mas econ\u00f3mica&nbsp;debido a que requiere un&nbsp;menor n\u00famero de implantes en comparaci\u00f3n con el m\u00e9todo tradicional. Esta t\u00e9cnica utiliza&nbsp;cuatro o cinco implantes para una rehabilitaci\u00f3n fija total, dos implantes rectos en la parte anterior y dos inclinados entre 30- 45\u00ba en la parte posterior. Para esta t\u00e9cnica&nbsp;utilizamos implantes dentales que han sido especialmente dise\u00f1ados para obtener los resultados deseados de forma predecible. Es un procedimiento sin injertos: Se evita el injerto de hueso inclinando los implantes posteriores&nbsp;utilizando el hueso disponible lo que reduce as\u00ed la necesidad de injertos \u00f3seos y permite el anclaje en hueso de mejor calidad (zonas anteriores maxilares), posibilitando la utilizaci\u00f3n de implantes m\u00e1s largos. En \u00e9sta t\u00e9cnica se utiliza un m\u00e9todo de anclaje seguro y estable sin necesidad de preparar el hueso, \u00fanicamente tendr\u00e1 que ser injertado en algunos casos aislado. Esta&nbsp; t\u00e9cnica tiene una funci\u00f3n inmediata, es decir, en el mismo momento de la cirug\u00eda de los implantes se puede colocar una pr\u00f3tesis provisional, que cumplir\u00e1 perfectamente tanto la funci\u00f3n est\u00e9tica como la funcional mientras se produce la &nbsp;Osteointegraci\u00f3n. Momento en el que tendr\u00e1 lugar la colocaci\u00f3n de la pr\u00f3tesis definitiva. Todo ello es un proceso simple e indoloro ,previsible y protocolizado que no supondr\u00e1 ninguna molestia para el paciente. Es un tratamiento que requiere de especialistas cualificados en colaboraci\u00f3n con el equipo de t\u00e9cnicos en pr\u00f3tesis, para que sea eficaz. Para garantizar el \u00e9xito del tratamiento&nbsp;y por tanto las necesidades de nuestros pacientes, realizaremos un&nbsp;estudio personalizado&nbsp;con las correspondientes pruebas radiol\u00f3gicas necesarias, fotos y modelos para iniciar el plan de tratamiento. Una vez estudiado el caso y decidiendo que este sistema es la mejor soluci\u00f3n para nuestro paciente, planificamos el trabajo con el laboratorio y fijamos el d\u00eda que tendr\u00e1 lugar la cirug\u00eda. Ya en la cl\u00ednica, se inicia el procedimiento quir\u00fargico. Si lo requiere el paciente, podemos realizar el procedimiento con&nbsp;sedaci\u00f3n dental consciente, el anestesi\u00f3logo suministra la sedaci\u00f3n de manera que el paciente alcanza un estado de relajaci\u00f3n profunda. Para \u00e9sta pr\u00e1ctica contamos con&nbsp;m\u00e9dicos especialistas en anestesiolog\u00eda&nbsp;y as\u00ed conseguir el estado de relajaci\u00f3n del paciente. En el caso de los pacientes con dientes irrecuperables, lo primero ser\u00e1 realizar la extracci\u00f3n de dichas piezas. En [&hellip;]<\/p>\n","protected":false},"author":2,"featured_media":0,"parent":0,"menu_order":0,"comment_status":"closed","ping_status":"closed","template":"","meta":{"_joinchat":[],"footnotes":""},"class_list":["post-16065","page","type-page","status-publish","hentry"],"_links":{"self":[{"href":"https:\/\/rafaelmantillaserrano.com\/es\/wp-json\/wp\/v2\/pages\/16065","targetHints":{"allow":["GET"]}}],"collection":[{"href":"https:\/\/rafaelmantillaserrano.com\/es\/wp-json\/wp\/v2\/pages"}],"about":[{"href":"https:\/\/rafaelmantillaserrano.com\/es\/wp-json\/wp\/v2\/types\/page"}],"author":[{"embeddable":true,"href":"https:\/\/rafaelmantillaserrano.com\/es\/wp-json\/wp\/v2\/users\/2"}],"replies":[{"embeddable":true,"href":"https:\/\/rafaelmantillaserrano.com\/es\/wp-json\/wp\/v2\/comments?post=16065"}],"version-history":[{"count":0,"href":"https:\/\/rafaelmantillaserrano.com\/es\/wp-json\/wp\/v2\/pages\/16065\/revisions"}],"wp:attachment":[{"href":"https:\/\/rafaelmantillaserrano.com\/es\/wp-json\/wp\/v2\/media?parent=16065"}],"curies":[{"name":"wp","href":"https:\/\/api.w.org\/{rel}","templated":true}]}}