{"id":16064,"date":"2021-11-18T21:00:18","date_gmt":"2021-11-19T02:00:18","guid":{"rendered":"https:\/\/rafaelmantillaserrano.com\/?page_id=16064"},"modified":"2022-09-27T12:03:06","modified_gmt":"2022-09-27T17:03:06","slug":"carillas-dentales","status":"publish","type":"page","link":"https:\/\/rafaelmantillaserrano.com\/es\/carillas-dentales\/","title":{"rendered":"Carillas dentales"},"content":{"rendered":"\t\t<div data-elementor-type=\"wp-page\" data-elementor-id=\"16064\" class=\"elementor elementor-16064\">\n\t\t\t\t\t\t\t\t\t<section class=\"elementor-section elementor-top-section elementor-element elementor-element-6a602df9 elementor-section-full_width elementor-section-height-default elementor-section-height-default mkdf-parallax-row-no mkdf-content-aligment-left mkdf-elementor-row-grid-no mkdf-disabled-bg-image-bellow-no\" data-id=\"6a602df9\" data-element_type=\"section\">\n\t\t\t\t\t\t<div class=\"elementor-container elementor-column-gap-default\">\n\t\t\t\t\t<div class=\"elementor-column elementor-col-100 elementor-top-column elementor-element elementor-element-3d3e8b1\" data-id=\"3d3e8b1\" data-element_type=\"column\">\n\t\t\t<div class=\"elementor-widget-wrap elementor-element-populated\">\n\t\t\t\t\t\t\t\t<div class=\"elementor-element elementor-element-3460aad7 elementor-widget elementor-widget-image\" data-id=\"3460aad7\" data-element_type=\"widget\" data-widget_type=\"image.default\">\n\t\t\t\t<div class=\"elementor-widget-container\">\n\t\t\t<style>\/*! elementor - v3.16.0 - 17-10-2023 *\/\n.elementor-widget-image{text-align:center}.elementor-widget-image a{display:inline-block}.elementor-widget-image a img[src$=\".svg\"]{width:48px}.elementor-widget-image img{vertical-align:middle;display:inline-block}<\/style>\t\t\t\t\t\t\t\t\t\t\t\t<img loading=\"lazy\" decoding=\"async\" width=\"1000\" height=\"1000\" src=\"https:\/\/rafaelmantillaserrano.com\/wp-content\/uploads\/2021\/12\/carillas_dentales_en_bucaramanga.jpg\" class=\"attachment-full size-full wp-image-16358\" alt=\"\" srcset=\"https:\/\/rafaelmantillaserrano.com\/wp-content\/uploads\/2021\/12\/carillas_dentales_en_bucaramanga.jpg 1000w, https:\/\/rafaelmantillaserrano.com\/wp-content\/uploads\/2021\/12\/carillas_dentales_en_bucaramanga-300x300.jpg 300w, https:\/\/rafaelmantillaserrano.com\/wp-content\/uploads\/2021\/12\/carillas_dentales_en_bucaramanga-150x150.jpg 150w, https:\/\/rafaelmantillaserrano.com\/wp-content\/uploads\/2021\/12\/carillas_dentales_en_bucaramanga-768x768.jpg 768w, https:\/\/rafaelmantillaserrano.com\/wp-content\/uploads\/2021\/12\/carillas_dentales_en_bucaramanga-550x550.jpg 550w, https:\/\/rafaelmantillaserrano.com\/wp-content\/uploads\/2021\/12\/carillas_dentales_en_bucaramanga-600x600.jpg 600w, https:\/\/rafaelmantillaserrano.com\/wp-content\/uploads\/2021\/12\/carillas_dentales_en_bucaramanga-100x100.jpg 100w\" sizes=\"auto, (max-width: 1000px) 100vw, 1000px\" \/>\t\t\t\t\t\t\t\t\t\t\t\t\t\t\t<\/div>\n\t\t\t\t<\/div>\n\t\t\t\t<div class=\"elementor-element elementor-element-1a3fa325 elementor-widget elementor-widget-text-editor\" data-id=\"1a3fa325\" data-element_type=\"widget\" data-widget_type=\"text-editor.default\">\n\t\t\t\t<div class=\"elementor-widget-container\">\n\t\t\t<style>\/*! elementor - v3.16.0 - 17-10-2023 *\/\n.elementor-widget-text-editor.elementor-drop-cap-view-stacked .elementor-drop-cap{background-color:#69727d;color:#fff}.elementor-widget-text-editor.elementor-drop-cap-view-framed .elementor-drop-cap{color:#69727d;border:3px solid;background-color:transparent}.elementor-widget-text-editor:not(.elementor-drop-cap-view-default) .elementor-drop-cap{margin-top:8px}.elementor-widget-text-editor:not(.elementor-drop-cap-view-default) .elementor-drop-cap-letter{width:1em;height:1em}.elementor-widget-text-editor .elementor-drop-cap{float:left;text-align:center;line-height:1;font-size:50px}.elementor-widget-text-editor .elementor-drop-cap-letter{display:inline-block}<\/style>\t\t\t\t<p>Las carillas dentales son uno de los tratamientos con mayor demanda dentro de la especialidad de\u00a0<a href=\"https:\/\/www.clinicaferrusbratos.com\/estetica-dental-madrid\/\"><strong>Odontolog\u00eda Est\u00e9tica<\/strong><\/a>.\u00a0Y no es de extra\u00f1ar, pues permite mejorar sustancialmente el aspecto de los dientes\u00a0<strong>de forma muy r\u00e1pida y eficaz.\u00a0<\/strong>De este modo, la persona no necesita someterse a un tratamiento que requiera m\u00e1s tiempo y consigue la\u00a0<strong>est\u00e9tica dental que desea tener.\u00a0<\/strong><\/p><p><strong>\u00a0<\/strong><\/p><h2>\u00bfQu\u00e9 son las carillas dentales y en qu\u00e9 casos se usan?<\/h2><p>Las carillas dentales son unas\u00a0<strong>finas l\u00e1minas de porcelana o composite<\/strong>\u00a0que se adhieren a la cara visible del diente para mejorar su aspecto est\u00e9tico.<\/p><p>Debido a su finalidad est\u00e9tica, estas l\u00e1minas se colocan en la cara vestibular de los\u00a0<strong>dientes frontales<\/strong>, por ser los m\u00e1s visibles cuando sonre\u00edmos.<\/p><p>Por tanto, su objetivo no es el de mejorar la funcionalidad de las piezas dentales, solo el de darles un\u00a0<strong>aspecto m\u00e1s arm\u00f3nico<\/strong>.<\/p><p>Son elementos que<strong>\u00a0se crean a medida de cada paciente<\/strong>\u00a0con el fin de que tenga la mayor naturalidad posible al ser colocados junto al resto de dientes.\u00a0\u00a0<\/p><p>Tal y como ya hemos adelantado, la funci\u00f3n de estas finas l\u00e1minas es la de\u00a0<strong>embellecer la sonrisa.\u00a0<\/strong>Es decir, mejorar las piezas dentales con las que no estamos totalmente conformes debido a su\u00a0<strong>color, forma, tama\u00f1o o posici\u00f3n<\/strong>.<\/p><p>Por tanto, las carillas dentales se utilizan para corregir defectos tan comunes como los\u00a0<a href=\"https:\/\/www.clinicaferrusbratos.com\/estetica-dental\/dientes-torcidos\/\"><strong>dientes torcidos<\/strong><\/a><strong>, rotos,\u00a0<\/strong><a href=\"https:\/\/www.clinicaferrusbratos.com\/ortodoncia\/dientes-separados-solucion\/\"><strong>separados (diastemas)<\/strong><\/a>,\u00a0<strong>con<\/strong>\u00a0<strong>manchas<\/strong>, irregulares o desgastados.<\/p><p>Por ejemplo, las carillas est\u00e9ticas pueden ser una<strong>\u00a0alternativa a la ortodoncia\u00a0<\/strong>en caso de que una persona quiera cambiar levemente la forma de sus dientes.\u00a0<\/p><p>Tambi\u00e9n pueden resultar muy eficaces en\u00a0<strong>dientes que se\u00a0<\/strong><a href=\"https:\/\/www.clinicaferrusbratos.com\/blanqueamiento-dental\/tratamientos-dientes-calcificados\/\"><strong>han calcificado<\/strong><\/a><strong>\u00a0u oscurecido tras haberse\u00a0<\/strong><a href=\"https:\/\/www.clinicaferrusbratos.com\/endodoncia\/endodoncia-conservar-dientes\/\"><strong>sometido a una endodoncia<\/strong><\/a><strong>.\u00a0<\/strong><\/p><p>En estos casos, el diente \u00fanicamente recuperar\u00eda su color mediante un\u00a0<a href=\"https:\/\/www.clinicaferrusbratos.com\/blanqueamiento-dental\/sobre-endodoncia\/\"><strong>blanqueamiento interno<\/strong><\/a><strong>.\u00a0<\/strong><\/p><h2><strong>Tipos de carillas est\u00e9ticas y sus materiales<\/strong><\/h2><p>Existen\u00a0<strong>diferentes materiales como son las cer\u00e1micas y las resinas<\/strong>\u00a0con los que se confeccionan las carillas dentales, aunque todos ellos responden a la misma necesidad: mejorar la est\u00e9tica dental.<\/p><p>Estas carillas cer\u00e1micas son las que\u00a0<strong>m\u00e1s calidad y duraci\u00f3n\u00a0<\/strong>ofrecen. Es por ello que es el material que cuenta con m\u00e1s demanda en nuestra cl\u00ednica dental.\u00a0<\/p><p>Estas carillas tienen un grosor similar al de una lentilla, oscilando su espesor entre los<strong>\u00a00,3 y 0.5 mil\u00edmetros<\/strong>, por lo que como norma general no es necesario limar ni alterar la forma del diente natural.\u00a0<\/p><p>Gracias a los avances en tecnolog\u00eda con los que cuentan los doctores expertos en Est\u00e9tica Dental,<strong>\u00a0la fabricaci\u00f3n de las carillas est\u00e9ticas se finaliza en tan solo unos d\u00edas, e<\/strong>s una reducci\u00f3n de tiempo bastante notable, teniendo en cuenta que hasta hace no mucho\u00a0<strong>el paciente deb\u00eda esperar un mes.\u00a0<\/strong><\/p><p>Adem\u00e1s, los odont\u00f3logos se sirven de un\u00a0<strong>esc\u00e1ner en 3D\u00a0<\/strong>con el que se obtiene una muestra virtual de la boca de la persona.\u00a0<\/p><h3>Resina o Composite<\/h3><p>Las carillas de composite tambi\u00e9n ofrecen un buen resultado est\u00e9tico para la cavidad oral del paciente, pero el material con el que est\u00e1n elaboradas hace que sean\u00a0<strong>menos duraderas<\/strong>\u00a0que las de porcelana.<\/p><p>Por este motivo, nuestros especialistas recomiendan las carillas de composite en dos casos muy concretos: cuando la\u00a0<strong>correcci\u00f3n es especialmente sencilla<\/strong>\u00a0o cuando el\u00a0<strong>pacientes es muy joven<\/strong>.<\/p><p>\u00a0<\/p><p><strong>CARILLAS EST\u00c9TICAS PARA CORREGIR DIENTES SEPARADOS<\/strong><\/p><p>Esto \u00faltimo se debe a que el tratamiento con carillas de porcelana es mejor llevarlo a cabo una vez que se ha completado el crecimiento,\u00a0<strong>a partir de los 18 a\u00f1os.<\/strong><\/p><p>Sin embargo, en los pacientes m\u00e1s j\u00f3venes es recomendable colocar carillas de composite, ya que\u00a0<strong>son reversibles, pues no necesitan un contorneado dental en ning\u00fan caso<\/strong>.<\/p><p>As\u00ed, si lo desean, el dentista puede\u00a0<strong>retirarlas en el futuro de una manera muy sencilla<\/strong>\u00a0y adherir, posteriormente, las de porcelana.<\/p><p>El composite ofrece resultados muy reales cuando es necesario modificar levemente el\u00a0<strong>tama\u00f1o, forma o color del diente<\/strong>, y tambi\u00e9n para cerrar\u00a0<strong>troneras\u00a0<\/strong>(peque\u00f1os tri\u00e1ngulos negros que aparecen entre diente y diente).<\/p><h2><strong>Ventajas y desventajas de las carillas de porcelana y composite<\/strong><\/h2><p>Dado que las carillas dentales m\u00e1s utilizadas -y las que colocamos con mayor frecuencia en nuestra cl\u00ednica- son las de\u00a0<strong>porcelana (e.max )<\/strong>\u00a0y las de\u00a0<strong>Resina o<\/strong> <strong>composite<\/strong>, vamos a detallar los beneficios e inconvenientes que presentan cada una de ellas.<\/p><p>Como vas a ver a continuaci\u00f3n, las caracter\u00edsticas fundamentales var\u00edan\u00a0<strong>en funci\u00f3n del material<\/strong>\u00a0con el que est\u00e1n fabricadas:<\/p><h3>Duraci\u00f3n y resistencia\u00a0<\/h3><p><strong>Las\u00a0<\/strong><a href=\"https:\/\/www.clinicaferrusbratos.com\/estetica-dental\/resistencia-carillas-dentales-segun-material\/\"><strong>carillas de porcelana tienen una duraci\u00f3n mayor que las de composite<\/strong><\/a>, pudiendo resistir en perfectas condiciones hasta 10 a\u00f1os, y adem\u00e1s\u00a0<strong>no pierden su color ni se ti\u00f1en.\u00a0<\/strong><\/p><p>Esta duraci\u00f3n depende en gran medida de que el paciente siga las instrucciones de su odont\u00f3logo relativas a\u00a0<a href=\"https:\/\/www.clinicaferrusbratos.com\/carillas\/cuidados\/\"><strong>mantenimiento y cuidados<\/strong><\/a><strong>.<\/strong><\/p><p>En contraposici\u00f3n, La duraci\u00f3n de las carillas de\u00a0<strong>composite es de un m\u00e1ximo de cinco a\u00f1os\u00a0<\/strong>aproximadamente.\u00a0Para llegar a este plazo, es necesario acudir a revisiones de mantenimiento y que el odont\u00f3logo realice el\u00a0<strong>pulido de las carillas.<\/strong><\/p>\t\t\t\t\t\t<\/div>\n\t\t\t\t<\/div>\n\t\t\t\t\t<\/div>\n\t\t<\/div>\n\t\t\t\t\t\t\t<\/div>\n\t\t<\/section>\n\t\t\t\t<section class=\"elementor-section elementor-top-section elementor-element elementor-element-7ae4f56 elementor-section-full_width mkdf-elementor-row-grid-section elementor-section-height-default elementor-section-height-default mkdf-parallax-row-no mkdf-content-aligment-left mkdf-disabled-bg-image-bellow-no\" data-id=\"7ae4f56\" data-element_type=\"section\">\n\t\t\t\t\t\t<div class=\"elementor-container elementor-column-gap-default\">\n\t\t\t\t\t<div class=\"elementor-column elementor-col-100 elementor-top-column elementor-element elementor-element-a368d24\" data-id=\"a368d24\" data-element_type=\"column\">\n\t\t\t<div class=\"elementor-widget-wrap elementor-element-populated\">\n\t\t\t\t\t\t\t\t<div class=\"elementor-element elementor-element-edb3e86 elementor-widget elementor-widget-text-editor\" data-id=\"edb3e86\" data-element_type=\"widget\" data-widget_type=\"text-editor.default\">\n\t\t\t\t<div class=\"elementor-widget-container\">\n\t\t\t\t\t\t\t<h3>S\u00f3lo podemos ofrecerte Odontolog\u00eda de\u00a0la M\u00e1s Alta Calidad, <strong>\u00a1programa f\u00e1cil tu cita aqu\u00ed!<\/strong><\/h3>\t\t\t\t\t\t<\/div>\n\t\t\t\t<\/div>\n\t\t\t\t<div class=\"elementor-element elementor-element-9f48f9a elementor-widget__width-initial elementor-widget-mobile__width-inherit elementor-widget elementor-widget-text-editor\" data-id=\"9f48f9a\" data-element_type=\"widget\" data-widget_type=\"text-editor.default\">\n\t\t\t\t<div class=\"elementor-widget-container\">\n\t\t\t\t\t\t\t<p>Gracias a toda nuestra amplia experiencia hoy s\u00f3lo podemos ofrecerte la <b>M\u00e1s Alta Calidad en servicios Odontol\u00f3gicos en Bucaramanga<\/b>, y siempre es muy f\u00e1cil programar una cita con nosotros, s\u00f3lo da clic en el siguiente bot\u00f3n.<\/p>\t\t\t\t\t\t<\/div>\n\t\t\t\t<\/div>\n\t\t\t\t<div class=\"elementor-element elementor-element-3b7d149 elementor-widget elementor-widget-spacer\" data-id=\"3b7d149\" data-element_type=\"widget\" data-widget_type=\"spacer.default\">\n\t\t\t\t<div class=\"elementor-widget-container\">\n\t\t\t<style>\/*! elementor - v3.16.0 - 17-10-2023 *\/\n.elementor-column .elementor-spacer-inner{height:var(--spacer-size)}.e-con{--container-widget-width:100%}.e-con-inner>.elementor-widget-spacer,.e-con>.elementor-widget-spacer{width:var(--container-widget-width,var(--spacer-size));--align-self:var(--container-widget-align-self,initial);--flex-shrink:0}.e-con-inner>.elementor-widget-spacer>.elementor-widget-container,.e-con>.elementor-widget-spacer>.elementor-widget-container{height:100%;width:100%}.e-con-inner>.elementor-widget-spacer>.elementor-widget-container>.elementor-spacer,.e-con>.elementor-widget-spacer>.elementor-widget-container>.elementor-spacer{height:100%}.e-con-inner>.elementor-widget-spacer>.elementor-widget-container>.elementor-spacer>.elementor-spacer-inner,.e-con>.elementor-widget-spacer>.elementor-widget-container>.elementor-spacer>.elementor-spacer-inner{height:var(--container-widget-height,var(--spacer-size))}.e-con-inner>.elementor-widget-spacer.elementor-widget-empty,.e-con>.elementor-widget-spacer.elementor-widget-empty{position:relative;min-height:22px;min-width:22px}.e-con-inner>.elementor-widget-spacer.elementor-widget-empty .elementor-widget-empty-icon,.e-con>.elementor-widget-spacer.elementor-widget-empty .elementor-widget-empty-icon{position:absolute;top:0;bottom:0;left:0;right:0;margin:auto;padding:0;width:22px;height:22px}<\/style>\t\t<div class=\"elementor-spacer\">\n\t\t\t<div class=\"elementor-spacer-inner\"><\/div>\n\t\t<\/div>\n\t\t\t\t<\/div>\n\t\t\t\t<\/div>\n\t\t\t\t<div class=\"elementor-element elementor-element-979e0c6 elementor-widget elementor-widget-mkdf_button\" data-id=\"979e0c6\" data-element_type=\"widget\" data-widget_type=\"mkdf_button.default\">\n\t\t\t\t<div class=\"elementor-widget-container\">\n\t\t\t<a itemprop=\"url\" href=\"https:\/\/rafaelmantillaserrano.com\/citas\/\" target=\"_self\"  class=\"mkdf-btn mkdf-btn-medium mkdf-btn-solid mkdf-btn-solid-dark mkdf-btn-icon\"  >\n    <span class=\"mkdf-btn-text\">Programar cita<\/span>\n    <span class=\"mkdf-btn-icon-holder\">\n        <span class=\"mkdf-btn-icon-normal\" ><i class=\"mkdf-icon-ion-icon ion-chevron-right \" ><\/i><\/span>\n        <span class=\"mkdf-btn-icon-flip\" ><i class=\"mkdf-icon-ion-icon ion-chevron-right \" ><\/i><\/span>\n    <\/span>\n<\/a>\t\t<\/div>\n\t\t\t\t<\/div>\n\t\t\t\t\t<\/div>\n\t\t<\/div>\n\t\t\t\t\t\t\t<\/div>\n\t\t<\/section>\n\t\t\t\t\t\t\t<\/div>\n\t\t","protected":false},"excerpt":{"rendered":"<p>Las carillas dentales son uno de los tratamientos con mayor demanda dentro de la especialidad de&nbsp;Odontolog\u00eda Est\u00e9tica.&nbsp;Y no es de extra\u00f1ar, pues permite mejorar sustancialmente el aspecto de los dientes&nbsp;de forma muy r\u00e1pida y eficaz.&nbsp;De este modo, la persona no necesita someterse a un tratamiento que requiera m\u00e1s tiempo y consigue la&nbsp;est\u00e9tica dental que desea tener.&nbsp; &nbsp; \u00bfQu\u00e9 son las carillas dentales y en qu\u00e9 casos se usan? Las carillas dentales son unas&nbsp;finas l\u00e1minas de porcelana o composite&nbsp;que se adhieren a la cara visible del diente para mejorar su aspecto est\u00e9tico. Debido a su finalidad est\u00e9tica, estas l\u00e1minas se colocan en la cara vestibular de los&nbsp;dientes frontales, por ser los m\u00e1s visibles cuando sonre\u00edmos. Por tanto, su objetivo no es el de mejorar la funcionalidad de las piezas dentales, solo el de darles un&nbsp;aspecto m\u00e1s arm\u00f3nico. Son elementos que&nbsp;se crean a medida de cada paciente&nbsp;con el fin de que tenga la mayor naturalidad posible al ser colocados junto al resto de dientes.&nbsp;&nbsp; Tal y como ya hemos adelantado, la funci\u00f3n de estas finas l\u00e1minas es la de&nbsp;embellecer la sonrisa.&nbsp;Es decir, mejorar las piezas dentales con las que no estamos totalmente conformes debido a su&nbsp;color, forma, tama\u00f1o o posici\u00f3n. Por tanto, las carillas dentales se utilizan para corregir defectos tan comunes como los&nbsp;dientes torcidos, rotos,&nbsp;separados (diastemas),&nbsp;con&nbsp;manchas, irregulares o desgastados. Por ejemplo, las carillas est\u00e9ticas pueden ser una&nbsp;alternativa a la ortodoncia&nbsp;en caso de que una persona quiera cambiar levemente la forma de sus dientes.&nbsp; Tambi\u00e9n pueden resultar muy eficaces en&nbsp;dientes que se&nbsp;han calcificado&nbsp;u oscurecido tras haberse&nbsp;sometido a una endodoncia.&nbsp; En estos casos, el diente \u00fanicamente recuperar\u00eda su color mediante un&nbsp;blanqueamiento interno.&nbsp; Tipos de carillas est\u00e9ticas y sus materiales Existen&nbsp;diferentes materiales como son las cer\u00e1micas y las resinas&nbsp;con los que se confeccionan las carillas dentales, aunque todos ellos responden a la misma necesidad: mejorar la est\u00e9tica dental. Estas carillas cer\u00e1micas son las que&nbsp;m\u00e1s calidad y duraci\u00f3n&nbsp;ofrecen. Es por ello que es el material que cuenta con m\u00e1s demanda en nuestra cl\u00ednica dental.&nbsp; Estas carillas tienen un grosor similar al de una lentilla, oscilando su espesor entre los&nbsp;0,3 y 0.5 mil\u00edmetros, por lo que como norma general no es necesario limar ni alterar la forma del diente natural.&nbsp; Gracias a los avances en tecnolog\u00eda con los que cuentan los doctores expertos en Est\u00e9tica Dental,&nbsp;la fabricaci\u00f3n de las carillas est\u00e9ticas se finaliza en tan solo unos d\u00edas, es una reducci\u00f3n de tiempo bastante notable, teniendo [&hellip;]<\/p>\n","protected":false},"author":2,"featured_media":0,"parent":0,"menu_order":0,"comment_status":"closed","ping_status":"closed","template":"","meta":{"_joinchat":[],"footnotes":""},"class_list":["post-16064","page","type-page","status-publish","hentry"],"_links":{"self":[{"href":"https:\/\/rafaelmantillaserrano.com\/es\/wp-json\/wp\/v2\/pages\/16064","targetHints":{"allow":["GET"]}}],"collection":[{"href":"https:\/\/rafaelmantillaserrano.com\/es\/wp-json\/wp\/v2\/pages"}],"about":[{"href":"https:\/\/rafaelmantillaserrano.com\/es\/wp-json\/wp\/v2\/types\/page"}],"author":[{"embeddable":true,"href":"https:\/\/rafaelmantillaserrano.com\/es\/wp-json\/wp\/v2\/users\/2"}],"replies":[{"embeddable":true,"href":"https:\/\/rafaelmantillaserrano.com\/es\/wp-json\/wp\/v2\/comments?post=16064"}],"version-history":[{"count":0,"href":"https:\/\/rafaelmantillaserrano.com\/es\/wp-json\/wp\/v2\/pages\/16064\/revisions"}],"wp:attachment":[{"href":"https:\/\/rafaelmantillaserrano.com\/es\/wp-json\/wp\/v2\/media?parent=16064"}],"curies":[{"name":"wp","href":"https:\/\/api.w.org\/{rel}","templated":true}]}}