{"id":6880,"date":"2017-04-21T14:32:54","date_gmt":"2017-04-21T19:32:54","guid":{"rendered":"https:\/\/mediclinic.qodeinteractive.com\/elementor\/?page_id=6880"},"modified":"2025-02-28T11:12:25","modified_gmt":"2025-02-28T16:12:25","slug":"dr-rafael-mantilla","status":"publish","type":"page","link":"https:\/\/rafaelmantillaserrano.com\/en\/dr-rafael-mantilla\/","title":{"rendered":"Dr. Rafael Mantilla"},"content":{"rendered":"<div data-elementor-type=\"wp-page\" data-elementor-id=\"6880\" class=\"elementor elementor-6880\">\n\t\t\t\t\t\t\t\t\t<section class=\"elementor-section elementor-top-section elementor-element elementor-element-bd2fe1a elementor-section-full_width elementor-section-height-default elementor-section-height-default mkdf-parallax-row-no mkdf-content-aligment-left mkdf-elementor-row-grid-no mkdf-disabled-bg-image-bellow-no\" data-id=\"bd2fe1a\" data-element_type=\"section\" data-settings=\"{&quot;background_background&quot;:&quot;classic&quot;}\">\n\t\t\t\t\t\t<div class=\"elementor-container elementor-column-gap-default\">\n\t\t\t\t\t<div class=\"elementor-column elementor-col-100 elementor-top-column elementor-element elementor-element-b2454d0\" data-id=\"b2454d0\" data-element_type=\"column\">\n\t\t\t<div class=\"elementor-widget-wrap elementor-element-populated\">\n\t\t\t\t\t\t\t\t<div class=\"elementor-element elementor-element-60abe12 elementor-widget elementor-widget-heading\" data-id=\"60abe12\" data-element_type=\"widget\" data-widget_type=\"heading.default\">\n\t\t\t\t<div class=\"elementor-widget-container\">\n\t\t\t<style>\/*! elementor - v3.16.0 - 17-10-2023 *\/\n.elementor-heading-title{padding:0;margin:0;line-height:1}.elementor-widget-heading .elementor-heading-title[class*=elementor-size-]>a{color:inherit;font-size:inherit;line-height:inherit}.elementor-widget-heading .elementor-heading-title.elementor-size-small{font-size:15px}.elementor-widget-heading .elementor-heading-title.elementor-size-medium{font-size:19px}.elementor-widget-heading .elementor-heading-title.elementor-size-large{font-size:29px}.elementor-widget-heading .elementor-heading-title.elementor-size-xl{font-size:39px}.elementor-widget-heading .elementor-heading-title.elementor-size-xxl{font-size:59px}<\/style><h2 class=\"elementor-heading-title elementor-size-default\">Learn more about my experience in Oral Rehabilitation.<\/h2>\t\t<\/div>\n\t\t\t\t<\/div>\n\t\t\t\t<section class=\"elementor-section elementor-inner-section elementor-element elementor-element-1acdb5b elementor-section-full_width mkdf-elementor-row-grid-section elementor-section-height-default elementor-section-height-default mkdf-parallax-row-no mkdf-content-aligment-left mkdf-disabled-bg-image-bellow-no\" data-id=\"1acdb5b\" data-element_type=\"section\">\n\t\t\t\t\t\t<div class=\"elementor-container elementor-column-gap-default\">\n\t\t\t\t\t<div class=\"elementor-column elementor-col-50 elementor-inner-column elementor-element elementor-element-3354f45\" data-id=\"3354f45\" data-element_type=\"column\">\n\t\t\t<div class=\"elementor-widget-wrap elementor-element-populated\">\n\t\t\t\t\t\t\t\t<div class=\"elementor-element elementor-element-5242be1 elementor-widget elementor-widget-text-editor\" data-id=\"5242be1\" data-element_type=\"widget\" data-widget_type=\"text-editor.default\">\n\t\t\t\t<div class=\"elementor-widget-container\">\n\t\t\t<style>\/*! elementor - v3.16.0 - 17-10-2023 *\/\n.elementor-widget-text-editor.elementor-drop-cap-view-stacked .elementor-drop-cap{background-color:#69727d;color:#fff}.elementor-widget-text-editor.elementor-drop-cap-view-framed .elementor-drop-cap{color:#69727d;border:3px solid;background-color:transparent}.elementor-widget-text-editor:not(.elementor-drop-cap-view-default) .elementor-drop-cap{margin-top:8px}.elementor-widget-text-editor:not(.elementor-drop-cap-view-default) .elementor-drop-cap-letter{width:1em;height:1em}.elementor-widget-text-editor .elementor-drop-cap{float:left;text-align:center;line-height:1;font-size:50px}.elementor-widget-text-editor .elementor-drop-cap-letter{display:inline-block}<\/style>\t\t\t\t<p>Dr. Rafael Mantilla Serrano is a renowned dentist in the city of Bucaramanga with over 20 years of experience specializing in Oral Rehabilitation and Dental Implants.<\/p>\n<p>His dedication and commitment have allowed many to smile today. His countless success stories are a testament to his strong vocation for serving his patients, as his greatest motivation is to contribute to improving the quality of life of those who seek his care daily.<\/p>\n<p>In 2012, he became the co-founder of Mantilla Serrano Dental Clinic, a modern oral health center with excellent facilities, state-of-the-art technology, spacious waiting rooms, and specialized consultation rooms. All designed to provide the best care and safety for patients.<\/p>\n<p>Throughout his professional career, he has been driven by continuous scientific advancement, always seeking the latest trends in Oral Rehabilitation and Dental Implants. He utilizes state-of-the-art equipment, materials, and techniques to provide patients with more precise, safe, and reliable procedures, always backed by a specialized professional team.<\/p><p><span style=\"color: var( --e-global-color-text ); font-family: var( --e-global-typography-text-font-family ), Sans-serif; font-weight: var( --e-global-typography-text-font-weight );\">Below, we share his curriculum:<\/span><br><\/p>\t\t\t\t\t\t<\/div>\n\t\t\t\t<\/div>\n\t\t\t\t\t<\/div>\n\t\t<\/div>\n\t\t\t\t<div class=\"elementor-column elementor-col-50 elementor-inner-column elementor-element elementor-element-d7f6f3f\" data-id=\"d7f6f3f\" data-element_type=\"column\">\n\t\t\t<div class=\"elementor-widget-wrap elementor-element-populated\">\n\t\t\t\t\t\t\t\t<div class=\"elementor-element elementor-element-aed4fe9 elementor-widget elementor-widget-image\" data-id=\"aed4fe9\" data-element_type=\"widget\" data-widget_type=\"image.default\">\n\t\t\t\t<div class=\"elementor-widget-container\">\n\t\t\t<style>\/*! elementor - v3.16.0 - 17-10-2023 *\/\n.elementor-widget-image{text-align:center}.elementor-widget-image a{display:inline-block}.elementor-widget-image a img[src$=\".svg\"]{width:48px}.elementor-widget-image img{vertical-align:middle;display:inline-block}<\/style>\t\t\t\t\t\t\t\t\t\t\t\t<img loading=\"lazy\" decoding=\"async\" width=\"900\" height=\"900\" src=\"https:\/\/rafaelmantillaserrano.com\/wp-content\/uploads\/2021\/11\/dr_rafael_mantilla_perfil_circle.png\" class=\"attachment-full size-full wp-image-15952\" alt=\"\" srcset=\"https:\/\/rafaelmantillaserrano.com\/wp-content\/uploads\/2021\/11\/dr_rafael_mantilla_perfil_circle.png 900w, https:\/\/rafaelmantillaserrano.com\/wp-content\/uploads\/2021\/11\/dr_rafael_mantilla_perfil_circle-300x300.png 300w, https:\/\/rafaelmantillaserrano.com\/wp-content\/uploads\/2021\/11\/dr_rafael_mantilla_perfil_circle-150x150.png 150w, https:\/\/rafaelmantillaserrano.com\/wp-content\/uploads\/2021\/11\/dr_rafael_mantilla_perfil_circle-768x768.png 768w, https:\/\/rafaelmantillaserrano.com\/wp-content\/uploads\/2021\/11\/dr_rafael_mantilla_perfil_circle-550x550.png 550w, https:\/\/rafaelmantillaserrano.com\/wp-content\/uploads\/2021\/11\/dr_rafael_mantilla_perfil_circle-600x600.png 600w, https:\/\/rafaelmantillaserrano.com\/wp-content\/uploads\/2021\/11\/dr_rafael_mantilla_perfil_circle-100x100.png 100w\" sizes=\"auto, (max-width: 900px) 100vw, 900px\" \/>\t\t\t\t\t\t\t\t\t\t\t\t\t\t\t<\/div>\n\t\t\t\t<\/div>\n\t\t\t\t\t<\/div>\n\t\t<\/div>\n\t\t\t\t\t\t\t<\/div>\n\t\t<\/section>\n\t\t\t\t\t<\/div>\n\t\t<\/div>\n\t\t\t\t\t\t\t<\/div>\n\t\t<\/section>\n\t\t\t\t<section class=\"elementor-section elementor-top-section elementor-element elementor-element-45a65c0 elementor-section-boxed elementor-section-height-default elementor-section-height-default mkdf-parallax-row-no mkdf-content-aligment-left mkdf-elementor-row-grid-no mkdf-disabled-bg-image-bellow-no\" data-id=\"45a65c0\" data-element_type=\"section\">\n\t\t\t\t\t\t<div class=\"elementor-container elementor-column-gap-default\">\n\t\t\t\t\t<div class=\"elementor-column elementor-col-100 elementor-top-column elementor-element elementor-element-9e5fca3\" data-id=\"9e5fca3\" data-element_type=\"column\">\n\t\t\t<div class=\"elementor-widget-wrap elementor-element-populated\">\n\t\t\t\t\t\t\t\t<div class=\"elementor-element elementor-element-9eaeb69 elementor-widget__width-initial elementor-widget-mobile__width-inherit elementor-widget elementor-widget-text-editor\" data-id=\"9eaeb69\" data-element_type=\"widget\" data-widget_type=\"text-editor.default\">\n\t\t\t\t<div class=\"elementor-widget-container\">\n\t\t\t\t\t\t\t<ul><li style=\"text-align: center;\">Dentist \/ Universidad Santo Tom\u00e1s, Bucaramanga \u2013 Colombia, 1995<\/li><li style=\"text-align: center;\">Specialist in Oral Rehabilitation and Implants \/ Universidad El Bosque, Bogot\u00e1 \u2013 Colombia, 2002<\/li><li style=\"text-align: center;\">Dentist \u2013 Speaker \u2013 Key Opinion Leader for 3M-ESPE<\/li><li style=\"text-align: center;\">Training in 3M-ESPE Dental Materials \/ St. Paul, Minnesota, USA<\/li><li style=\"text-align: center;\">Training in Dental Implants with Leading Companies \u2013 Zimmer (Carlsbad, USA), BioHorizons (Birmingham, USA), Adin (Tel Aviv, Israel), Straumann \/ Neodent (Curitiba, Brazil).<\/li><li style=\"text-align: center;\">Training in Computer-Guided Implant Surgery \/ GMI<\/li><li style=\"text-align: center;\">Training in Full-Arch System with Immediate Load \/ ILAPEO, Curitiba, Brazil<\/li><li style=\"text-align: center;\">University Lecturer in Postgraduate Studies \/ Universidad Santo Tom\u00e1s, Bucaramanga<\/li><li style=\"text-align: center;\">Co-founder of Mantilla Serrano Clinic \/ Bucaramanga<\/li><li style=\"text-align: center;\">Member of the Colombian Association of Prosthodontics<\/li><li style=\"text-align: center;\">Diploma in Teaching and Curriculum Management \/ Universidad Santo Tom\u00e1s<\/li><\/ul>\t\t\t\t\t\t<\/div>\n\t\t\t\t<\/div>\n\t\t\t\t<div class=\"elementor-element elementor-element-6c53058 elementor-widget elementor-widget-text-editor\" data-id=\"6c53058\" data-element_type=\"widget\" data-widget_type=\"text-editor.default\">\n\t\t\t\t<div class=\"elementor-widget-container\">\n\t\t\t\t\t\t\t<h5 style=\"text-align: center;\">Dr. Rafael Mantilla Serrano<br \/>Oral Rehabilitation Specialist in Bucaramanga<\/h5>\t\t\t\t\t\t<\/div>\n\t\t\t\t<\/div>\n\t\t\t\t<div class=\"elementor-element elementor-element-d3d27bc elementor-widget elementor-widget-image\" data-id=\"d3d27bc\" data-element_type=\"widget\" data-widget_type=\"image.default\">\n\t\t\t\t<div class=\"elementor-widget-container\">\n\t\t\t\t\t\t\t\t\t\t\t\t\t\t\t<img loading=\"lazy\" decoding=\"async\" width=\"300\" height=\"205\" src=\"https:\/\/rafaelmantillaserrano.com\/wp-content\/uploads\/2021\/11\/firma_dr_rafael_mantilla.png\" class=\"attachment-full size-full wp-image-15910\" alt=\"\" \/>\t\t\t\t\t\t\t\t\t\t\t\t\t\t\t<\/div>\n\t\t\t\t<\/div>\n\t\t\t\t\t<\/div>\n\t\t<\/div>\n\t\t\t\t\t\t\t<\/div>\n\t\t<\/section>\n\t\t\t\t<section class=\"mkdf-parallax-row-holder elementor-section elementor-top-section elementor-element elementor-element-dc826cb elementor-section-full_width mkdf-parallax-row-holder elementor-section-height-default elementor-section-height-default mkdf-content-aligment-left mkdf-elementor-row-grid-no mkdf-disabled-bg-image-bellow-no\" data-parallax-bg-speed=\"1\" data-parallax-bg-image=\"https:\/\/rafaelmantillaserrano.com\/wp-content\/uploads\/2021\/10\/dr_rafael_y_grupo_de_trabajo_negro.jpg\" data-parallax-bg-height=\"500\" data-id=\"dc826cb\" data-element_type=\"section\" data-settings=\"{&quot;background_background&quot;:&quot;classic&quot;,&quot;mikado_parallax_image&quot;:{&quot;url&quot;:&quot;https:\\\/\\\/rafaelmantillaserrano.com\\\/wp-content\\\/uploads\\\/2021\\\/10\\\/dr_rafael_y_grupo_de_trabajo_negro.jpg&quot;,&quot;id&quot;:15853,&quot;size&quot;:&quot;&quot;,&quot;alt&quot;:&quot;&quot;,&quot;source&quot;:&quot;library&quot;}}\">\n\t\t\t\t\t\t<div class=\"elementor-container elementor-column-gap-default\">\n\t\t\t\t\t<div class=\"elementor-column elementor-col-100 elementor-top-column elementor-element elementor-element-5a8a7ae\" data-id=\"5a8a7ae\" data-element_type=\"column\">\n\t\t\t<div class=\"elementor-widget-wrap elementor-element-populated\">\n\t\t\t\t\t\t\t\t<section class=\"elementor-section elementor-inner-section elementor-element elementor-element-0cce5f1 mkdf-elementor-row-grid-section elementor-section-full_width elementor-section-height-default elementor-section-height-default mkdf-parallax-row-no mkdf-content-aligment-left mkdf-disabled-bg-image-bellow-no\" data-id=\"0cce5f1\" data-element_type=\"section\">\n\t\t\t\t\t\t<div class=\"elementor-container elementor-column-gap-no\">\n\t\t\t\t\t<div class=\"elementor-column elementor-col-25 elementor-inner-column elementor-element elementor-element-17c5b88\" data-id=\"17c5b88\" data-element_type=\"column\">\n\t\t\t<div class=\"elementor-widget-wrap elementor-element-populated\">\n\t\t\t\t\t\t\t\t<div class=\"elementor-element elementor-element-dbc819d elementor-widget elementor-widget-mkdf_counter\" data-id=\"dbc819d\" data-element_type=\"widget\" data-widget_type=\"mkdf_counter.default\">\n\t\t\t\t<div class=\"elementor-widget-container\">\n\t\t\t<div class=\"mkdf-counter-holder\">\n\t<div class=\"mkdf-counter-inner\">\n\t\t\t\t\t\t\t\t\t<span class=\"mkdf-counter mkdf-zero-counter\" style=\"color: #FFFFFF\">20<\/span>\n\t\t\t\t\t\t\t<h6 class=\"mkdf-counter-title\" style=\"color: #FFFFFF\">\n\t\t\t\tYears of experience\t\t\t<\/h6>\n\t\t\t\t\t<\/div>\n<\/div>\t\t<\/div>\n\t\t\t\t<\/div>\n\t\t\t\t\t<\/div>\n\t\t<\/div>\n\t\t\t\t<div class=\"elementor-column elementor-col-25 elementor-inner-column elementor-element elementor-element-7905ce4\" data-id=\"7905ce4\" data-element_type=\"column\">\n\t\t\t<div class=\"elementor-widget-wrap elementor-element-populated\">\n\t\t\t\t\t\t\t\t<div class=\"elementor-element elementor-element-49e464a elementor-widget elementor-widget-mkdf_counter\" data-id=\"49e464a\" data-element_type=\"widget\" data-widget_type=\"mkdf_counter.default\">\n\t\t\t\t<div class=\"elementor-widget-container\">\n\t\t\t<div class=\"mkdf-counter-holder\">\n\t<div class=\"mkdf-counter-inner\">\n\t\t\t\t\t\t\t\t\t<span class=\"mkdf-counter mkdf-zero-counter\" style=\"color: #FFFFFF\">1243<\/span>\n\t\t\t\t\t\t\t<h6 class=\"mkdf-counter-title\" style=\"color: #FFFFFF\">\n\t\t\t\tSuccessful Treatments\t\t\t<\/h6>\n\t\t\t\t\t<\/div>\n<\/div>\t\t<\/div>\n\t\t\t\t<\/div>\n\t\t\t\t\t<\/div>\n\t\t<\/div>\n\t\t\t\t<div class=\"elementor-column elementor-col-25 elementor-inner-column elementor-element elementor-element-425021c\" data-id=\"425021c\" data-element_type=\"column\">\n\t\t\t<div class=\"elementor-widget-wrap elementor-element-populated\">\n\t\t\t\t\t\t\t\t<div class=\"elementor-element elementor-element-b580ce5 elementor-widget elementor-widget-mkdf_counter\" data-id=\"b580ce5\" data-element_type=\"widget\" data-widget_type=\"mkdf_counter.default\">\n\t\t\t\t<div class=\"elementor-widget-container\">\n\t\t\t<div class=\"mkdf-counter-holder\">\n\t<div class=\"mkdf-counter-inner\">\n\t\t\t\t\t\t\t\t\t<span class=\"mkdf-counter mkdf-zero-counter\" style=\"color: #FFFFFF\">1162<\/span>\n\t\t\t\t\t\t\t<h6 class=\"mkdf-counter-title\" style=\"color: #FFFFFF\">\n\t\t\t\tHappy Patients\t\t\t<\/h6>\n\t\t\t\t\t<\/div>\n<\/div>\t\t<\/div>\n\t\t\t\t<\/div>\n\t\t\t\t\t<\/div>\n\t\t<\/div>\n\t\t\t\t<div class=\"elementor-column elementor-col-25 elementor-inner-column elementor-element elementor-element-7534470\" data-id=\"7534470\" data-element_type=\"column\">\n\t\t\t<div class=\"elementor-widget-wrap elementor-element-populated\">\n\t\t\t\t\t\t\t\t<div class=\"elementor-element elementor-element-80ae4e8 elementor-widget elementor-widget-mkdf_counter\" data-id=\"80ae4e8\" data-element_type=\"widget\" data-widget_type=\"mkdf_counter.default\">\n\t\t\t\t<div class=\"elementor-widget-container\">\n\t\t\t<div class=\"mkdf-counter-holder\">\n\t<div class=\"mkdf-counter-inner\">\n\t\t\t\t\t\t\t\t\t<span class=\"mkdf-counter mkdf-zero-counter\" style=\"color: #FFFFFF\">93<\/span>\n\t\t\t\t\t\t\t<h6 class=\"mkdf-counter-title\" style=\"color: #FFFFFF\">\n\t\t\t\tTestimonials\t\t\t<\/h6>\n\t\t\t\t\t<\/div>\n<\/div>\t\t<\/div>\n\t\t\t\t<\/div>\n\t\t\t\t\t<\/div>\n\t\t<\/div>\n\t\t\t\t\t\t\t<\/div>\n\t\t<\/section>\n\t\t\t\t\t<\/div>\n\t\t<\/div>\n\t\t\t\t\t\t\t<\/div>\n\t\t<\/section>\n\t\t\t\t<section class=\"elementor-section elementor-top-section elementor-element elementor-element-aa691a6 elementor-section-full_width mkdf-elementor-row-grid-section elementor-section-height-default elementor-section-height-default mkdf-parallax-row-no mkdf-content-aligment-left mkdf-disabled-bg-image-bellow-no\" data-id=\"aa691a6\" data-element_type=\"section\">\n\t\t\t\t\t\t<div class=\"elementor-container elementor-column-gap-default\">\n\t\t\t\t\t<div class=\"elementor-column elementor-col-100 elementor-top-column elementor-element elementor-element-4fc802e\" data-id=\"4fc802e\" data-element_type=\"column\">\n\t\t\t<div class=\"elementor-widget-wrap elementor-element-populated\">\n\t\t\t\t\t\t\t\t<div class=\"elementor-element elementor-element-4979cb3 elementor-widget elementor-widget-text-editor\" data-id=\"4979cb3\" data-element_type=\"widget\" data-widget_type=\"text-editor.default\">\n\t\t\t\t<div class=\"elementor-widget-container\">\n\t\t\t\t\t\t\t<h3>We can only offer you the Highest Quality Dentistry. <strong>Schedule your appointment easily here!<\/strong><\/h3>\t\t\t\t\t\t<\/div>\n\t\t\t\t<\/div>\n\t\t\t\t<div class=\"elementor-element elementor-element-4a21559 elementor-widget__width-initial elementor-widget-mobile__width-inherit elementor-widget elementor-widget-text-editor\" data-id=\"4a21559\" data-element_type=\"widget\" data-widget_type=\"text-editor.default\">\n\t\t\t\t<div class=\"elementor-widget-container\">\n\t\t\t\t\t\t\t<p class=\"translation-block\">Thanks to our extensive experience, today we can only offer you the <b>Highest Quality Dental Services in Bucaramanga<\/b>. Scheduling an appointment with us is always easy\u2014just click the button below.<\/p>\t\t\t\t\t\t<\/div>\n\t\t\t\t<\/div>\n\t\t\t\t<div class=\"elementor-element elementor-element-a778694 elementor-widget elementor-widget-spacer\" data-id=\"a778694\" data-element_type=\"widget\" data-widget_type=\"spacer.default\">\n\t\t\t\t<div class=\"elementor-widget-container\">\n\t\t\t<style>\/*! elementor - v3.16.0 - 17-10-2023 *\/\n.elementor-column .elementor-spacer-inner{height:var(--spacer-size)}.e-con{--container-widget-width:100%}.e-con-inner>.elementor-widget-spacer,.e-con>.elementor-widget-spacer{width:var(--container-widget-width,var(--spacer-size));--align-self:var(--container-widget-align-self,initial);--flex-shrink:0}.e-con-inner>.elementor-widget-spacer>.elementor-widget-container,.e-con>.elementor-widget-spacer>.elementor-widget-container{height:100%;width:100%}.e-con-inner>.elementor-widget-spacer>.elementor-widget-container>.elementor-spacer,.e-con>.elementor-widget-spacer>.elementor-widget-container>.elementor-spacer{height:100%}.e-con-inner>.elementor-widget-spacer>.elementor-widget-container>.elementor-spacer>.elementor-spacer-inner,.e-con>.elementor-widget-spacer>.elementor-widget-container>.elementor-spacer>.elementor-spacer-inner{height:var(--container-widget-height,var(--spacer-size))}.e-con-inner>.elementor-widget-spacer.elementor-widget-empty,.e-con>.elementor-widget-spacer.elementor-widget-empty{position:relative;min-height:22px;min-width:22px}.e-con-inner>.elementor-widget-spacer.elementor-widget-empty .elementor-widget-empty-icon,.e-con>.elementor-widget-spacer.elementor-widget-empty .elementor-widget-empty-icon{position:absolute;top:0;bottom:0;left:0;right:0;margin:auto;padding:0;width:22px;height:22px}<\/style>\t\t<div class=\"elementor-spacer\">\n\t\t\t<div class=\"elementor-spacer-inner\"><\/div>\n\t\t<\/div>\n\t\t\t\t<\/div>\n\t\t\t\t<\/div>\n\t\t\t\t<div class=\"elementor-element elementor-element-4a1c1d4 elementor-widget elementor-widget-mkdf_button\" data-id=\"4a1c1d4\" data-element_type=\"widget\" data-widget_type=\"mkdf_button.default\">\n\t\t\t\t<div class=\"elementor-widget-container\">\n\t\t\t<a itemprop=\"url\" href=\"https:\/\/rafaelmantillaserrano.com\/en\/citas\/\" target=\"_self\"  class=\"mkdf-btn mkdf-btn-medium mkdf-btn-solid mkdf-btn-solid-dark mkdf-btn-icon\"  >\n    <span class=\"mkdf-btn-text\">Schedule an Appointment<\/span>\n    <span class=\"mkdf-btn-icon-holder\">\n        <span class=\"mkdf-btn-icon-normal\" ><i class=\"mkdf-icon-ion-icon ion-chevron-right\" ><\/i><\/span>\n        <span class=\"mkdf-btn-icon-flip\" ><i class=\"mkdf-icon-ion-icon ion-chevron-right\" ><\/i><\/span>\n    <\/span>\n<\/a>\t\t<\/div>\n\t\t\t\t<\/div>\n\t\t\t\t\t<\/div>\n\t\t<\/div>\n\t\t\t\t\t\t\t<\/div>\n\t\t<\/section>\n\t\t\t\t\t\t\t<\/div>","protected":false},"excerpt":{"rendered":"<p>Conoce un poco m\u00e1s sobre mi experiencia en Rehabilitaci\u00f3n Oral El Doctor Rafael Mantilla Serrano es un reconocido odont\u00f3logo de la ciudad de Bucaramanga que cuenta con m\u00e1s de 20 a\u00f1os de experiencia en la especialidad de Rehabilitaci\u00f3n oral e implantes dentales. Su dedicaci\u00f3n y compromiso han permitido que hoy muchos puedan sonre\u00edr, sus innumerables casos de \u00e9xito son una muestra de su gran vocaci\u00f3n al servicio de sus pacientes, pues su mayor motivaci\u00f3n es contribuir con su trabajo en mejorar la calidad de vida de las personas que le consultan diariamente. El en a\u00f1o 2012 se convierte en cofundador de la cl\u00ednica odontol\u00f3gica Mantilla Serrano, un moderno centro de atenci\u00f3n en salud oral que consta con excelentes instalaciones, tecnologia de punta, amplias salas de espera, consultorios para las diferentes especialidades; con el fin de ofrecer la mejor atenci\u00f3n y seguridad a sus pacientes. Durante su carrera profesional se ha motivado por realizar permanente actualizaci\u00f3n cient\u00edfica, en busca de nuevas tendencias en el campo de la Rehabilitaci\u00f3n oral e Implantes dentales; utilizando equipos , materiales y t\u00e9cnicas de \u00faltima generaci\u00f3n, con el fin de ofrecer a nuestros pacientes procedimientos m\u00e1s precisos, seguros y confiables, siempre con el respaldo de un equipo profesional especializado. A continuaci\u00f3n compartiremos su curr\u00edculo: Odont\u00f3logo\/ Universidad Santo Tomas, Bucaramanga \u2013 Colombia 1995 Especialista en Rehabilitaci\u00f3n oral e Implantes\/ Universidad El Bosque, Bogot\u00e1- Colombia 2002 Odont\u00f3logo &#8211; Speaker &#8211; L\u00edder de opini\u00f3n para 3M-ESPE Entrenamiento en materiales dentales 3M-ESPE \/ St Paul \/ Minnesota \/USA Entrenamiento en Implantes dentales casas comerciales \/ Zimmer (Carlsbad\/ USA), Biohorizons (Birmingham\/ USA), Adin ( Tel Aviv \/Israel), Straumann \/ Neodent ( Curitiba \/Brazil) Entrenamiento en Cirug\u00eda de implantes guiada por computador \/ GMI Entrenamiento en Sistema de arco total con Carga Inmediata \/ ILAPEO\/ Curitiba \/ Brazil Docente Universitario en postgrado Universidad Santo Tomas\/ Bucaramanga Cofundador Clinica Mantilla Serrano \/ Bucaramanga Miembro Asociaci\u00f3n Colombiana de Prostodoncia Diplomado en Docencia y Gesti\u00f3n curricular \/ Universidad Santo Tom\u00e1s. Dr. Rafael Mantilla SerranoRehabilitador Oral en Bucaramanga 20 A\u00f1os de Experiencia 1243 Tratamientos exitosos 1162 Pacientes felices 93 Testimonios S\u00f3lo podemos ofrecerte Odontolog\u00eda de\u00a0 la M\u00e1s Alta Calidad, \u00a1programa f\u00e1cil tu cita aqu\u00ed! Gracias a toda nuestra amplia experiencia hoy s\u00f3lo podemos ofrecerte la M\u00e1s Alta Calidad en servicios Odontol\u00f3gicos en Bucaramanga, y siempre es muy f\u00e1cil programar una cita con nosotros, s\u00f3lo da clic en el siguiente bot\u00f3n. Programar cita<\/p>","protected":false},"author":2,"featured_media":0,"parent":0,"menu_order":0,"comment_status":"closed","ping_status":"closed","template":"full-width.php","meta":{"_joinchat":[],"footnotes":""},"class_list":["post-6880","page","type-page","status-publish","hentry"],"_links":{"self":[{"href":"https:\/\/rafaelmantillaserrano.com\/en\/wp-json\/wp\/v2\/pages\/6880","targetHints":{"allow":["GET"]}}],"collection":[{"href":"https:\/\/rafaelmantillaserrano.com\/en\/wp-json\/wp\/v2\/pages"}],"about":[{"href":"https:\/\/rafaelmantillaserrano.com\/en\/wp-json\/wp\/v2\/types\/page"}],"author":[{"embeddable":true,"href":"https:\/\/rafaelmantillaserrano.com\/en\/wp-json\/wp\/v2\/users\/2"}],"replies":[{"embeddable":true,"href":"https:\/\/rafaelmantillaserrano.com\/en\/wp-json\/wp\/v2\/comments?post=6880"}],"version-history":[{"count":4,"href":"https:\/\/rafaelmantillaserrano.com\/en\/wp-json\/wp\/v2\/pages\/6880\/revisions"}],"predecessor-version":[{"id":17333,"href":"https:\/\/rafaelmantillaserrano.com\/en\/wp-json\/wp\/v2\/pages\/6880\/revisions\/17333"}],"wp:attachment":[{"href":"https:\/\/rafaelmantillaserrano.com\/en\/wp-json\/wp\/v2\/media?parent=6880"}],"curies":[{"name":"wp","href":"https:\/\/api.w.org\/{rel}","templated":true}]}}