{"id":6808,"date":"2017-04-21T11:48:59","date_gmt":"2017-04-21T16:48:59","guid":{"rendered":"https:\/\/mediclinic.qodeinteractive.com\/elementor\/?page_id=6808"},"modified":"2021-12-16T22:36:25","modified_gmt":"2021-12-17T03:36:25","slug":"rehabilitacion-oral","status":"publish","type":"page","link":"https:\/\/rafaelmantillaserrano.com\/en\/rehabilitacion-oral\/","title":{"rendered":"Oral rehabilitation"},"content":{"rendered":"<div data-elementor-type=\"wp-page\" data-elementor-id=\"6808\" class=\"elementor elementor-6808\">\n\t\t\t\t\t\t\t\t\t<section class=\"elementor-section elementor-top-section elementor-element elementor-element-362fe63 elementor-section-full_width elementor-section-height-default elementor-section-height-default mkdf-parallax-row-no mkdf-content-aligment-left mkdf-elementor-row-grid-no mkdf-disabled-bg-image-bellow-no\" data-id=\"362fe63\" data-element_type=\"section\" data-settings=\"{&quot;background_background&quot;:&quot;classic&quot;}\">\n\t\t\t\t\t\t<div class=\"elementor-container elementor-column-gap-default\">\n\t\t\t\t\t<div class=\"elementor-column elementor-col-100 elementor-top-column elementor-element elementor-element-82045dd\" data-id=\"82045dd\" data-element_type=\"column\">\n\t\t\t<div class=\"elementor-widget-wrap\">\n\t\t\t\t\t\t\t\t\t<\/div>\n\t\t<\/div>\n\t\t\t\t\t\t\t<\/div>\n\t\t<\/section>\n\t\t\t\t<section class=\"elementor-section elementor-top-section elementor-element elementor-element-78f2a8ab elementor-section-full_width elementor-section-height-default elementor-section-height-default mkdf-parallax-row-no mkdf-content-aligment-left mkdf-elementor-row-grid-no mkdf-disabled-bg-image-bellow-no\" data-id=\"78f2a8ab\" data-element_type=\"section\">\n\t\t\t\t\t\t<div class=\"elementor-container elementor-column-gap-default\">\n\t\t\t\t\t<div class=\"elementor-column elementor-col-100 elementor-top-column elementor-element elementor-element-67322e62\" data-id=\"67322e62\" data-element_type=\"column\">\n\t\t\t<div class=\"elementor-widget-wrap elementor-element-populated\">\n\t\t\t\t\t\t\t\t<div class=\"elementor-element elementor-element-1b495e74 elementor-widget elementor-widget-image\" data-id=\"1b495e74\" data-element_type=\"widget\" data-widget_type=\"image.default\">\n\t\t\t\t<div class=\"elementor-widget-container\">\n\t\t\t<style>\/*! elementor - v3.16.0 - 17-10-2023 *\/\n.elementor-widget-image{text-align:center}.elementor-widget-image a{display:inline-block}.elementor-widget-image a img[src$=\".svg\"]{width:48px}.elementor-widget-image img{vertical-align:middle;display:inline-block}<\/style>\t\t\t\t\t\t\t\t\t\t\t\t<img loading=\"lazy\" decoding=\"async\" width=\"1000\" height=\"1000\" src=\"https:\/\/rafaelmantillaserrano.com\/wp-content\/uploads\/2025\/03\/oral_rehabilitation.png\" class=\"attachment-full size-full wp-image-16354\" alt=\"\" srcset=\"https:\/\/rafaelmantillaserrano.com\/wp-content\/uploads\/2025\/03\/oral_rehabilitation.png 1000w, https:\/\/rafaelmantillaserrano.com\/wp-content\/uploads\/2025\/03\/oral_rehabilitation-300x300.png 300w, https:\/\/rafaelmantillaserrano.com\/wp-content\/uploads\/2025\/03\/oral_rehabilitation-150x150.png 150w, https:\/\/rafaelmantillaserrano.com\/wp-content\/uploads\/2025\/03\/oral_rehabilitation-768x768.png 768w, https:\/\/rafaelmantillaserrano.com\/wp-content\/uploads\/2025\/03\/oral_rehabilitation-12x12.png 12w, https:\/\/rafaelmantillaserrano.com\/wp-content\/uploads\/2025\/03\/oral_rehabilitation-550x550.png 550w\" sizes=\"auto, (max-width: 1000px) 100vw, 1000px\" \/>\t\t\t\t\t\t\t\t\t\t\t\t\t\t\t<\/div>\n\t\t\t\t<\/div>\n\t\t\t\t<div class=\"elementor-element elementor-element-2c13a791 elementor-widget elementor-widget-text-editor\" data-id=\"2c13a791\" data-element_type=\"widget\" data-widget_type=\"text-editor.default\">\n\t\t\t\t<div class=\"elementor-widget-container\">\n\t\t\t<style>\/*! elementor - v3.16.0 - 17-10-2023 *\/\n.elementor-widget-text-editor.elementor-drop-cap-view-stacked .elementor-drop-cap{background-color:#69727d;color:#fff}.elementor-widget-text-editor.elementor-drop-cap-view-framed .elementor-drop-cap{color:#69727d;border:3px solid;background-color:transparent}.elementor-widget-text-editor:not(.elementor-drop-cap-view-default) .elementor-drop-cap{margin-top:8px}.elementor-widget-text-editor:not(.elementor-drop-cap-view-default) .elementor-drop-cap-letter{width:1em;height:1em}.elementor-widget-text-editor .elementor-drop-cap{float:left;text-align:center;line-height:1;font-size:50px}.elementor-widget-text-editor .elementor-drop-cap-letter{display:inline-block}<\/style>\t\t\t\t<p>Oral rehabilitation is the branch of dentistry responsible for restoration; in other words, it restores aesthetic function and oral harmony through dental prostheses for missing teeth, severe damage, or aesthetic issues, always aiming for proper occlusion and function.<\/p><p><br \/>Oral rehabilitation is a specialty within dentistry that integrates the areas of fixed prosthodontics, removable prosthodontics, operative dentistry, occlusion, and dental implants. It involves diagnosing and creating an appropriate treatment plan for high-complexity patients who need to restore their oral health through the most modern rehabilitation techniques.<\/p><p>At the same time, it establishes a close relationship with other dental disciplines, such as periodontics, endodontics, and orthodontics.<\/p><p><br \/>Through current dental techniques, these rehabilitations are achieved with fixed prostheses, either on teeth or dental implants, in over 95% of patients, avoiding the use of removable prostheses that are always uncomfortable and, in many cases, impossible to tolerate.<\/p>\t\t\t\t\t\t<\/div>\n\t\t\t\t<\/div>\n\t\t\t\t\t<\/div>\n\t\t<\/div>\n\t\t\t\t\t\t\t<\/div>\n\t\t<\/section>\n\t\t\t\t<section class=\"elementor-section elementor-top-section elementor-element elementor-element-23ce33a6 elementor-section-full_width mkdf-elementor-row-grid-section elementor-section-height-default elementor-section-height-default mkdf-parallax-row-no mkdf-content-aligment-left mkdf-disabled-bg-image-bellow-no\" data-id=\"23ce33a6\" data-element_type=\"section\">\n\t\t\t\t\t\t<div class=\"elementor-container elementor-column-gap-default\">\n\t\t\t\t\t<div class=\"elementor-column elementor-col-100 elementor-top-column elementor-element elementor-element-71aa5fd2\" data-id=\"71aa5fd2\" data-element_type=\"column\">\n\t\t\t<div class=\"elementor-widget-wrap elementor-element-populated\">\n\t\t\t\t\t\t\t\t<div class=\"elementor-element elementor-element-2ef037d elementor-widget elementor-widget-text-editor\" data-id=\"2ef037d\" data-element_type=\"widget\" data-widget_type=\"text-editor.default\">\n\t\t\t\t<div class=\"elementor-widget-container\">\n\t\t\t\t\t\t\t<h3>We can only offer you the Highest Quality Dentistry. <strong>Schedule your appointment easily here!<\/strong><\/h3>\t\t\t\t\t\t<\/div>\n\t\t\t\t<\/div>\n\t\t\t\t<div class=\"elementor-element elementor-element-753926a elementor-widget__width-initial elementor-widget-mobile__width-inherit elementor-widget elementor-widget-text-editor\" data-id=\"753926a\" data-element_type=\"widget\" data-widget_type=\"text-editor.default\">\n\t\t\t\t<div class=\"elementor-widget-container\">\n\t\t\t\t\t\t\t<p class=\"translation-block\">Thanks to our extensive experience, today we can only offer you the <b>Highest Quality Dental Services in Bucaramanga<\/b>. Scheduling an appointment with us is always easy\u2014just click the button below.<\/p>\t\t\t\t\t\t<\/div>\n\t\t\t\t<\/div>\n\t\t\t\t<div class=\"elementor-element elementor-element-747066b7 elementor-widget elementor-widget-spacer\" data-id=\"747066b7\" data-element_type=\"widget\" data-widget_type=\"spacer.default\">\n\t\t\t\t<div class=\"elementor-widget-container\">\n\t\t\t<style>\/*! elementor - v3.16.0 - 17-10-2023 *\/\n.elementor-column .elementor-spacer-inner{height:var(--spacer-size)}.e-con{--container-widget-width:100%}.e-con-inner>.elementor-widget-spacer,.e-con>.elementor-widget-spacer{width:var(--container-widget-width,var(--spacer-size));--align-self:var(--container-widget-align-self,initial);--flex-shrink:0}.e-con-inner>.elementor-widget-spacer>.elementor-widget-container,.e-con>.elementor-widget-spacer>.elementor-widget-container{height:100%;width:100%}.e-con-inner>.elementor-widget-spacer>.elementor-widget-container>.elementor-spacer,.e-con>.elementor-widget-spacer>.elementor-widget-container>.elementor-spacer{height:100%}.e-con-inner>.elementor-widget-spacer>.elementor-widget-container>.elementor-spacer>.elementor-spacer-inner,.e-con>.elementor-widget-spacer>.elementor-widget-container>.elementor-spacer>.elementor-spacer-inner{height:var(--container-widget-height,var(--spacer-size))}.e-con-inner>.elementor-widget-spacer.elementor-widget-empty,.e-con>.elementor-widget-spacer.elementor-widget-empty{position:relative;min-height:22px;min-width:22px}.e-con-inner>.elementor-widget-spacer.elementor-widget-empty .elementor-widget-empty-icon,.e-con>.elementor-widget-spacer.elementor-widget-empty .elementor-widget-empty-icon{position:absolute;top:0;bottom:0;left:0;right:0;margin:auto;padding:0;width:22px;height:22px}<\/style>\t\t<div class=\"elementor-spacer\">\n\t\t\t<div class=\"elementor-spacer-inner\"><\/div>\n\t\t<\/div>\n\t\t\t\t<\/div>\n\t\t\t\t<\/div>\n\t\t\t\t<div class=\"elementor-element elementor-element-26f816a elementor-widget elementor-widget-mkdf_button\" data-id=\"26f816a\" data-element_type=\"widget\" data-widget_type=\"mkdf_button.default\">\n\t\t\t\t<div class=\"elementor-widget-container\">\n\t\t\t<a itemprop=\"url\" href=\"https:\/\/rafaelmantillaserrano.com\/en\/citas\/\" target=\"_self\"  class=\"mkdf-btn mkdf-btn-medium mkdf-btn-solid mkdf-btn-solid-dark mkdf-btn-icon\"  >\n    <span class=\"mkdf-btn-text\">Schedule an Appointment<\/span>\n    <span class=\"mkdf-btn-icon-holder\">\n        <span class=\"mkdf-btn-icon-normal\" ><i class=\"mkdf-icon-ion-icon ion-chevron-right\" ><\/i><\/span>\n        <span class=\"mkdf-btn-icon-flip\" ><i class=\"mkdf-icon-ion-icon ion-chevron-right\" ><\/i><\/span>\n    <\/span>\n<\/a>\t\t<\/div>\n\t\t\t\t<\/div>\n\t\t\t\t\t<\/div>\n\t\t<\/div>\n\t\t\t\t\t\t\t<\/div>\n\t\t<\/section>\n\t\t\t\t\t\t\t<\/div>","protected":false},"excerpt":{"rendered":"<p>La rehabilitaci\u00f3n oral es la rama de la Odontolog\u00eda encargada de la restauraci\u00f3n; es decir, devuelve la funci\u00f3n est\u00e9tica y armon\u00eda oral mediante pr\u00f3tesis dentales de p\u00e9rdidas de dientes, grandes destrucciones o de solucionar problemas est\u00e9ticos, siempre buscando una oclusi\u00f3n y funci\u00f3n correcta. La rehabilitaci\u00f3n oral es una especialidad dentro de la odontolog\u00eda que combina en forma integral las \u00e1reas de pr\u00f3tesis fija, pr\u00f3tesis removible, operatoria, oclusi\u00f3n e Implante dental, que realiza el diagn\u00f3stico y plan de tratamiento adecuado al paciente de alta complejidad que requiere recuperar su salud bucal a trav\u00e9s de las t\u00e9cnicas m\u00e1s modernas de rehabilitaci\u00f3n. A su vez, establece estrecha relaci\u00f3n con las dem\u00e1s disciplinas de la odontolog\u00eda, como periodoncia, endodoncia y ortodoncia. Mediante las t\u00e9cnicas actuales de odontolog\u00eda se consigue hacer dichas rehabilitaciones mediante pr\u00f3tesis fijas ya sea sobre dientes o Implantes dentales en m\u00e1s del 95% los pacientes, con lo que se evita la utilizaci\u00f3n de pr\u00f3tesis removibles que siempre son inc\u00f3modas y en muchos casos imposibles de soportar. S\u00f3lo podemos ofrecerte Odontolog\u00eda de\u00a0la M\u00e1s Alta Calidad, \u00a1programa f\u00e1cil tu cita aqu\u00ed! Gracias a toda nuestra amplia experiencia hoy s\u00f3lo podemos ofrecerte la M\u00e1s Alta Calidad en servicios Odontol\u00f3gicos en Bucaramanga, y siempre es muy f\u00e1cil programar una cita con nosotros, s\u00f3lo da clic en el siguiente bot\u00f3n. Programar cita<\/p>","protected":false},"author":2,"featured_media":0,"parent":0,"menu_order":0,"comment_status":"closed","ping_status":"closed","template":"","meta":{"_joinchat":[],"footnotes":""},"class_list":["post-6808","page","type-page","status-publish","hentry"],"_links":{"self":[{"href":"https:\/\/rafaelmantillaserrano.com\/en\/wp-json\/wp\/v2\/pages\/6808","targetHints":{"allow":["GET"]}}],"collection":[{"href":"https:\/\/rafaelmantillaserrano.com\/en\/wp-json\/wp\/v2\/pages"}],"about":[{"href":"https:\/\/rafaelmantillaserrano.com\/en\/wp-json\/wp\/v2\/types\/page"}],"author":[{"embeddable":true,"href":"https:\/\/rafaelmantillaserrano.com\/en\/wp-json\/wp\/v2\/users\/2"}],"replies":[{"embeddable":true,"href":"https:\/\/rafaelmantillaserrano.com\/en\/wp-json\/wp\/v2\/comments?post=6808"}],"version-history":[{"count":0,"href":"https:\/\/rafaelmantillaserrano.com\/en\/wp-json\/wp\/v2\/pages\/6808\/revisions"}],"wp:attachment":[{"href":"https:\/\/rafaelmantillaserrano.com\/en\/wp-json\/wp\/v2\/media?parent=6808"}],"curies":[{"name":"wp","href":"https:\/\/api.w.org\/{rel}","templated":true}]}}