{"id":16068,"date":"2021-11-18T21:02:21","date_gmt":"2021-11-19T02:02:21","guid":{"rendered":"https:\/\/rafaelmantillaserrano.com\/?page_id=16068"},"modified":"2022-09-27T12:15:05","modified_gmt":"2022-09-27T17:15:05","slug":"odontologia-general","status":"publish","type":"page","link":"https:\/\/rafaelmantillaserrano.com\/en\/odontologia-general\/","title":{"rendered":"General dentistry"},"content":{"rendered":"<div data-elementor-type=\"wp-page\" data-elementor-id=\"16068\" class=\"elementor elementor-16068\">\n\t\t\t\t\t\t\t\t\t<section class=\"elementor-section elementor-top-section elementor-element elementor-element-109acecb elementor-section-full_width elementor-section-height-default elementor-section-height-default mkdf-parallax-row-no mkdf-content-aligment-left mkdf-elementor-row-grid-no mkdf-disabled-bg-image-bellow-no\" data-id=\"109acecb\" data-element_type=\"section\">\n\t\t\t\t\t\t<div class=\"elementor-container elementor-column-gap-default\">\n\t\t\t\t\t<div class=\"elementor-column elementor-col-100 elementor-top-column elementor-element elementor-element-56797693\" data-id=\"56797693\" data-element_type=\"column\">\n\t\t\t<div class=\"elementor-widget-wrap elementor-element-populated\">\n\t\t\t\t\t\t\t\t<div class=\"elementor-element elementor-element-5d759117 elementor-widget elementor-widget-image\" data-id=\"5d759117\" data-element_type=\"widget\" data-widget_type=\"image.default\">\n\t\t\t\t<div class=\"elementor-widget-container\">\n\t\t\t<style>\/*! elementor - v3.16.0 - 17-10-2023 *\/\n.elementor-widget-image{text-align:center}.elementor-widget-image a{display:inline-block}.elementor-widget-image a img[src$=\".svg\"]{width:48px}.elementor-widget-image img{vertical-align:middle;display:inline-block}<\/style>\t\t\t\t\t\t\t\t\t\t\t\t<img loading=\"lazy\" decoding=\"async\" width=\"1000\" height=\"1000\" src=\"https:\/\/rafaelmantillaserrano.com\/wp-content\/uploads\/2025\/03\/general_dentistry.jpg\" class=\"attachment-full size-full wp-image-16355\" alt=\"\" srcset=\"https:\/\/rafaelmantillaserrano.com\/wp-content\/uploads\/2025\/03\/general_dentistry.jpg 1000w, https:\/\/rafaelmantillaserrano.com\/wp-content\/uploads\/2025\/03\/general_dentistry-300x300.jpg 300w, https:\/\/rafaelmantillaserrano.com\/wp-content\/uploads\/2025\/03\/general_dentistry-150x150.jpg 150w, https:\/\/rafaelmantillaserrano.com\/wp-content\/uploads\/2025\/03\/general_dentistry-768x768.jpg 768w, https:\/\/rafaelmantillaserrano.com\/wp-content\/uploads\/2025\/03\/general_dentistry-12x12.jpg 12w, https:\/\/rafaelmantillaserrano.com\/wp-content\/uploads\/2025\/03\/general_dentistry-550x550.jpg 550w\" sizes=\"auto, (max-width: 1000px) 100vw, 1000px\" \/>\t\t\t\t\t\t\t\t\t\t\t\t\t\t\t<\/div>\n\t\t\t\t<\/div>\n\t\t\t\t<div class=\"elementor-element elementor-element-45b1e7a9 elementor-widget elementor-widget-text-editor\" data-id=\"45b1e7a9\" data-element_type=\"widget\" data-widget_type=\"text-editor.default\">\n\t\t\t\t<div class=\"elementor-widget-container\">\n\t\t\t<style>\/*! elementor - v3.16.0 - 17-10-2023 *\/\n.elementor-widget-text-editor.elementor-drop-cap-view-stacked .elementor-drop-cap{background-color:#69727d;color:#fff}.elementor-widget-text-editor.elementor-drop-cap-view-framed .elementor-drop-cap{color:#69727d;border:3px solid;background-color:transparent}.elementor-widget-text-editor:not(.elementor-drop-cap-view-default) .elementor-drop-cap{margin-top:8px}.elementor-widget-text-editor:not(.elementor-drop-cap-view-default) .elementor-drop-cap-letter{width:1em;height:1em}.elementor-widget-text-editor .elementor-drop-cap{float:left;text-align:center;line-height:1;font-size:50px}.elementor-widget-text-editor .elementor-drop-cap-letter{display:inline-block}<\/style>\t\t\t\t<p>General Dentistry (Operative Dentistry) is responsible for addressing primary issues related to the mouth, teeth, and other related structures. In most cases, it serves as the patient's initial contact and diagnostic stage with the dental professional.<\/p><p><strong>ORAL HYGIENE<\/strong><\/p><p>A dental hygienist is an expert in oral health diseases and hygiene and is responsible for performing teaching and educational procedures for patients in the dental office.<\/p>\t\t\t\t\t\t<\/div>\n\t\t\t\t<\/div>\n\t\t\t\t\t<\/div>\n\t\t<\/div>\n\t\t\t\t\t\t\t<\/div>\n\t\t<\/section>\n\t\t\t\t<section class=\"elementor-section elementor-top-section elementor-element elementor-element-6345f56 elementor-section-full_width mkdf-elementor-row-grid-section elementor-section-height-default elementor-section-height-default mkdf-parallax-row-no mkdf-content-aligment-left mkdf-disabled-bg-image-bellow-no\" data-id=\"6345f56\" data-element_type=\"section\">\n\t\t\t\t\t\t<div class=\"elementor-container elementor-column-gap-default\">\n\t\t\t\t\t<div class=\"elementor-column elementor-col-100 elementor-top-column elementor-element elementor-element-dff438f\" data-id=\"dff438f\" data-element_type=\"column\">\n\t\t\t<div class=\"elementor-widget-wrap elementor-element-populated\">\n\t\t\t\t\t\t\t\t<div class=\"elementor-element elementor-element-d00d8ed elementor-widget elementor-widget-text-editor\" data-id=\"d00d8ed\" data-element_type=\"widget\" data-widget_type=\"text-editor.default\">\n\t\t\t\t<div class=\"elementor-widget-container\">\n\t\t\t\t\t\t\t<h3>We can only offer you the Highest Quality Dentistry. <strong>Schedule your appointment easily here!<\/strong><\/h3>\t\t\t\t\t\t<\/div>\n\t\t\t\t<\/div>\n\t\t\t\t<div class=\"elementor-element elementor-element-1e35602 elementor-widget__width-initial elementor-widget-mobile__width-inherit elementor-widget elementor-widget-text-editor\" data-id=\"1e35602\" data-element_type=\"widget\" data-widget_type=\"text-editor.default\">\n\t\t\t\t<div class=\"elementor-widget-container\">\n\t\t\t\t\t\t\t<p class=\"translation-block\">Thanks to our extensive experience, today we can only offer you the <b>Highest Quality Dental Services in Bucaramanga<\/b>. Scheduling an appointment with us is always easy\u2014just click the button below.<\/p>\t\t\t\t\t\t<\/div>\n\t\t\t\t<\/div>\n\t\t\t\t<div class=\"elementor-element elementor-element-6938114 elementor-widget elementor-widget-spacer\" data-id=\"6938114\" data-element_type=\"widget\" data-widget_type=\"spacer.default\">\n\t\t\t\t<div class=\"elementor-widget-container\">\n\t\t\t<style>\/*! elementor - v3.16.0 - 17-10-2023 *\/\n.elementor-column .elementor-spacer-inner{height:var(--spacer-size)}.e-con{--container-widget-width:100%}.e-con-inner>.elementor-widget-spacer,.e-con>.elementor-widget-spacer{width:var(--container-widget-width,var(--spacer-size));--align-self:var(--container-widget-align-self,initial);--flex-shrink:0}.e-con-inner>.elementor-widget-spacer>.elementor-widget-container,.e-con>.elementor-widget-spacer>.elementor-widget-container{height:100%;width:100%}.e-con-inner>.elementor-widget-spacer>.elementor-widget-container>.elementor-spacer,.e-con>.elementor-widget-spacer>.elementor-widget-container>.elementor-spacer{height:100%}.e-con-inner>.elementor-widget-spacer>.elementor-widget-container>.elementor-spacer>.elementor-spacer-inner,.e-con>.elementor-widget-spacer>.elementor-widget-container>.elementor-spacer>.elementor-spacer-inner{height:var(--container-widget-height,var(--spacer-size))}.e-con-inner>.elementor-widget-spacer.elementor-widget-empty,.e-con>.elementor-widget-spacer.elementor-widget-empty{position:relative;min-height:22px;min-width:22px}.e-con-inner>.elementor-widget-spacer.elementor-widget-empty .elementor-widget-empty-icon,.e-con>.elementor-widget-spacer.elementor-widget-empty .elementor-widget-empty-icon{position:absolute;top:0;bottom:0;left:0;right:0;margin:auto;padding:0;width:22px;height:22px}<\/style>\t\t<div class=\"elementor-spacer\">\n\t\t\t<div class=\"elementor-spacer-inner\"><\/div>\n\t\t<\/div>\n\t\t\t\t<\/div>\n\t\t\t\t<\/div>\n\t\t\t\t<div class=\"elementor-element elementor-element-82d57de elementor-widget elementor-widget-mkdf_button\" data-id=\"82d57de\" data-element_type=\"widget\" data-widget_type=\"mkdf_button.default\">\n\t\t\t\t<div class=\"elementor-widget-container\">\n\t\t\t<a itemprop=\"url\" href=\"https:\/\/rafaelmantillaserrano.com\/en\/citas\/\" target=\"_self\"  class=\"mkdf-btn mkdf-btn-medium mkdf-btn-solid mkdf-btn-solid-dark mkdf-btn-icon\"  >\n    <span class=\"mkdf-btn-text\">Schedule an Appointment<\/span>\n    <span class=\"mkdf-btn-icon-holder\">\n        <span class=\"mkdf-btn-icon-normal\" ><i class=\"mkdf-icon-ion-icon ion-chevron-right\" ><\/i><\/span>\n        <span class=\"mkdf-btn-icon-flip\" ><i class=\"mkdf-icon-ion-icon ion-chevron-right\" ><\/i><\/span>\n    <\/span>\n<\/a>\t\t<\/div>\n\t\t\t\t<\/div>\n\t\t\t\t\t<\/div>\n\t\t<\/div>\n\t\t\t\t\t\t\t<\/div>\n\t\t<\/section>\n\t\t\t\t\t\t\t<\/div>","protected":false},"excerpt":{"rendered":"<p>La Odontolog\u00eda General (Operatoria ) es la encargada de solucionar los problemas primarios que tienen que ver con la boca, dientes y otras estructuras relacionadas. Representa en la mayor\u00eda de los casos el contacto inicial y del diagnostico del paciente con el profesional de la Odontolog\u00eda. HIGIENE ORAL Un higienista dental es un experto en la de enfermedades bucodentales e higiene oral y se encarga de realizar procedimientos de ense\u00f1anza y educaci\u00f3n en los pacientes del consultorio dental. S\u00f3lo podemos ofrecerte Odontolog\u00eda de&nbsp;la M\u00e1s Alta Calidad, \u00a1programa f\u00e1cil tu cita aqu\u00ed! Gracias a toda nuestra amplia experiencia hoy s\u00f3lo podemos ofrecerte la M\u00e1s Alta Calidad en servicios Odontol\u00f3gicos en Bucaramanga, y siempre es muy f\u00e1cil programar una cita con nosotros, s\u00f3lo da clic en el siguiente bot\u00f3n. Programar cita<\/p>","protected":false},"author":2,"featured_media":0,"parent":0,"menu_order":0,"comment_status":"closed","ping_status":"closed","template":"","meta":{"_joinchat":[],"footnotes":""},"class_list":["post-16068","page","type-page","status-publish","hentry"],"_links":{"self":[{"href":"https:\/\/rafaelmantillaserrano.com\/en\/wp-json\/wp\/v2\/pages\/16068","targetHints":{"allow":["GET"]}}],"collection":[{"href":"https:\/\/rafaelmantillaserrano.com\/en\/wp-json\/wp\/v2\/pages"}],"about":[{"href":"https:\/\/rafaelmantillaserrano.com\/en\/wp-json\/wp\/v2\/types\/page"}],"author":[{"embeddable":true,"href":"https:\/\/rafaelmantillaserrano.com\/en\/wp-json\/wp\/v2\/users\/2"}],"replies":[{"embeddable":true,"href":"https:\/\/rafaelmantillaserrano.com\/en\/wp-json\/wp\/v2\/comments?post=16068"}],"version-history":[{"count":0,"href":"https:\/\/rafaelmantillaserrano.com\/en\/wp-json\/wp\/v2\/pages\/16068\/revisions"}],"wp:attachment":[{"href":"https:\/\/rafaelmantillaserrano.com\/en\/wp-json\/wp\/v2\/media?parent=16068"}],"curies":[{"name":"wp","href":"https:\/\/api.w.org\/{rel}","templated":true}]}}