{"id":16067,"date":"2021-11-18T21:01:55","date_gmt":"2021-11-19T02:01:55","guid":{"rendered":"https:\/\/rafaelmantillaserrano.com\/?page_id=16067"},"modified":"2022-09-27T12:04:11","modified_gmt":"2022-09-27T17:04:11","slug":"coronas-ceramicas","status":"publish","type":"page","link":"https:\/\/rafaelmantillaserrano.com\/en\/coronas-ceramicas\/","title":{"rendered":"Ceramic crowns"},"content":{"rendered":"<div data-elementor-type=\"wp-page\" data-elementor-id=\"16067\" class=\"elementor elementor-16067\">\n\t\t\t\t\t\t\t\t\t<section class=\"elementor-section elementor-top-section elementor-element elementor-element-6ad84950 elementor-section-full_width elementor-section-height-default elementor-section-height-default mkdf-parallax-row-no mkdf-content-aligment-left mkdf-elementor-row-grid-no mkdf-disabled-bg-image-bellow-no\" data-id=\"6ad84950\" data-element_type=\"section\">\n\t\t\t\t\t\t<div class=\"elementor-container elementor-column-gap-default\">\n\t\t\t\t\t<div class=\"elementor-column elementor-col-100 elementor-top-column elementor-element elementor-element-168fac12\" data-id=\"168fac12\" data-element_type=\"column\">\n\t\t\t<div class=\"elementor-widget-wrap elementor-element-populated\">\n\t\t\t\t\t\t\t\t<div class=\"elementor-element elementor-element-2e8e23fb elementor-widget elementor-widget-image\" data-id=\"2e8e23fb\" data-element_type=\"widget\" data-widget_type=\"image.default\">\n\t\t\t\t<div class=\"elementor-widget-container\">\n\t\t\t<style>\/*! elementor - v3.16.0 - 17-10-2023 *\/\n.elementor-widget-image{text-align:center}.elementor-widget-image a{display:inline-block}.elementor-widget-image a img[src$=\".svg\"]{width:48px}.elementor-widget-image img{vertical-align:middle;display:inline-block}<\/style>\t\t\t\t\t\t\t\t\t\t\t\t<img loading=\"lazy\" decoding=\"async\" width=\"1000\" height=\"1000\" src=\"https:\/\/rafaelmantillaserrano.com\/wp-content\/uploads\/2025\/03\/ceramic_crowns.jpg\" class=\"attachment-full size-full wp-image-16396\" alt=\"\" srcset=\"https:\/\/rafaelmantillaserrano.com\/wp-content\/uploads\/2025\/03\/ceramic_crowns.jpg 1000w, https:\/\/rafaelmantillaserrano.com\/wp-content\/uploads\/2025\/03\/ceramic_crowns-300x300.jpg 300w, https:\/\/rafaelmantillaserrano.com\/wp-content\/uploads\/2025\/03\/ceramic_crowns-150x150.jpg 150w, https:\/\/rafaelmantillaserrano.com\/wp-content\/uploads\/2025\/03\/ceramic_crowns-768x768.jpg 768w, https:\/\/rafaelmantillaserrano.com\/wp-content\/uploads\/2025\/03\/ceramic_crowns-12x12.jpg 12w, https:\/\/rafaelmantillaserrano.com\/wp-content\/uploads\/2025\/03\/ceramic_crowns-550x550.jpg 550w\" sizes=\"auto, (max-width: 1000px) 100vw, 1000px\" \/>\t\t\t\t\t\t\t\t\t\t\t\t\t\t\t<\/div>\n\t\t\t\t<\/div>\n\t\t\t\t<div class=\"elementor-element elementor-element-2928e680 elementor-widget elementor-widget-text-editor\" data-id=\"2928e680\" data-element_type=\"widget\" data-widget_type=\"text-editor.default\">\n\t\t\t\t<div class=\"elementor-widget-container\">\n\t\t\t<style>\/*! elementor - v3.16.0 - 17-10-2023 *\/\n.elementor-widget-text-editor.elementor-drop-cap-view-stacked .elementor-drop-cap{background-color:#69727d;color:#fff}.elementor-widget-text-editor.elementor-drop-cap-view-framed .elementor-drop-cap{color:#69727d;border:3px solid;background-color:transparent}.elementor-widget-text-editor:not(.elementor-drop-cap-view-default) .elementor-drop-cap{margin-top:8px}.elementor-widget-text-editor:not(.elementor-drop-cap-view-default) .elementor-drop-cap-letter{width:1em;height:1em}.elementor-widget-text-editor .elementor-drop-cap{float:left;text-align:center;line-height:1;font-size:50px}.elementor-widget-text-editor .elementor-drop-cap-letter{display:inline-block}<\/style>\t\t\t\t<p><strong>Dental crowns are the visible part of a tooth,<\/strong>implant, or dental bridge. They can be placed for various reasons: to protect a tooth after a root canal treatment, if the tooth is damaged (broken, decayed, worn), stained, or for other aesthetic reasons. Nowadays, crowns are made using specialized software, which makes these restorations much more precise, accurate, and faster.<\/p><h2><strong>100% PORCELAIN CROWNS<\/strong><\/h2><p>Las <strong>Pure porcelain crowns,<\/strong> also known as full ceramic pressed crowns, are widely used today by dental specialists in aesthetic dentistry because they offer many aesthetic advantages, such as color stability, low thermal conductivity, high resistance, and maximum biocompatibility.<\/p><h2><strong><em>ADVANTAGES OF PORCELAIN CROWNS:<\/em><\/strong><\/h2><p><strong>Very aesthetic, translucent, and lightweight.<\/strong> The transparency of the ceramic mimics the natural tooth and allows for a very aesthetic result.<\/p><p><strong>Biocompatible with the tissues of the mouth.<\/strong> Metal-free dental crowns do not cause allergies.<\/p><p><strong>They do not cause the grayish discoloration <\/strong>of the gums over time, compared to metal-ceramic crowns.<\/p><h2><strong>ZIRCONIA DENTAL CROWNS.<\/strong><\/h2><p>One of the most important advances in the field of dentistry is the use of zirconia to make crowns for teeth as well as for implants and complete structures in fixed implant rehabilitations.<\/p><p><strong>Zirconia dental crowns <\/strong>allow us to replace metal and porcelain alloys very effectively, which until recently were the only system used for this type of rehabilitation.<\/p><p>The reason for its innovative use is that zirconia provides the patient with greater <strong>biocompatibility <\/strong>of the prosthesis, making it better tolerated by the gums, as well as preventing the risk of metal allergies in predisposed individuals.<\/p><p>The most important factor in recommending zirconia ceramic <strong>zirconio<\/strong> prosthetics over 100% porcelain is undoubtedly <strong>the aesthetics.<\/strong>Being a white and translucent material, zirconia allows for prosthetics that look even more natural and luminous.<\/p><h2><strong><em>ADVANTAGES OF ZIRCONIA CROWNS:<\/em><\/strong><\/h2><ul><li>It is a white material that gives a more natural result, <strong>allowing better light<\/strong> passage through the tooth.<\/li><li>They provide excellent results and are <strong>lighter<\/strong> y <strong>and more resistant<\/strong> than metal-porcelain and 100% porcelain crowns.<\/li><li>They have a smooth surface that <strong>the aesthetics.<\/strong> favors aesthetics by limiting bacterial adhesion.<\/li><\/ul><p>When eating hot or cold foods, zirconia crowns prevent uncomfortable sensations.<\/p>\t\t\t\t\t\t<\/div>\n\t\t\t\t<\/div>\n\t\t\t\t\t<\/div>\n\t\t<\/div>\n\t\t\t\t\t\t\t<\/div>\n\t\t<\/section>\n\t\t\t\t<section class=\"elementor-section elementor-top-section elementor-element elementor-element-c44e6a3 elementor-section-full_width mkdf-elementor-row-grid-section elementor-section-height-default elementor-section-height-default mkdf-parallax-row-no mkdf-content-aligment-left mkdf-disabled-bg-image-bellow-no\" data-id=\"c44e6a3\" data-element_type=\"section\">\n\t\t\t\t\t\t<div class=\"elementor-container elementor-column-gap-default\">\n\t\t\t\t\t<div class=\"elementor-column elementor-col-100 elementor-top-column elementor-element elementor-element-48b089d\" data-id=\"48b089d\" data-element_type=\"column\">\n\t\t\t<div class=\"elementor-widget-wrap elementor-element-populated\">\n\t\t\t\t\t\t\t\t<div class=\"elementor-element elementor-element-2de2b14 elementor-widget elementor-widget-text-editor\" data-id=\"2de2b14\" data-element_type=\"widget\" data-widget_type=\"text-editor.default\">\n\t\t\t\t<div class=\"elementor-widget-container\">\n\t\t\t\t\t\t\t<h3>We can only offer you the Highest Quality Dentistry. <strong>Schedule your appointment easily here!<\/strong><\/h3>\t\t\t\t\t\t<\/div>\n\t\t\t\t<\/div>\n\t\t\t\t<div class=\"elementor-element elementor-element-a32eed8 elementor-widget__width-initial elementor-widget-mobile__width-inherit elementor-widget elementor-widget-text-editor\" data-id=\"a32eed8\" data-element_type=\"widget\" data-widget_type=\"text-editor.default\">\n\t\t\t\t<div class=\"elementor-widget-container\">\n\t\t\t\t\t\t\t<p class=\"translation-block\">Thanks to our extensive experience, today we can only offer you the <b>Highest Quality Dental Services in Bucaramanga<\/b>. Scheduling an appointment with us is always easy\u2014just click the button below.<\/p>\t\t\t\t\t\t<\/div>\n\t\t\t\t<\/div>\n\t\t\t\t<div class=\"elementor-element elementor-element-2aeb154 elementor-widget elementor-widget-spacer\" data-id=\"2aeb154\" data-element_type=\"widget\" data-widget_type=\"spacer.default\">\n\t\t\t\t<div class=\"elementor-widget-container\">\n\t\t\t<style>\/*! elementor - v3.16.0 - 17-10-2023 *\/\n.elementor-column .elementor-spacer-inner{height:var(--spacer-size)}.e-con{--container-widget-width:100%}.e-con-inner>.elementor-widget-spacer,.e-con>.elementor-widget-spacer{width:var(--container-widget-width,var(--spacer-size));--align-self:var(--container-widget-align-self,initial);--flex-shrink:0}.e-con-inner>.elementor-widget-spacer>.elementor-widget-container,.e-con>.elementor-widget-spacer>.elementor-widget-container{height:100%;width:100%}.e-con-inner>.elementor-widget-spacer>.elementor-widget-container>.elementor-spacer,.e-con>.elementor-widget-spacer>.elementor-widget-container>.elementor-spacer{height:100%}.e-con-inner>.elementor-widget-spacer>.elementor-widget-container>.elementor-spacer>.elementor-spacer-inner,.e-con>.elementor-widget-spacer>.elementor-widget-container>.elementor-spacer>.elementor-spacer-inner{height:var(--container-widget-height,var(--spacer-size))}.e-con-inner>.elementor-widget-spacer.elementor-widget-empty,.e-con>.elementor-widget-spacer.elementor-widget-empty{position:relative;min-height:22px;min-width:22px}.e-con-inner>.elementor-widget-spacer.elementor-widget-empty .elementor-widget-empty-icon,.e-con>.elementor-widget-spacer.elementor-widget-empty .elementor-widget-empty-icon{position:absolute;top:0;bottom:0;left:0;right:0;margin:auto;padding:0;width:22px;height:22px}<\/style>\t\t<div class=\"elementor-spacer\">\n\t\t\t<div class=\"elementor-spacer-inner\"><\/div>\n\t\t<\/div>\n\t\t\t\t<\/div>\n\t\t\t\t<\/div>\n\t\t\t\t<div class=\"elementor-element elementor-element-ed95fcc elementor-widget elementor-widget-mkdf_button\" data-id=\"ed95fcc\" data-element_type=\"widget\" data-widget_type=\"mkdf_button.default\">\n\t\t\t\t<div class=\"elementor-widget-container\">\n\t\t\t<a itemprop=\"url\" href=\"https:\/\/rafaelmantillaserrano.com\/en\/citas\/\" target=\"_self\"  class=\"mkdf-btn mkdf-btn-medium mkdf-btn-solid mkdf-btn-solid-dark mkdf-btn-icon\"  >\n    <span class=\"mkdf-btn-text\">Schedule an Appointment<\/span>\n    <span class=\"mkdf-btn-icon-holder\">\n        <span class=\"mkdf-btn-icon-normal\" ><i class=\"mkdf-icon-ion-icon ion-chevron-right\" ><\/i><\/span>\n        <span class=\"mkdf-btn-icon-flip\" ><i class=\"mkdf-icon-ion-icon ion-chevron-right\" ><\/i><\/span>\n    <\/span>\n<\/a>\t\t<\/div>\n\t\t\t\t<\/div>\n\t\t\t\t\t<\/div>\n\t\t<\/div>\n\t\t\t\t\t\t\t<\/div>\n\t\t<\/section>\n\t\t\t\t\t\t\t<\/div>","protected":false},"excerpt":{"rendered":"<p>La corona dental es la parte visible del diente, un implante o un puente dental, se puede colocar por varios motivos; para proteger al diente despu\u00e9s de un tratamiento de endodoncia, si el diente est\u00e1 da\u00f1ado (roto, con caries, desgastado\u2026), manchado o por otros motivos est\u00e9ticos. Actualmente se realizan coronas cuyo dise\u00f1o y elaboraci\u00f3n requiere de un software especializado lo que hace que estas restauraciones sean mucho mas precisas , exactas y mucho mas rapidas. CORONAS DE PORCELANA 100% Las coronas de porcelana pura tambi\u00e9n llamadas totales de cer\u00e1mica prensadas son muy utilizadas actualmente por el odontolog especialista en est\u00e9tica dental ya a que ofrece muchas ventajas est\u00e9ticas, como por ejemplo: estabilidad de color, baja conductividad t\u00e9rmica, alta resistencia y m\u00e1xima biocompatibilidad. VENTAJAS DE LA CORONA DE PORCELANA: \u2013 Muy est\u00e9tica, traslucida y ligera. La transparencia de la cer\u00e1mica imita el diente natural y permite alcanzar un resultado muy est\u00e9tico. \u2013 Biocompatible con los tejidos de la boca. Las coronas dentales sin metal no provocan alergias. \u2013 No causan la coloraci\u00f3n gris\u00e1cea de las enc\u00edas en el tiempo en comparaci\u00f3n con las de metal-cer\u00e1mica. CORONAS DENTALES DE ZIRCONIO Uno de los m\u00e1s importantes avances en el campo de la Odontolog\u00eda consiste en la utilizaci\u00f3n del zirconio para realizar tanto coronas sobre dientes como tambi\u00e9n sobre implantes y estructuras completas en las rehabilitaciones fijas sobre implantes. Las coronas dentales realizadas con zirconio nos permiten sustituir muy ventajosamente las aleaciones de metal y porcelana que hasta hace poco tiempo eran el \u00fanico sistema utilizado para este tipo de rehabilitaciones. La raz\u00f3n de su innovadora utilizaci\u00f3n es porque el zirconio permite ofrecer al paciente una mayor biocompatibilidad de la pr\u00f3tesis, que ser\u00e1 mejor tolerada por la enc\u00eda, as\u00ed como tambi\u00e9n para evitar el riesgo de alergias a metales en personas predispuestas. El factor m\u00e1s importante para recomendar la pr\u00f3tesis cer\u00e1mica en zirconio en lugar de porcelana 100% es sin duda la est\u00e9tica. Al tratarse de un material blanco y transl\u00facido permite realizar pr\u00f3tesis de aspecto a\u00fan m\u00e1s natural y luminoso. VENTAJAS DE LAS CORONAS DE ZIRCONIO Se trata de un material de color blanco que confiere un resultado m\u00e1s natural permitiendo un mejor paso de la luz a trav\u00e9s del diente. Tienen un resultado estupendo, adem\u00e1s son m\u00e1s ligeras y resistentes que las de metal-porcelana y porcelana 100%. Tienen una superficie lisa que favorece la est\u00e9tica limitando la adhesi\u00f3n de bacterias. A la [&hellip;]<\/p>","protected":false},"author":2,"featured_media":0,"parent":0,"menu_order":0,"comment_status":"closed","ping_status":"closed","template":"","meta":{"_joinchat":[],"footnotes":""},"class_list":["post-16067","page","type-page","status-publish","hentry"],"_links":{"self":[{"href":"https:\/\/rafaelmantillaserrano.com\/en\/wp-json\/wp\/v2\/pages\/16067","targetHints":{"allow":["GET"]}}],"collection":[{"href":"https:\/\/rafaelmantillaserrano.com\/en\/wp-json\/wp\/v2\/pages"}],"about":[{"href":"https:\/\/rafaelmantillaserrano.com\/en\/wp-json\/wp\/v2\/types\/page"}],"author":[{"embeddable":true,"href":"https:\/\/rafaelmantillaserrano.com\/en\/wp-json\/wp\/v2\/users\/2"}],"replies":[{"embeddable":true,"href":"https:\/\/rafaelmantillaserrano.com\/en\/wp-json\/wp\/v2\/comments?post=16067"}],"version-history":[{"count":0,"href":"https:\/\/rafaelmantillaserrano.com\/en\/wp-json\/wp\/v2\/pages\/16067\/revisions"}],"wp:attachment":[{"href":"https:\/\/rafaelmantillaserrano.com\/en\/wp-json\/wp\/v2\/media?parent=16067"}],"curies":[{"name":"wp","href":"https:\/\/api.w.org\/{rel}","templated":true}]}}