{"id":16064,"date":"2021-11-18T21:00:18","date_gmt":"2021-11-19T02:00:18","guid":{"rendered":"https:\/\/rafaelmantillaserrano.com\/?page_id=16064"},"modified":"2022-09-27T12:03:06","modified_gmt":"2022-09-27T17:03:06","slug":"carillas-dentales","status":"publish","type":"page","link":"https:\/\/rafaelmantillaserrano.com\/en\/carillas-dentales\/","title":{"rendered":"Dental veneers"},"content":{"rendered":"<div data-elementor-type=\"wp-page\" data-elementor-id=\"16064\" class=\"elementor elementor-16064\">\n\t\t\t\t\t\t\t\t\t<section class=\"elementor-section elementor-top-section elementor-element elementor-element-6a602df9 elementor-section-full_width elementor-section-height-default elementor-section-height-default mkdf-parallax-row-no mkdf-content-aligment-left mkdf-elementor-row-grid-no mkdf-disabled-bg-image-bellow-no\" data-id=\"6a602df9\" data-element_type=\"section\">\n\t\t\t\t\t\t<div class=\"elementor-container elementor-column-gap-default\">\n\t\t\t\t\t<div class=\"elementor-column elementor-col-100 elementor-top-column elementor-element elementor-element-3d3e8b1\" data-id=\"3d3e8b1\" data-element_type=\"column\">\n\t\t\t<div class=\"elementor-widget-wrap elementor-element-populated\">\n\t\t\t\t\t\t\t\t<div class=\"elementor-element elementor-element-3460aad7 elementor-widget elementor-widget-image\" data-id=\"3460aad7\" data-element_type=\"widget\" data-widget_type=\"image.default\">\n\t\t\t\t<div class=\"elementor-widget-container\">\n\t\t\t<style>\/*! elementor - v3.16.0 - 17-10-2023 *\/\n.elementor-widget-image{text-align:center}.elementor-widget-image a{display:inline-block}.elementor-widget-image a img[src$=\".svg\"]{width:48px}.elementor-widget-image img{vertical-align:middle;display:inline-block}<\/style>\t\t\t\t\t\t\t\t\t\t\t\t<img loading=\"lazy\" decoding=\"async\" width=\"1000\" height=\"1000\" src=\"https:\/\/rafaelmantillaserrano.com\/wp-content\/uploads\/2025\/03\/dental_veneers.jpg\" class=\"attachment-full size-full wp-image-16358\" alt=\"\" srcset=\"https:\/\/rafaelmantillaserrano.com\/wp-content\/uploads\/2025\/03\/dental_veneers.jpg 1000w, https:\/\/rafaelmantillaserrano.com\/wp-content\/uploads\/2025\/03\/dental_veneers-300x300.jpg 300w, https:\/\/rafaelmantillaserrano.com\/wp-content\/uploads\/2025\/03\/dental_veneers-150x150.jpg 150w, https:\/\/rafaelmantillaserrano.com\/wp-content\/uploads\/2025\/03\/dental_veneers-768x768.jpg 768w, https:\/\/rafaelmantillaserrano.com\/wp-content\/uploads\/2025\/03\/dental_veneers-12x12.jpg 12w, https:\/\/rafaelmantillaserrano.com\/wp-content\/uploads\/2025\/03\/dental_veneers-550x550.jpg 550w\" sizes=\"auto, (max-width: 1000px) 100vw, 1000px\" \/>\t\t\t\t\t\t\t\t\t\t\t\t\t\t\t<\/div>\n\t\t\t\t<\/div>\n\t\t\t\t<div class=\"elementor-element elementor-element-1a3fa325 elementor-widget elementor-widget-text-editor\" data-id=\"1a3fa325\" data-element_type=\"widget\" data-widget_type=\"text-editor.default\">\n\t\t\t\t<div class=\"elementor-widget-container\">\n\t\t\t<style>\/*! elementor - v3.16.0 - 17-10-2023 *\/\n.elementor-widget-text-editor.elementor-drop-cap-view-stacked .elementor-drop-cap{background-color:#69727d;color:#fff}.elementor-widget-text-editor.elementor-drop-cap-view-framed .elementor-drop-cap{color:#69727d;border:3px solid;background-color:transparent}.elementor-widget-text-editor:not(.elementor-drop-cap-view-default) .elementor-drop-cap{margin-top:8px}.elementor-widget-text-editor:not(.elementor-drop-cap-view-default) .elementor-drop-cap-letter{width:1em;height:1em}.elementor-widget-text-editor .elementor-drop-cap{float:left;text-align:center;line-height:1;font-size:50px}.elementor-widget-text-editor .elementor-drop-cap-letter{display:inline-block}<\/style>\t\t\t\t<p>Dental veneers are one of the most in-demand treatments within the specialty of the\u00a0<a href=\"https:\/\/www.clinicaferrusbratos.com\/estetica-dental-madrid\/\"><strong>Cosmetic Dentistry.<\/strong><\/a>And it\u2019s no surprise, as they significantly improve the appearance of the teeth.\u00a0<strong>in a very quick and effective way.\u00a0<\/strong>In this way, the person does not need to undergo a longer treatment and can achieve the dental aesthetics they desire.\u00a0<strong>the dental aesthetics they desire.\u00a0<\/strong><\/p><p><strong>\u00a0<\/strong><\/p><h2>What are dental veneers and when are they used?<\/h2><p>Dental veneers are thin layers of\u00a0<strong>porcelain or composite<\/strong>\u00a0that are adhered to the visible surface of a tooth to improve its aesthetic appearance.<\/p><p>Due to their aesthetic purpose, these layers are placed on the\u00a0<strong>vestibular surface of the front teeth,<\/strong>as they are the most visible when smiling.<\/p><p>Therefore, their goal is not to improve the functionality of the teeth but to give them a\u00a0<strong>more harmonious appearance.<\/strong>.<\/p><p>They are custom-made for<strong>\u00a0each patient to<\/strong>\u00a0ensure they look as natural as possible when placed alongside the rest of the teeth.\u00a0\u00a0<\/p><p>As previously mentioned, the function of these thin layers\u00a0<strong>is to beautify the smile.\u00a0<\/strong>In other words, they improve teeth that we are not entirely satisfied with due to\u00a0<strong>their color, shape, size, or position.<\/strong>.<\/p><p>Therefore, dental veneers are used to correct common\u00a0<a href=\"https:\/\/www.clinicaferrusbratos.com\/estetica-dental\/dientes-torcidos\/\"><strong>defects such as<\/strong><\/a><strong>, crooked,\u00a0<\/strong><a href=\"https:\/\/www.clinicaferrusbratos.com\/ortodoncia\/dientes-separados-solucion\/\"><strong>broken, spaced (diastema),<\/strong><\/a>,\u00a0<strong>con<\/strong>\u00a0<strong>stained,<\/strong>irregular, or worn teeth.<\/p><p>For example, aesthetic veneers can be an<strong>\u00a0alternative to orthodontics\u00a0<\/strong>if a person wants to slightly change the shape of their teeth.\u00a0<\/p><p>They can also be very effective in\u00a0<strong>teeth that\u00a0<\/strong><a href=\"https:\/\/www.clinicaferrusbratos.com\/blanqueamiento-dental\/tratamientos-dientes-calcificados\/\"><strong>have calcified<\/strong><\/a><strong>\u00a0or darkened after undergoing a\u00a0<\/strong><a href=\"https:\/\/www.clinicaferrusbratos.com\/endodoncia\/endodoncia-conservar-dientes\/\"><strong>root canal treatment.<\/strong><\/a><strong>.\u00a0<\/strong><\/p><p>In these cases, the tooth would only regain its color through an internal whitening procedure.\u00a0<a href=\"https:\/\/www.clinicaferrusbratos.com\/blanqueamiento-dental\/sobre-endodoncia\/\"><strong>internal whitening<\/strong><\/a><strong>.\u00a0<\/strong><\/p><h2><strong>Types of aesthetic veneers and their materials\"<\/strong><\/h2><p>There are\u00a0<strong>different materials such as ceramics and resins<\/strong>\u00a0used to create dental veneers, all of which serve the same purpose: to improve dental aesthetics.<\/p><p>Ceramic veneers are the ones that\u00a0<strong>offer the highest quality and durability.\u00a0<\/strong>This is why they are the most demanded material in our dental clinic.\u00a0<\/p><p>These veneers have a thickness similar to that of a contact lens, ranging from<strong>\u00a00.3 to 0.5 millimeters.<\/strong>As a general rule, it is not necessary to file or alter the natural shape of the tooth.\u00a0<\/p><p>Thanks to technological advancements, expert dentists in Cosmetic Dentistry<strong>\u00a0can now finalize the fabrication of aesthetic veneers<\/strong>in just a few days, a significant time reduction considering that until recently,\u00a0<strong>patients had to wait up to a month.\u00a0<\/strong><\/p><p>Furthermore, dentists use a\u00a0<strong>3D scanner\u00a0<\/strong>to obtain a virtual model of the person's mouth.\u00a0<\/p><h3>Resin or Composite<\/h3><p>Composite veneers also provide a good aesthetic result for the patient's oral cavity, but the material they are\u00a0<strong>made from makes<\/strong>\u00a0them less durable than porcelain veneers.<\/p><p>For this reason, our specialists recommend composite veneers in two specific cases: when the\u00a0<strong>correction is particularly simple or when the patient is very young.<\/strong>\u00a0o cuando el\u00a0<strong>pacientes es muy joven<\/strong>.<\/p><p>\u00a0<\/p><p><strong>Aesthetic Veneers to Correct Gaps Between Teeth<\/strong><\/p><p>The reason for this is that porcelain veneer treatment is better carried out once growth\u00a0<strong>is complete, typically after the age of 18.<\/strong><\/p><p>However, for younger patients, it is recommended to use composite veneers, as they are\u00a0<strong>reversible and do not require any tooth contouring.<\/strong>.<\/p><p>Thus, if desired, the dentist can\u00a0<strong>easily remove them in the future and subsequently<\/strong>\u00a0place porcelain veneers.<\/p><p>Composite offers very realistic results when it is\u00a0<strong>necessary to slightly modify the size, shape, or color of the tooth,<\/strong>as well as to close\u00a0<strong>black triangles\u00a0<\/strong>(small black spaces that appear between teeth).<\/p><h2><strong>Advantages and Disadvantages of Porcelain and Composite Veneers<\/strong><\/h2><p>Dado que las carillas dentales m\u00e1s utilizadas -y las que colocamos con mayor frecuencia en nuestra cl\u00ednica- son las de\u00a0<strong>most frequently at our clinic \u2013 are porcelain (e.max)<\/strong>\u00a0and\u00a0<strong>resin or<\/strong> <strong>composite,<\/strong>we will detail the benefits and drawbacks of each.<\/p><p>As you will see below, the main characteristics vary depending on\u00a0<strong>the material<\/strong>\u00a0they are made from:<\/p><h3>Durability and Resistance\u00a0<\/h3><p><strong>Las\u00a0<\/strong><a href=\"https:\/\/www.clinicaferrusbratos.com\/estetica-dental\/resistencia-carillas-dentales-segun-material\/\"><strong>Porcelain veneers last longer than composite veneers,<\/strong><\/a>able to remain in perfect condition for up to 10 years,\u00a0<strong>and they do not lose their color or stain.\u00a0<\/strong><\/p><p>This durability largely depends on whether the patient follows their dentist\u2019s\u00a0<a href=\"https:\/\/www.clinicaferrusbratos.com\/carillas\/cuidados\/\"><strong>instructions regarding maintenance and care.<\/strong><\/a><strong>.<\/strong><\/p><p>In contrast, composite veneers last\u00a0<strong>for a maximum of about five years.\u00a0<\/strong>To reach this time frame, regular maintenance check-ups are necessary, and the dentist must perform\u00a0<strong>polishing on the veneers.<\/strong><\/p>\t\t\t\t\t\t<\/div>\n\t\t\t\t<\/div>\n\t\t\t\t\t<\/div>\n\t\t<\/div>\n\t\t\t\t\t\t\t<\/div>\n\t\t<\/section>\n\t\t\t\t<section class=\"elementor-section elementor-top-section elementor-element elementor-element-7ae4f56 elementor-section-full_width mkdf-elementor-row-grid-section elementor-section-height-default elementor-section-height-default mkdf-parallax-row-no mkdf-content-aligment-left mkdf-disabled-bg-image-bellow-no\" data-id=\"7ae4f56\" data-element_type=\"section\">\n\t\t\t\t\t\t<div class=\"elementor-container elementor-column-gap-default\">\n\t\t\t\t\t<div class=\"elementor-column elementor-col-100 elementor-top-column elementor-element elementor-element-a368d24\" data-id=\"a368d24\" data-element_type=\"column\">\n\t\t\t<div class=\"elementor-widget-wrap elementor-element-populated\">\n\t\t\t\t\t\t\t\t<div class=\"elementor-element elementor-element-edb3e86 elementor-widget elementor-widget-text-editor\" data-id=\"edb3e86\" data-element_type=\"widget\" data-widget_type=\"text-editor.default\">\n\t\t\t\t<div class=\"elementor-widget-container\">\n\t\t\t\t\t\t\t<h3>We can only offer you the Highest Quality Dentistry. <strong>Schedule your appointment easily here!<\/strong><\/h3>\t\t\t\t\t\t<\/div>\n\t\t\t\t<\/div>\n\t\t\t\t<div class=\"elementor-element elementor-element-9f48f9a elementor-widget__width-initial elementor-widget-mobile__width-inherit elementor-widget elementor-widget-text-editor\" data-id=\"9f48f9a\" data-element_type=\"widget\" data-widget_type=\"text-editor.default\">\n\t\t\t\t<div class=\"elementor-widget-container\">\n\t\t\t\t\t\t\t<p class=\"translation-block\">Thanks to our extensive experience, today we can only offer you the <b>Highest Quality Dental Services in Bucaramanga<\/b>. Scheduling an appointment with us is always easy\u2014just click the button below.<\/p>\t\t\t\t\t\t<\/div>\n\t\t\t\t<\/div>\n\t\t\t\t<div class=\"elementor-element elementor-element-3b7d149 elementor-widget elementor-widget-spacer\" data-id=\"3b7d149\" data-element_type=\"widget\" data-widget_type=\"spacer.default\">\n\t\t\t\t<div class=\"elementor-widget-container\">\n\t\t\t<style>\/*! elementor - v3.16.0 - 17-10-2023 *\/\n.elementor-column .elementor-spacer-inner{height:var(--spacer-size)}.e-con{--container-widget-width:100%}.e-con-inner>.elementor-widget-spacer,.e-con>.elementor-widget-spacer{width:var(--container-widget-width,var(--spacer-size));--align-self:var(--container-widget-align-self,initial);--flex-shrink:0}.e-con-inner>.elementor-widget-spacer>.elementor-widget-container,.e-con>.elementor-widget-spacer>.elementor-widget-container{height:100%;width:100%}.e-con-inner>.elementor-widget-spacer>.elementor-widget-container>.elementor-spacer,.e-con>.elementor-widget-spacer>.elementor-widget-container>.elementor-spacer{height:100%}.e-con-inner>.elementor-widget-spacer>.elementor-widget-container>.elementor-spacer>.elementor-spacer-inner,.e-con>.elementor-widget-spacer>.elementor-widget-container>.elementor-spacer>.elementor-spacer-inner{height:var(--container-widget-height,var(--spacer-size))}.e-con-inner>.elementor-widget-spacer.elementor-widget-empty,.e-con>.elementor-widget-spacer.elementor-widget-empty{position:relative;min-height:22px;min-width:22px}.e-con-inner>.elementor-widget-spacer.elementor-widget-empty .elementor-widget-empty-icon,.e-con>.elementor-widget-spacer.elementor-widget-empty .elementor-widget-empty-icon{position:absolute;top:0;bottom:0;left:0;right:0;margin:auto;padding:0;width:22px;height:22px}<\/style>\t\t<div class=\"elementor-spacer\">\n\t\t\t<div class=\"elementor-spacer-inner\"><\/div>\n\t\t<\/div>\n\t\t\t\t<\/div>\n\t\t\t\t<\/div>\n\t\t\t\t<div class=\"elementor-element elementor-element-979e0c6 elementor-widget elementor-widget-mkdf_button\" data-id=\"979e0c6\" data-element_type=\"widget\" data-widget_type=\"mkdf_button.default\">\n\t\t\t\t<div class=\"elementor-widget-container\">\n\t\t\t<a itemprop=\"url\" href=\"https:\/\/rafaelmantillaserrano.com\/en\/citas\/\" target=\"_self\"  class=\"mkdf-btn mkdf-btn-medium mkdf-btn-solid mkdf-btn-solid-dark mkdf-btn-icon\"  >\n    <span class=\"mkdf-btn-text\">Schedule an Appointment<\/span>\n    <span class=\"mkdf-btn-icon-holder\">\n        <span class=\"mkdf-btn-icon-normal\" ><i class=\"mkdf-icon-ion-icon ion-chevron-right\" ><\/i><\/span>\n        <span class=\"mkdf-btn-icon-flip\" ><i class=\"mkdf-icon-ion-icon ion-chevron-right\" ><\/i><\/span>\n    <\/span>\n<\/a>\t\t<\/div>\n\t\t\t\t<\/div>\n\t\t\t\t\t<\/div>\n\t\t<\/div>\n\t\t\t\t\t\t\t<\/div>\n\t\t<\/section>\n\t\t\t\t\t\t\t<\/div>","protected":false},"excerpt":{"rendered":"<p>Las carillas dentales son uno de los tratamientos con mayor demanda dentro de la especialidad de&nbsp;Odontolog\u00eda Est\u00e9tica.&nbsp;Y no es de extra\u00f1ar, pues permite mejorar sustancialmente el aspecto de los dientes&nbsp;de forma muy r\u00e1pida y eficaz.&nbsp;De este modo, la persona no necesita someterse a un tratamiento que requiera m\u00e1s tiempo y consigue la&nbsp;est\u00e9tica dental que desea tener.&nbsp; &nbsp; \u00bfQu\u00e9 son las carillas dentales y en qu\u00e9 casos se usan? Las carillas dentales son unas&nbsp;finas l\u00e1minas de porcelana o composite&nbsp;que se adhieren a la cara visible del diente para mejorar su aspecto est\u00e9tico. Debido a su finalidad est\u00e9tica, estas l\u00e1minas se colocan en la cara vestibular de los&nbsp;dientes frontales, por ser los m\u00e1s visibles cuando sonre\u00edmos. Por tanto, su objetivo no es el de mejorar la funcionalidad de las piezas dentales, solo el de darles un&nbsp;aspecto m\u00e1s arm\u00f3nico. Son elementos que&nbsp;se crean a medida de cada paciente&nbsp;con el fin de que tenga la mayor naturalidad posible al ser colocados junto al resto de dientes.&nbsp;&nbsp; Tal y como ya hemos adelantado, la funci\u00f3n de estas finas l\u00e1minas es la de&nbsp;embellecer la sonrisa.&nbsp;Es decir, mejorar las piezas dentales con las que no estamos totalmente conformes debido a su&nbsp;color, forma, tama\u00f1o o posici\u00f3n. Por tanto, las carillas dentales se utilizan para corregir defectos tan comunes como los&nbsp;dientes torcidos, rotos,&nbsp;separados (diastemas),&nbsp;con&nbsp;manchas, irregulares o desgastados. Por ejemplo, las carillas est\u00e9ticas pueden ser una&nbsp;alternativa a la ortodoncia&nbsp;en caso de que una persona quiera cambiar levemente la forma de sus dientes.&nbsp; Tambi\u00e9n pueden resultar muy eficaces en&nbsp;dientes que se&nbsp;han calcificado&nbsp;u oscurecido tras haberse&nbsp;sometido a una endodoncia.&nbsp; En estos casos, el diente \u00fanicamente recuperar\u00eda su color mediante un&nbsp;blanqueamiento interno.&nbsp; Tipos de carillas est\u00e9ticas y sus materiales Existen&nbsp;diferentes materiales como son las cer\u00e1micas y las resinas&nbsp;con los que se confeccionan las carillas dentales, aunque todos ellos responden a la misma necesidad: mejorar la est\u00e9tica dental. Estas carillas cer\u00e1micas son las que&nbsp;m\u00e1s calidad y duraci\u00f3n&nbsp;ofrecen. Es por ello que es el material que cuenta con m\u00e1s demanda en nuestra cl\u00ednica dental.&nbsp; Estas carillas tienen un grosor similar al de una lentilla, oscilando su espesor entre los&nbsp;0,3 y 0.5 mil\u00edmetros, por lo que como norma general no es necesario limar ni alterar la forma del diente natural.&nbsp; Gracias a los avances en tecnolog\u00eda con los que cuentan los doctores expertos en Est\u00e9tica Dental,&nbsp;la fabricaci\u00f3n de las carillas est\u00e9ticas se finaliza en tan solo unos d\u00edas, es una reducci\u00f3n de tiempo bastante notable, teniendo [&hellip;]<\/p>","protected":false},"author":2,"featured_media":0,"parent":0,"menu_order":0,"comment_status":"closed","ping_status":"closed","template":"","meta":{"_joinchat":[],"footnotes":""},"class_list":["post-16064","page","type-page","status-publish","hentry"],"_links":{"self":[{"href":"https:\/\/rafaelmantillaserrano.com\/en\/wp-json\/wp\/v2\/pages\/16064","targetHints":{"allow":["GET"]}}],"collection":[{"href":"https:\/\/rafaelmantillaserrano.com\/en\/wp-json\/wp\/v2\/pages"}],"about":[{"href":"https:\/\/rafaelmantillaserrano.com\/en\/wp-json\/wp\/v2\/types\/page"}],"author":[{"embeddable":true,"href":"https:\/\/rafaelmantillaserrano.com\/en\/wp-json\/wp\/v2\/users\/2"}],"replies":[{"embeddable":true,"href":"https:\/\/rafaelmantillaserrano.com\/en\/wp-json\/wp\/v2\/comments?post=16064"}],"version-history":[{"count":0,"href":"https:\/\/rafaelmantillaserrano.com\/en\/wp-json\/wp\/v2\/pages\/16064\/revisions"}],"wp:attachment":[{"href":"https:\/\/rafaelmantillaserrano.com\/en\/wp-json\/wp\/v2\/media?parent=16064"}],"curies":[{"name":"wp","href":"https:\/\/api.w.org\/{rel}","templated":true}]}}