{"id":16062,"date":"2021-11-18T20:59:13","date_gmt":"2021-11-19T01:59:13","guid":{"rendered":"https:\/\/rafaelmantillaserrano.com\/?page_id=16062"},"modified":"2023-11-08T11:27:37","modified_gmt":"2023-11-08T16:27:37","slug":"implantes-dentales","status":"publish","type":"page","link":"https:\/\/rafaelmantillaserrano.com\/en\/implantes-dentales\/","title":{"rendered":"Dental implants"},"content":{"rendered":"<div data-elementor-type=\"wp-page\" data-elementor-id=\"16062\" class=\"elementor elementor-16062\">\n\t\t\t\t\t\t\t\t\t<section class=\"elementor-section elementor-top-section elementor-element elementor-element-862ea76 elementor-section-boxed elementor-section-height-default elementor-section-height-default mkdf-parallax-row-no mkdf-content-aligment-left mkdf-elementor-row-grid-no mkdf-disabled-bg-image-bellow-no\" data-id=\"862ea76\" data-element_type=\"section\">\n\t\t\t\t\t\t<div class=\"elementor-container elementor-column-gap-default\">\n\t\t\t\t\t<div class=\"elementor-column elementor-col-50 elementor-top-column elementor-element elementor-element-f7c89a1\" data-id=\"f7c89a1\" data-element_type=\"column\">\n\t\t\t<div class=\"elementor-widget-wrap elementor-element-populated\">\n\t\t\t\t\t\t\t\t<div class=\"elementor-element elementor-element-f5bf0ae elementor-widget elementor-widget-text-editor\" data-id=\"f5bf0ae\" data-element_type=\"widget\" data-widget_type=\"text-editor.default\">\n\t\t\t\t<div class=\"elementor-widget-container\">\n\t\t\t<style>\/*! elementor - v3.16.0 - 17-10-2023 *\/\n.elementor-widget-text-editor.elementor-drop-cap-view-stacked .elementor-drop-cap{background-color:#69727d;color:#fff}.elementor-widget-text-editor.elementor-drop-cap-view-framed .elementor-drop-cap{color:#69727d;border:3px solid;background-color:transparent}.elementor-widget-text-editor:not(.elementor-drop-cap-view-default) .elementor-drop-cap{margin-top:8px}.elementor-widget-text-editor:not(.elementor-drop-cap-view-default) .elementor-drop-cap-letter{width:1em;height:1em}.elementor-widget-text-editor .elementor-drop-cap{float:left;text-align:center;line-height:1;font-size:50px}.elementor-widget-text-editor .elementor-drop-cap-letter{display:inline-block}<\/style>\t\t\t\t<h2><strong>WHAT IS A DENTAL IMPLANT?<\/strong><\/h2><p>A\u00a0<strong>dental implant<\/strong>\u00a0is a screw made of a biocompatible, synthetic material, specifically titanium, which is surgically placed into the bone to serve as the base for a subsequent prosthesis to rehabilitate the missing tooth. The implant undergoes a surface roughening treatment to ensure the union between the implant and the bone.<\/p><p>There are three main parts of a restored crown with a dental implant: The screw (implant), the connector (abutment), and the crown on the implant (which provides functionality and aesthetics).<\/p><p>Unlike conventional prostheses, dental implants offer greater fixation and therefore much more comfort for the patient. There are many types of implants, depending on diameter, length, material surface, and more. The crowns on implants can be cemented (fixed) or screwed (fixed but removable if desired).\u00a0<a href=\"https:\/\/estudidentalbarcelona.com\/tipos-de-coronas-dentales-sobre-implantes\/\">coronas<\/a>\u00a0sobre los implantes pueden estar cementadas (de forma fija) o atornilladas (de forma fija pero con la posibilidad de removerse, si se desea).\u00a0<\/p>\t\t\t\t\t\t<\/div>\n\t\t\t\t<\/div>\n\t\t\t\t\t<\/div>\n\t\t<\/div>\n\t\t\t\t<div class=\"elementor-column elementor-col-50 elementor-top-column elementor-element elementor-element-f7c8788\" data-id=\"f7c8788\" data-element_type=\"column\">\n\t\t\t<div class=\"elementor-widget-wrap elementor-element-populated\">\n\t\t\t\t\t\t\t\t<div class=\"elementor-element elementor-element-930db0d elementor-widget elementor-widget-video\" data-id=\"930db0d\" data-element_type=\"widget\" data-settings=\"{&quot;youtube_url&quot;:&quot;https:\\\/\\\/youtu.be\\\/StGDPUmDZ5w&quot;,&quot;video_type&quot;:&quot;youtube&quot;,&quot;controls&quot;:&quot;yes&quot;}\" data-widget_type=\"video.default\">\n\t\t\t\t<div class=\"elementor-widget-container\">\n\t\t\t<style>\/*! elementor - v3.16.0 - 17-10-2023 *\/\n.elementor-widget-video .elementor-widget-container{overflow:hidden;transform:translateZ(0)}.elementor-widget-video .elementor-wrapper{aspect-ratio:var(--video-aspect-ratio)}.elementor-widget-video .elementor-wrapper iframe,.elementor-widget-video .elementor-wrapper video{height:100%;width:100%;display:flex;border:none;background-color:#000}@supports not (aspect-ratio:1\/1){.elementor-widget-video .elementor-wrapper{position:relative;overflow:hidden;height:0;padding-bottom:calc(100% \/ var(--video-aspect-ratio))}.elementor-widget-video .elementor-wrapper iframe,.elementor-widget-video .elementor-wrapper video{position:absolute;top:0;right:0;bottom:0;left:0}}.elementor-widget-video .elementor-open-inline .elementor-custom-embed-image-overlay{position:absolute;top:0;right:0;bottom:0;left:0;background-size:cover;background-position:50%}.elementor-widget-video .elementor-custom-embed-image-overlay{cursor:pointer;text-align:center}.elementor-widget-video .elementor-custom-embed-image-overlay:hover .elementor-custom-embed-play i{opacity:1}.elementor-widget-video .elementor-custom-embed-image-overlay img{display:block;width:100%;aspect-ratio:var(--video-aspect-ratio);-o-object-fit:cover;object-fit:cover;-o-object-position:center center;object-position:center center}@supports not (aspect-ratio:1\/1){.elementor-widget-video .elementor-custom-embed-image-overlay{position:relative;overflow:hidden;height:0;padding-bottom:calc(100% \/ var(--video-aspect-ratio))}.elementor-widget-video .elementor-custom-embed-image-overlay img{position:absolute;top:0;right:0;bottom:0;left:0}}.elementor-widget-video .e-hosted-video .elementor-video{-o-object-fit:cover;object-fit:cover}.e-con-inner>.elementor-widget-video,.e-con>.elementor-widget-video{width:var(--container-widget-width);--flex-grow:var(--container-widget-flex-grow)}<\/style>\t\t<div class=\"elementor-wrapper elementor-open-inline\">\n\t\t\t<div class=\"elementor-video\"><\/div>\t\t<\/div>\n\t\t\t\t<\/div>\n\t\t\t\t<\/div>\n\t\t\t\t\t<\/div>\n\t\t<\/div>\n\t\t\t\t\t\t\t<\/div>\n\t\t<\/section>\n\t\t\t\t<section class=\"elementor-section elementor-top-section elementor-element elementor-element-7ae4ac06 elementor-section-full_width elementor-section-height-default elementor-section-height-default mkdf-parallax-row-no mkdf-content-aligment-left mkdf-elementor-row-grid-no mkdf-disabled-bg-image-bellow-no\" data-id=\"7ae4ac06\" data-element_type=\"section\">\n\t\t\t\t\t\t<div class=\"elementor-container elementor-column-gap-default\">\n\t\t\t\t\t<div class=\"elementor-column elementor-col-100 elementor-top-column elementor-element elementor-element-60c22fa7\" data-id=\"60c22fa7\" data-element_type=\"column\">\n\t\t\t<div class=\"elementor-widget-wrap elementor-element-populated\">\n\t\t\t\t\t\t\t\t<div class=\"elementor-element elementor-element-7a2a46db elementor-widget elementor-widget-image\" data-id=\"7a2a46db\" data-element_type=\"widget\" data-widget_type=\"image.default\">\n\t\t\t\t<div class=\"elementor-widget-container\">\n\t\t\t<style>\/*! elementor - v3.16.0 - 17-10-2023 *\/\n.elementor-widget-image{text-align:center}.elementor-widget-image a{display:inline-block}.elementor-widget-image a img[src$=\".svg\"]{width:48px}.elementor-widget-image img{vertical-align:middle;display:inline-block}<\/style>\t\t\t\t\t\t\t\t\t\t\t\t<img loading=\"lazy\" decoding=\"async\" width=\"1000\" height=\"1000\" src=\"https:\/\/rafaelmantillaserrano.com\/wp-content\/uploads\/2025\/03\/dental_implants.jpg\" class=\"attachment-full size-full wp-image-16395\" alt=\"\" srcset=\"https:\/\/rafaelmantillaserrano.com\/wp-content\/uploads\/2025\/03\/dental_implants.jpg 1000w, https:\/\/rafaelmantillaserrano.com\/wp-content\/uploads\/2025\/03\/dental_implants-300x300.jpg 300w, https:\/\/rafaelmantillaserrano.com\/wp-content\/uploads\/2025\/03\/dental_implants-150x150.jpg 150w, https:\/\/rafaelmantillaserrano.com\/wp-content\/uploads\/2025\/03\/dental_implants-768x768.jpg 768w, https:\/\/rafaelmantillaserrano.com\/wp-content\/uploads\/2025\/03\/dental_implants-12x12.jpg 12w, https:\/\/rafaelmantillaserrano.com\/wp-content\/uploads\/2025\/03\/dental_implants-550x550.jpg 550w\" sizes=\"auto, (max-width: 1000px) 100vw, 1000px\" \/>\t\t\t\t\t\t\t\t\t\t\t\t\t\t\t<\/div>\n\t\t\t\t<\/div>\n\t\t\t\t<div class=\"elementor-element elementor-element-2f7bbbe7 elementor-widget elementor-widget-text-editor\" data-id=\"2f7bbbe7\" data-element_type=\"widget\" data-widget_type=\"text-editor.default\">\n\t\t\t\t<div class=\"elementor-widget-container\">\n\t\t\t\t\t\t\t<p>The\u00a0<strong>dental Implantology<\/strong>\u00a0It is the branch of\u00a0<a href=\"https:\/\/es.wikipedia.org\/wiki\/Odontolog%C3%ADa\">dentistry<\/a>\u00a0that focuses on the study, diagnosis, and placement of dental implants into the jawbones. Its goal is to replace missing or poorly prognosed teeth through the surgical placement of an\u00a0<a href=\"https:\/\/es.wikipedia.org\/wiki\/Implante_dental\">implante <\/a>,\u00a0 \u00e9l cual nos sirven de soporte a una corona o rehabilitaci\u00f3n dental.<\/p><p>\u00a0<\/p><h2>WHAT ARE THE PHASES OF DENTAL IMPLANTOLOGY TREATMENT?<\/h2><p>Dental implantology treatment is carried out individually for each patient, which is why a precise diagnosis is essential in order to provide the most suitable treatment.<\/p><ul><li><strong>Study Phase<\/strong>In this stage, a\u00a0<a href=\"https:\/\/estudidentalbarcelona.com\/como-es-el-diagnostico-en-endodoncia\/\">personalized examination<\/a>of each patient's clinical situation. By relying on complementary exams that are extremely helpful for diagnosis (X-rays and CT scans), we can analyze the jawbones, anatomical structures, adjacent teeth, and more. With this information, we can offer patients the most appropriate treatment option for their specific case.<\/li><li><strong>Implant Placement Phase<\/strong>The surgical phase is focused on this stage. A surgical procedure is performed, and with local anesthesia, the implant is placed (approximately 30 minutes per implant). A waiting period of 3 to 6 months (depending on the case) is required for the implant to properly integrate with the bone. During this phase, it is also evaluated whether the patient can wear a temporary tooth anchored directly to the implant (immediate loading).<\/li><li><strong>Oral Rehabilitation Phase<\/strong>During this phase, a series of measurements and tests are carried out to create the crown or prosthesis, which will be either cemented or screwed onto the dental implant, where it will later be placed.<\/li><\/ul><p><strong>\u00a0<\/strong><\/p><p><strong>Delivery Time: <\/strong><\/p><p><strong>\u00a0<\/strong><\/p><ul><li><strong>Between 4 to 12 months, depending on the patient's case.<\/strong><\/li><\/ul><h2>COMPUTER GUIDED IMPLANTS<\/h2><p>Currently, there are two ways to place dental implants. The first, or conventional method, requires making incisions in the gum to access the jawbone, allowing the implants to be placed manually, which demands a high level of skill from the operator. On the other hand, there is a new technique for implant placement known as computer-guided surgery, which allows us to plan and place the implants virtually using specialized software. For this, we ask the patient to undergo a radiographic study through an oral scanner, which provides us with a three-dimensional image of the patient's jawbone. By entering the study data into<br \/>the computer, and thanks to the software, two- and three-dimensional reconstructions of the patient's mouth are generated. At that moment, we can simulate the procedure, allowing us to place the implants in the optimal position to achieve perfect aesthetics and function.<\/p><p><strong>Advantages of Computer-Guided Implant Placement:<\/strong><\/p><ol><li>Alta exactitud y precisi\u00f3n<\/li><li>No requieren incisiones ni colocaci\u00f3n de puntos o suturas<\/li><li>Postoperatorio sin dolor<\/li><li>Procedimientos mucho m\u00e1s r\u00e1pidos<\/li><li>Posibilidad de tener dientes fijos en el mismo d\u00eda del procedimiento.<\/li><\/ol>\t\t\t\t\t\t<\/div>\n\t\t\t\t<\/div>\n\t\t\t\t\t<\/div>\n\t\t<\/div>\n\t\t\t\t\t\t\t<\/div>\n\t\t<\/section>\n\t\t\t\t<section class=\"elementor-section elementor-top-section elementor-element elementor-element-ab4fdf0 elementor-section-full_width mkdf-elementor-row-grid-section elementor-section-height-default elementor-section-height-default mkdf-parallax-row-no mkdf-content-aligment-left mkdf-disabled-bg-image-bellow-no\" data-id=\"ab4fdf0\" data-element_type=\"section\">\n\t\t\t\t\t\t<div class=\"elementor-container elementor-column-gap-default\">\n\t\t\t\t\t<div class=\"elementor-column elementor-col-100 elementor-top-column elementor-element elementor-element-406feb5\" data-id=\"406feb5\" data-element_type=\"column\">\n\t\t\t<div class=\"elementor-widget-wrap elementor-element-populated\">\n\t\t\t\t\t\t\t\t<div class=\"elementor-element elementor-element-eacfd40 elementor-widget elementor-widget-text-editor\" data-id=\"eacfd40\" data-element_type=\"widget\" data-widget_type=\"text-editor.default\">\n\t\t\t\t<div class=\"elementor-widget-container\">\n\t\t\t\t\t\t\t<h3>We can only offer you the Highest Quality Dentistry. <strong>Schedule your appointment easily here!<\/strong><\/h3>\t\t\t\t\t\t<\/div>\n\t\t\t\t<\/div>\n\t\t\t\t<div class=\"elementor-element elementor-element-ad487a0 elementor-widget__width-initial elementor-widget-mobile__width-inherit elementor-widget elementor-widget-text-editor\" data-id=\"ad487a0\" data-element_type=\"widget\" data-widget_type=\"text-editor.default\">\n\t\t\t\t<div class=\"elementor-widget-container\">\n\t\t\t\t\t\t\t<p class=\"translation-block\">Thanks to our extensive experience, today we can only offer you the <b>Highest Quality Dental Services in Bucaramanga<\/b>. Scheduling an appointment with us is always easy\u2014just click the button below.<\/p>\t\t\t\t\t\t<\/div>\n\t\t\t\t<\/div>\n\t\t\t\t<div class=\"elementor-element elementor-element-7442fe6 elementor-widget elementor-widget-spacer\" data-id=\"7442fe6\" data-element_type=\"widget\" data-widget_type=\"spacer.default\">\n\t\t\t\t<div class=\"elementor-widget-container\">\n\t\t\t<style>\/*! elementor - v3.16.0 - 17-10-2023 *\/\n.elementor-column .elementor-spacer-inner{height:var(--spacer-size)}.e-con{--container-widget-width:100%}.e-con-inner>.elementor-widget-spacer,.e-con>.elementor-widget-spacer{width:var(--container-widget-width,var(--spacer-size));--align-self:var(--container-widget-align-self,initial);--flex-shrink:0}.e-con-inner>.elementor-widget-spacer>.elementor-widget-container,.e-con>.elementor-widget-spacer>.elementor-widget-container{height:100%;width:100%}.e-con-inner>.elementor-widget-spacer>.elementor-widget-container>.elementor-spacer,.e-con>.elementor-widget-spacer>.elementor-widget-container>.elementor-spacer{height:100%}.e-con-inner>.elementor-widget-spacer>.elementor-widget-container>.elementor-spacer>.elementor-spacer-inner,.e-con>.elementor-widget-spacer>.elementor-widget-container>.elementor-spacer>.elementor-spacer-inner{height:var(--container-widget-height,var(--spacer-size))}.e-con-inner>.elementor-widget-spacer.elementor-widget-empty,.e-con>.elementor-widget-spacer.elementor-widget-empty{position:relative;min-height:22px;min-width:22px}.e-con-inner>.elementor-widget-spacer.elementor-widget-empty .elementor-widget-empty-icon,.e-con>.elementor-widget-spacer.elementor-widget-empty .elementor-widget-empty-icon{position:absolute;top:0;bottom:0;left:0;right:0;margin:auto;padding:0;width:22px;height:22px}<\/style>\t\t<div class=\"elementor-spacer\">\n\t\t\t<div class=\"elementor-spacer-inner\"><\/div>\n\t\t<\/div>\n\t\t\t\t<\/div>\n\t\t\t\t<\/div>\n\t\t\t\t<div class=\"elementor-element elementor-element-9a73a88 elementor-widget elementor-widget-mkdf_button\" data-id=\"9a73a88\" data-element_type=\"widget\" data-widget_type=\"mkdf_button.default\">\n\t\t\t\t<div class=\"elementor-widget-container\">\n\t\t\t<a itemprop=\"url\" href=\"https:\/\/rafaelmantillaserrano.com\/en\/citas\/\" target=\"_self\"  class=\"mkdf-btn mkdf-btn-medium mkdf-btn-solid mkdf-btn-solid-dark mkdf-btn-icon\"  >\n    <span class=\"mkdf-btn-text\">Schedule an Appointment<\/span>\n    <span class=\"mkdf-btn-icon-holder\">\n        <span class=\"mkdf-btn-icon-normal\" ><i class=\"mkdf-icon-ion-icon ion-chevron-right\" ><\/i><\/span>\n        <span class=\"mkdf-btn-icon-flip\" ><i class=\"mkdf-icon-ion-icon ion-chevron-right\" ><\/i><\/span>\n    <\/span>\n<\/a>\t\t<\/div>\n\t\t\t\t<\/div>\n\t\t\t\t\t<\/div>\n\t\t<\/div>\n\t\t\t\t\t\t\t<\/div>\n\t\t<\/section>\n\t\t\t\t\t\t\t<\/div>","protected":false},"excerpt":{"rendered":"<p>QU\u00c9 ES UN IMPLANTE DENTAL? Un\u00a0implante dental\u00a0es tornillo de un material alopl\u00e1stico (sint\u00e9tico) y biocompatible realizado en titanio que se aplica de forma quir\u00fargica sobre el hueso con la finalidad de servir como base de la pr\u00f3tesis posterior para rehabilitar la ausencia dental. Este ha sido sometido a un tratamiento de rugosidad en su superficie para garantizar la uni\u00f3n entre \u00e9l y el hueso. Se distinguen tres partes principales en la corona restaurada con un implante dental: El tornillo (implante), el conector (pilar) y la corona sobre implante (la que da la funcionalidad y est\u00e9tica). Estos, a diferencia de las pr\u00f3tesis convencionales, proporcionan m\u00e1s fijaci\u00f3n y, por lo tanto, mucha m\u00e1s comodidad para el paciente.\u00a0Existe una multitud de tipos de implantes, dependiendo del di\u00e1metro, la longitud, la superficie del material, etc. Las\u00a0coronas\u00a0sobre los implantes pueden estar cementadas (de forma fija) o atornilladas (de forma fija pero con la posibilidad de removerse, si se desea).\u00a0 https:\/\/youtu.be\/StGDPUmDZ5w La\u00a0implantolog\u00eda dental\u00a0es la disciplina de la\u00a0odontolog\u00eda\u00a0que se ocupa del estudio, diagn\u00f3stico y colocaci\u00f3n de implantes dentales sobre los huesos de maxilares. Tiene como objetivo sustituir dientes perdidos o con mal pronostico mediante la colocaci\u00f3n quir\u00fargica de un\u00a0implante ,\u00a0 \u00e9l cual nos sirven de soporte a una corona o rehabilitaci\u00f3n dental. \u00a0 \u00bfCU\u00c1LES SON LAS FASES DEL TRATAMIENTO DE IMPLANTOLOG\u00cdA DENTAL? El tratamiento de implantolog\u00eda dental se realiza de forma individualizada para cada paciente por lo que debe realizarse un diagn\u00f3stico preciso para poder abordar el mejor tratamiento posible al paciente. Fase de Estudio. En esta etapa se realiza una\u00a0exploraci\u00f3n personalizadade la situaci\u00f3n cl\u00ednica de cada paciente , apoy\u00e1ndonos en ex\u00e1menes complementarias que son de gran ayuda para el diagn\u00f3stico ( Radiograf\u00edas y Tomograf\u00edas) podemos realizar un\u00a0 an\u00e1lisis de los huesos maxilares, estructuras anat\u00f3micas, dientes adyacentes, etc.\u00a0Con esta informaci\u00f3n podemos ofrecerle a los pacientes cual es la alternativa de tratamiento m\u00e1s adecuada para su caso especifico Fase de colocaci\u00f3n del implante. La fase quir\u00fargica se centra en esta etapa. Se realiza una intervenci\u00f3n quir\u00fargica y mediante anestesia local se procede a la colocaci\u00f3n del implante ( 30 mins aprox. por implante) y se espera entre 3 y 6 meses (dependiendo del caso) para que el implante se una de forma adecuada al hueso.\u00a0\u00a0En esta fase se eval\u00faa si el paciente puede llevar en ese mismo momento un diente temporal anclado directamente al implante ( carga inmediata) Fase de Rehabilitaci\u00f3n oral. Durante esta fase se realizan una [&hellip;]<\/p>","protected":false},"author":2,"featured_media":0,"parent":0,"menu_order":0,"comment_status":"closed","ping_status":"closed","template":"","meta":{"_joinchat":[],"footnotes":""},"class_list":["post-16062","page","type-page","status-publish","hentry"],"_links":{"self":[{"href":"https:\/\/rafaelmantillaserrano.com\/en\/wp-json\/wp\/v2\/pages\/16062","targetHints":{"allow":["GET"]}}],"collection":[{"href":"https:\/\/rafaelmantillaserrano.com\/en\/wp-json\/wp\/v2\/pages"}],"about":[{"href":"https:\/\/rafaelmantillaserrano.com\/en\/wp-json\/wp\/v2\/types\/page"}],"author":[{"embeddable":true,"href":"https:\/\/rafaelmantillaserrano.com\/en\/wp-json\/wp\/v2\/users\/2"}],"replies":[{"embeddable":true,"href":"https:\/\/rafaelmantillaserrano.com\/en\/wp-json\/wp\/v2\/comments?post=16062"}],"version-history":[{"count":6,"href":"https:\/\/rafaelmantillaserrano.com\/en\/wp-json\/wp\/v2\/pages\/16062\/revisions"}],"predecessor-version":[{"id":17279,"href":"https:\/\/rafaelmantillaserrano.com\/en\/wp-json\/wp\/v2\/pages\/16062\/revisions\/17279"}],"wp:attachment":[{"href":"https:\/\/rafaelmantillaserrano.com\/en\/wp-json\/wp\/v2\/media?parent=16062"}],"curies":[{"name":"wp","href":"https:\/\/api.w.org\/{rel}","templated":true}]}}